{"id":706510,"date":"2025-08-27T15:56:49","date_gmt":"2025-08-27T12:56:49","guid":{"rendered":"https:\/\/roveyayinevi.com.tr\/index.php\/urun\/dag-golgesi\/"},"modified":"2026-04-03T02:20:30","modified_gmt":"2026-04-02T23:20:30","slug":"dag-golgesi","status":"publish","type":"product","link":"https:\/\/roveyayinevi.com.tr\/index.php\/urun\/dag-golgesi\/","title":{"rendered":"Da\u011f G\u00f6lgesi"},"content":{"rendered":"<p>Ger\u00e7ek; ruh hapishanesinin gardiyan\u0131.Kader; sihirbaz. Zaman; sihir. Kader; \u00f6r\u00fcmcek. Zaman; a\u011f.A\u015fk; her t\u0131rman\u0131\u015fta sizi \u00f6ld\u00fcren bir da\u011f&#8230;\u201cKorku zincirli bir kurttur. Yaln\u0131zca serbest b\u0131rakt\u0131\u011f\u0131n\u0131zda tehlikeli olur.H\u00fcz\u00fcn unutu\u015fta t\u00fckenir. Tek bir g\u00fcl\u00fcmseyi\u015f en amans\u0131z \u00f6fkeyi bile \u00f6ld\u00fcrebilir. Sadece umut sonsuza dek var olur&#8230;\u201dShantaram, Bombay mafyas\u0131n\u0131n bir kolu i\u00e7in sahte belgeler d\u00fczenleyen Avustralyal\u0131 kanun ka\u00e7a\u011f\u0131 Lin\u2019in anlat\u0131m\u0131yla, milyonlarca okuru unutulmaz karakterlerle tan\u0131\u015ft\u0131rd\u0131. Uzun zamand\u0131r beklenen devam roman\u0131Da\u011f G\u00f6lgesi\u2019nde ise Lin farkl\u0131 ku\u015faklardan mafya babalar\u0131 taraf\u0131ndan, yepyeni kurallarla y\u00f6netilen yeni Bombay\u2019da, hayat\u0131na y\u00f6n vermek i\u00e7in \u00e7abal\u0131yor.Shantaram\u2019daki olaylar\u0131n \u00fczerinden iki y\u0131l ge\u00e7mi\u015f ve Lin sevdi\u011fi iki insan\u0131 kaybetmi\u015fti. Babas\u0131 yerine koydu\u011fu Khaderbhai\u2019yi topra\u011fa vermi\u015f, ruh e\u015fi Karla\u2019y\u0131 ise Hintli, yak\u0131\u015f\u0131kl\u0131 bir medya patronuna kapt\u0131rm\u0131\u015ft\u0131.Kay\u0131plar\u0131 bu kadar da de\u011fildi. Bir ka\u00e7ak\u00e7\u0131l\u0131k gezisinden \u015fehre d\u00f6nd\u00fc\u011f\u00fcnde eski arkada\u015flar\u0131n\u0131n \u00e7o\u011funu bulamad\u0131. Yeni mafya patronlar\u0131n\u0131n g\u00fc\u00e7 sava\u015f\u0131, \u015fehirdeki \u015fiddeti giderek t\u0131rmand\u0131r\u0131rken, efsanevi bir ermi\u015f, Lin\u2019in hayata ve a\u015fka bak\u0131\u015f a\u00e7\u0131s\u0131n\u0131 k\u00f6k\u00fcnden de\u011fi\u015ftirecekti. Ama Lin, Ada \u015eehri\u2019nden bir t\u00fcrl\u00fc vazge\u00e7emiyordu. Karla ve \u00f6l\u00fcmc\u00fcl bir yemin buna izin vermiyordu.- Gregory David RobertsKendini ailesine ve yazmaya adamak i\u00e7in 2014 y\u0131l\u0131nda toplumsal ya\u015famdan emekli oldu.<\/p>\n","protected":false},"excerpt":{"rendered":"<p>Ger\u00e7ek; ruh hapishanesinin gardiyan\u0131.Kader; sihirbaz. Zaman; sihir. Kader; \u00f6r\u00fcmcek. Zaman; a\u011f.A\u015fk; her t\u0131rman\u0131\u015fta sizi \u00f6ld\u00fcren bir da\u011f&#8230;\u201cKorku zincirli bir kurttur. Yaln\u0131zca serbest b\u0131rakt\u0131\u011f\u0131n\u0131zda tehlikeli olur.H\u00fcz\u00fcn unutu\u015fta<span class=\"excerpt-hellip\"> [\u2026]<\/span><\/p>\n","protected":false},"featured_media":0,"template":"","meta":{"_monsterinsights_skip_tracking":false,"_monsterinsights_sitenote_active":false,"_monsterinsights_sitenote_note":"","_monsterinsights_sitenote_category":0},"product_brand":[],"product_cat":[12291,12711],"product_tag":[],"class_list":{"0":"post-706510","1":"product","2":"type-product","3":"status-publish","5":"product_cat-edebiyat","6":"product_cat-roman-oyku","7":"pa_cilt-ciltsiz","8":"pa_tur-kitap","9":"pa_yayinevi-artemis-yayinlari","10":"pa_yazar-gregory-david-roberts","12":"first","13":"instock","14":"sale","15":"shipping-taxable","16":"purchasable","17":"product-type-simple"},"_links":{"self":[{"href":"https:\/\/roveyayinevi.com.tr\/index.php\/wp-json\/wp\/v2\/product\/706510","targetHints":{"allow":["GET"]}}],"collection":[{"href":"https:\/\/roveyayinevi.com.tr\/index.php\/wp-json\/wp\/v2\/product"}],"about":[{"href":"https:\/\/roveyayinevi.com.tr\/index.php\/wp-json\/wp\/v2\/types\/product"}],"wp:attachment":[{"href":"https:\/\/roveyayinevi.com.tr\/index.php\/wp-json\/wp\/v2\/media?parent=706510"}],"wp:term":[{"taxonomy":"product_brand","embeddable":true,"href":"https:\/\/roveyayinevi.com.tr\/index.php\/wp-json\/wp\/v2\/product_brand?post=706510"},{"taxonomy":"product_cat","embeddable":true,"href":"https:\/\/roveyayinevi.com.tr\/index.php\/wp-json\/wp\/v2\/product_cat?post=706510"},{"taxonomy":"product_tag","embeddable":true,"href":"https:\/\/roveyayinevi.com.tr\/index.php\/wp-json\/wp\/v2\/product_tag?post=706510"}],"curies":[{"name":"wp","href":"https:\/\/api.w.org\/{rel}","templated":true}]}}