{"id":706509,"date":"2025-08-27T15:56:48","date_gmt":"2025-08-27T12:56:48","guid":{"rendered":"https:\/\/roveyayinevi.com.tr\/index.php\/urun\/uzak-yildizlar\/"},"modified":"2025-09-22T10:25:31","modified_gmt":"2025-09-22T07:25:31","slug":"uzak-yildizlar","status":"publish","type":"product","link":"https:\/\/roveyayinevi.com.tr\/index.php\/urun\/uzak-yildizlar\/","title":{"rendered":"Uzak Y\u0131ld\u0131zlar"},"content":{"rendered":"<p>ONLAR FARKLI MASALLARIN KAHRAMANIYDI. AYNI YILDIZLARIN ALTINDA BENZER B\u0130R GELECE\u011e\u0130N D\u00dc\u015e\u00dcN\u00dc KURDULAR.Ay G\u00fcnl\u00fckleri evreninde pek \u00e7ok muhte\u015fem, \u015fiddet dolu ve romantik hik\u00e2ye gizli. Ve tabii s\u0131rlar da. Cinder, Yeni Pekin\u2019e nas\u0131l geldi? Krali\u00e7e\u2019nin askeri Wolf, nas\u0131l oldu da gen\u00e7 bir adamdan bir katile d\u00f6n\u00fc\u015ft\u00fc? Prenses Winter ve saray muhaf\u0131z\u0131 Jacin, onlar\u0131 bekleyen gelece\u011fi ilk ne zaman fark etti?Be\u015fi daha \u00f6nce hi\u00e7 yay\u0131nlanmam\u0131\u015f dokuz hik\u00e2ye ve Alice Harikalar Diyar\u0131nda\u2019n\u0131n Kupa Krali\u00e7esi\u2019ni konu alan bir sonraki Marissa Meyer roman\u0131 Kalpsiz\u2019den, yine daha \u00f6nce hi\u00e7 yay\u0131nlanmam\u0131\u015f b\u00f6l\u00fcmler i\u00e7eren Uzak Y\u0131ld\u0131zlar, \u00e7ok satan ve bununla da kalmayarak \u00e7ok sevilen \u201cAy G\u00fcnl\u00fckleri\u201d serisinin okurlar\u0131 i\u00e7in vazge\u00e7ilmez bir kitap. <\/p>\n","protected":false},"excerpt":{"rendered":"<p>ONLAR FARKLI MASALLARIN KAHRAMANIYDI. AYNI YILDIZLARIN ALTINDA BENZER B\u0130R GELECE\u011e\u0130N D\u00dc\u015e\u00dcN\u00dc KURDULAR.Ay G\u00fcnl\u00fckleri evreninde pek \u00e7ok muhte\u015fem, \u015fiddet dolu ve romantik hik\u00e2ye gizli. Ve tabii s\u0131rlar<span class=\"excerpt-hellip\"> [\u2026]<\/span><\/p>\n","protected":false},"featured_media":0,"template":"","meta":{"_monsterinsights_skip_tracking":false,"_monsterinsights_sitenote_active":false,"_monsterinsights_sitenote_note":"","_monsterinsights_sitenote_category":0},"product_brand":[],"product_cat":[12291,14777],"product_tag":[],"class_list":{"0":"post-706509","1":"product","2":"type-product","3":"status-publish","5":"product_cat-edebiyat","6":"product_cat-fantastik","7":"pa_cilt-ciltsiz","8":"pa_tur-kitap","9":"pa_yayinevi-artemis-yayinlari","10":"pa_yazar-marissa-meyer","12":"first","13":"instock","14":"sale","15":"shipping-taxable","16":"purchasable","17":"product-type-simple"},"_links":{"self":[{"href":"https:\/\/roveyayinevi.com.tr\/index.php\/wp-json\/wp\/v2\/product\/706509","targetHints":{"allow":["GET"]}}],"collection":[{"href":"https:\/\/roveyayinevi.com.tr\/index.php\/wp-json\/wp\/v2\/product"}],"about":[{"href":"https:\/\/roveyayinevi.com.tr\/index.php\/wp-json\/wp\/v2\/types\/product"}],"wp:attachment":[{"href":"https:\/\/roveyayinevi.com.tr\/index.php\/wp-json\/wp\/v2\/media?parent=706509"}],"wp:term":[{"taxonomy":"product_brand","embeddable":true,"href":"https:\/\/roveyayinevi.com.tr\/index.php\/wp-json\/wp\/v2\/product_brand?post=706509"},{"taxonomy":"product_cat","embeddable":true,"href":"https:\/\/roveyayinevi.com.tr\/index.php\/wp-json\/wp\/v2\/product_cat?post=706509"},{"taxonomy":"product_tag","embeddable":true,"href":"https:\/\/roveyayinevi.com.tr\/index.php\/wp-json\/wp\/v2\/product_tag?post=706509"}],"curies":[{"name":"wp","href":"https:\/\/api.w.org\/{rel}","templated":true}]}}