{"id":706508,"date":"2025-08-27T15:56:48","date_gmt":"2025-08-27T12:56:48","guid":{"rendered":"https:\/\/roveyayinevi.com.tr\/index.php\/urun\/catwoman-ile-saymayi-ogreniyorum\/"},"modified":"2026-04-16T02:15:01","modified_gmt":"2026-04-15T23:15:01","slug":"catwoman-ile-saymayi-ogreniyorum","status":"publish","type":"product","link":"https:\/\/roveyayinevi.com.tr\/index.php\/urun\/catwoman-ile-saymayi-ogreniyorum\/","title":{"rendered":"Catwoman ile Saymay\u0131 \u00d6\u011freniyorum"},"content":{"rendered":"<p>Gotham \u015eehri tehlikede -\u00c7\u00fcnk\u00fc Catwoman sokaklarda! Batman, say\u0131lar\u0131 yeni \u00f6\u011frenmeye ba\u015flayan ufakl\u0131klarla birlikte kedi h\u0131rs\u0131z\u0131n pe\u015fine d\u00fc\u015f\u00fcyor.Kar\u015f\u0131s\u0131na \u00e7\u0131kan say\u0131lar\u0131 not almay\u0131 da ihmal etmiyor.<\/p>\n","protected":false},"excerpt":{"rendered":"<p>Gotham \u015eehri tehlikede -\u00c7\u00fcnk\u00fc Catwoman sokaklarda! Batman, say\u0131lar\u0131 yeni \u00f6\u011frenmeye ba\u015flayan ufakl\u0131klarla birlikte kedi h\u0131rs\u0131z\u0131n pe\u015fine d\u00fc\u015f\u00fcyor.Kar\u015f\u0131s\u0131na \u00e7\u0131kan say\u0131lar\u0131 not almay\u0131 da ihmal etmiyor.<\/p>\n","protected":false},"featured_media":0,"template":"","meta":{"_monsterinsights_skip_tracking":false,"_monsterinsights_sitenote_active":false,"_monsterinsights_sitenote_note":"","_monsterinsights_sitenote_category":0},"product_brand":[],"product_cat":[12554,12274],"product_tag":[],"class_list":{"0":"post-706508","1":"product","2":"type-product","3":"status-publish","5":"product_cat-cikartmali-kitaplar","6":"product_cat-cocuk-ve-genclik-kitaplari","7":"pa_cilt-ciltsiz","8":"pa_tur-kitap","9":"pa_yayinevi-artemis-yayinlari","10":"pa_yazar-ethen-beavers","12":"first","13":"instock","14":"sale","15":"shipping-taxable","16":"purchasable","17":"product-type-simple"},"_links":{"self":[{"href":"https:\/\/roveyayinevi.com.tr\/index.php\/wp-json\/wp\/v2\/product\/706508","targetHints":{"allow":["GET"]}}],"collection":[{"href":"https:\/\/roveyayinevi.com.tr\/index.php\/wp-json\/wp\/v2\/product"}],"about":[{"href":"https:\/\/roveyayinevi.com.tr\/index.php\/wp-json\/wp\/v2\/types\/product"}],"wp:attachment":[{"href":"https:\/\/roveyayinevi.com.tr\/index.php\/wp-json\/wp\/v2\/media?parent=706508"}],"wp:term":[{"taxonomy":"product_brand","embeddable":true,"href":"https:\/\/roveyayinevi.com.tr\/index.php\/wp-json\/wp\/v2\/product_brand?post=706508"},{"taxonomy":"product_cat","embeddable":true,"href":"https:\/\/roveyayinevi.com.tr\/index.php\/wp-json\/wp\/v2\/product_cat?post=706508"},{"taxonomy":"product_tag","embeddable":true,"href":"https:\/\/roveyayinevi.com.tr\/index.php\/wp-json\/wp\/v2\/product_tag?post=706508"}],"curies":[{"name":"wp","href":"https:\/\/api.w.org\/{rel}","templated":true}]}}