{"id":706506,"date":"2025-08-27T15:56:47","date_gmt":"2025-08-27T12:56:47","guid":{"rendered":"https:\/\/roveyayinevi.com.tr\/index.php\/urun\/erik-agaci\/"},"modified":"2026-04-16T02:15:01","modified_gmt":"2026-04-15T23:15:01","slug":"erik-agaci","status":"publish","type":"product","link":"https:\/\/roveyayinevi.com.tr\/index.php\/urun\/erik-agaci\/","title":{"rendered":"Erik A\u011fac\u0131"},"content":{"rendered":"<p>K\u00f6klerin neredeyse orada \u00e7i\u00e7ek a\u00e7ars\u0131n\u2026B\u00fcy\u00fckannemin s\u00f6yledi\u011fi en g\u00fczel s\u00f6zd\u00fc bu. \u00c7\u00fcnk\u00fc k\u00f6k\u00fcn ne kadar g\u00fc\u00e7l\u00fc olursa verece\u011fin meyve de o kadar g\u00fczel olur. Ancak benim meyve verecek dallar\u0131m\u0131 daha on yedi ya\u015f\u0131ndayken k\u0131rd\u0131lar. D\u00fcn ile bug\u00fcn aras\u0131nda \u00f6yle \u00e7ok fark var ki. Isaac ile erik a\u011fa\u00e7lar\u0131n\u0131n aras\u0131nda ko\u015fturup, birlikte b\u00fcy\u00fcd\u00fc\u011f\u00fcm\u00fcz k\u00fc\u00e7\u00fck Alman k\u00f6y\u00fcne r\u00fczg\u00e2rl\u0131 tepeden bakt\u0131\u011f\u0131m\u0131z g\u00fcnler \u00e7ok mu geride kald\u0131 \u015fimdi?1938 y\u0131l\u0131n\u0131n sonbahar\u0131, neden sava\u015f\u0131 beraberinde getirdi ki? S\u00fcrekli kula\u011f\u0131mda yank\u0131lanan bomba ve siren seslerini kim silecek? Ailem ve ben s\u0131\u011f\u0131na\u011fa tam vaktinde gidebilecek miyiz d\u00fc\u015f\u00fcncesinden ne zaman kurtulaca\u011f\u0131m peki?Neyi \u00f6zl\u00fcyorum biliyor musunuz? Isaac ile birlikte yumu\u015fac\u0131k ekmek \u00fczerine s\u00fcr\u00fcp yedi\u011fimiz erik re\u00e7elinin tad\u0131n\u0131. O erik re\u00e7eli benim \u00e7ocuklu\u011fum, hayallerim ve umutlar\u0131md\u0131. Ah Isaac. \u0130nan\u00e7lar\u0131m\u0131z y\u00fcz\u00fcnden bu sava\u015f bizi ay\u0131rsa da kalbimdeki seni nas\u0131l alacaklar? Ben, Christine B\u00f6lz, her neredeysen orada senin yan\u0131nday\u0131m. Seni seviyorum, sevgilim ve senden hi\u00e7 vazge\u00e7meyece\u011fim. Hem a\u015fk i\u00e7in kimler neleri feda etmedi ki\u2026Ard\u0131mda Kalanlar ile g\u00f6n\u00fclleri fetheden Ellen Marie Wiseman, bu kez Erik A\u011fac\u0131 ile okuyucular\u0131yla bulu\u015fuyor. Annesinin hayat\u0131na dayanan hik\u00e2ye cesareti, kurtulu\u015fu, kalp k\u0131r\u0131kl\u0131klar\u0131n\u0131 ve a\u015fkla uyanan umudu m\u00fcthi\u015f bir ger\u00e7eklikle anlat\u0131yor.<\/p>\n","protected":false},"excerpt":{"rendered":"<p>K\u00f6klerin neredeyse orada \u00e7i\u00e7ek a\u00e7ars\u0131n\u2026B\u00fcy\u00fckannemin s\u00f6yledi\u011fi en g\u00fczel s\u00f6zd\u00fc bu. \u00c7\u00fcnk\u00fc k\u00f6k\u00fcn ne kadar g\u00fc\u00e7l\u00fc olursa verece\u011fin meyve de o kadar g\u00fczel olur. Ancak benim meyve<span class=\"excerpt-hellip\"> [\u2026]<\/span><\/p>\n","protected":false},"featured_media":0,"template":"","meta":{"_monsterinsights_skip_tracking":false,"_monsterinsights_sitenote_active":false,"_monsterinsights_sitenote_note":"","_monsterinsights_sitenote_category":0},"product_brand":[],"product_cat":[12291,12711],"product_tag":[],"class_list":{"0":"post-706506","1":"product","2":"type-product","3":"status-publish","5":"product_cat-edebiyat","6":"product_cat-roman-oyku","7":"pa_cilt-ciltsiz","8":"pa_tur-kitap","9":"pa_yayinevi-arkadya-yayinlari","10":"pa_yazar-ellen-marie-wiseman","12":"first","13":"instock","14":"sale","15":"shipping-taxable","16":"purchasable","17":"product-type-simple"},"_links":{"self":[{"href":"https:\/\/roveyayinevi.com.tr\/index.php\/wp-json\/wp\/v2\/product\/706506","targetHints":{"allow":["GET"]}}],"collection":[{"href":"https:\/\/roveyayinevi.com.tr\/index.php\/wp-json\/wp\/v2\/product"}],"about":[{"href":"https:\/\/roveyayinevi.com.tr\/index.php\/wp-json\/wp\/v2\/types\/product"}],"wp:attachment":[{"href":"https:\/\/roveyayinevi.com.tr\/index.php\/wp-json\/wp\/v2\/media?parent=706506"}],"wp:term":[{"taxonomy":"product_brand","embeddable":true,"href":"https:\/\/roveyayinevi.com.tr\/index.php\/wp-json\/wp\/v2\/product_brand?post=706506"},{"taxonomy":"product_cat","embeddable":true,"href":"https:\/\/roveyayinevi.com.tr\/index.php\/wp-json\/wp\/v2\/product_cat?post=706506"},{"taxonomy":"product_tag","embeddable":true,"href":"https:\/\/roveyayinevi.com.tr\/index.php\/wp-json\/wp\/v2\/product_tag?post=706506"}],"curies":[{"name":"wp","href":"https:\/\/api.w.org\/{rel}","templated":true}]}}