{"id":706497,"date":"2025-08-27T15:56:44","date_gmt":"2025-08-27T12:56:44","guid":{"rendered":"https:\/\/roveyayinevi.com.tr\/index.php\/urun\/denizci-sinbadin-maceralari\/"},"modified":"2026-04-16T02:15:01","modified_gmt":"2026-04-15T23:15:01","slug":"denizci-sinbadin-maceralari","status":"publish","type":"product","link":"https:\/\/roveyayinevi.com.tr\/index.php\/urun\/denizci-sinbadin-maceralari\/","title":{"rendered":"Denizci Sinbad\u2019\u0131n Maceralar\u0131"},"content":{"rendered":"<p>Denizci Sinbad\u2019\u0131n Maceralar\u0131Denizci Sinbad\u2019\u0131n Maceralar\u0131, Binbir Gece Masallar\u0131ndan uyarlanm\u0131\u015ft\u0131r.Sinbad, ancak a\u00e7\u0131k denizlerde ger\u00e7ekten mutlu olabilir. Sert f\u0131rt\u0131nalar, devasa balinalar, \u00e7irkin devler, korkun\u00e7 y\u0131lanlarla kar\u015f\u0131la\u015f\u0131r ama t\u00fcm bu tehlikeleri atlat\u0131r. Peki \u015fans ona hep g\u00fclecek mi?<\/p>\n","protected":false},"excerpt":{"rendered":"<p>Denizci Sinbad\u2019\u0131n Maceralar\u0131Denizci Sinbad\u2019\u0131n Maceralar\u0131, Binbir Gece Masallar\u0131ndan uyarlanm\u0131\u015ft\u0131r.Sinbad, ancak a\u00e7\u0131k denizlerde ger\u00e7ekten mutlu olabilir. Sert f\u0131rt\u0131nalar, devasa balinalar, \u00e7irkin devler, korkun\u00e7 y\u0131lanlarla kar\u015f\u0131la\u015f\u0131r ama t\u00fcm<span class=\"excerpt-hellip\"> [\u2026]<\/span><\/p>\n","protected":false},"featured_media":0,"template":"","meta":{"_monsterinsights_skip_tracking":false,"_monsterinsights_sitenote_active":false,"_monsterinsights_sitenote_note":"","_monsterinsights_sitenote_category":0},"product_brand":[],"product_cat":[12274,12467],"product_tag":[],"class_list":{"0":"post-706497","1":"product","2":"type-product","3":"status-publish","5":"product_cat-cocuk-ve-genclik-kitaplari","6":"product_cat-dunya-klasikleri","7":"pa_cilt-ciltsiz","8":"pa_tur-kitap","9":"pa_yayinevi-arkadas-yayinlari","10":"pa_yazar-katie-daynes","12":"first","13":"instock","14":"sale","15":"shipping-taxable","16":"purchasable","17":"product-type-simple"},"_links":{"self":[{"href":"https:\/\/roveyayinevi.com.tr\/index.php\/wp-json\/wp\/v2\/product\/706497","targetHints":{"allow":["GET"]}}],"collection":[{"href":"https:\/\/roveyayinevi.com.tr\/index.php\/wp-json\/wp\/v2\/product"}],"about":[{"href":"https:\/\/roveyayinevi.com.tr\/index.php\/wp-json\/wp\/v2\/types\/product"}],"wp:attachment":[{"href":"https:\/\/roveyayinevi.com.tr\/index.php\/wp-json\/wp\/v2\/media?parent=706497"}],"wp:term":[{"taxonomy":"product_brand","embeddable":true,"href":"https:\/\/roveyayinevi.com.tr\/index.php\/wp-json\/wp\/v2\/product_brand?post=706497"},{"taxonomy":"product_cat","embeddable":true,"href":"https:\/\/roveyayinevi.com.tr\/index.php\/wp-json\/wp\/v2\/product_cat?post=706497"},{"taxonomy":"product_tag","embeddable":true,"href":"https:\/\/roveyayinevi.com.tr\/index.php\/wp-json\/wp\/v2\/product_tag?post=706497"}],"curies":[{"name":"wp","href":"https:\/\/api.w.org\/{rel}","templated":true}]}}