{"id":706492,"date":"2025-08-27T15:56:42","date_gmt":"2025-08-27T12:56:42","guid":{"rendered":"https:\/\/roveyayinevi.com.tr\/index.php\/urun\/yazim-kilavuzu-3\/"},"modified":"2026-04-16T02:15:01","modified_gmt":"2026-04-15T23:15:01","slug":"yazim-kilavuzu-3","status":"publish","type":"product","link":"https:\/\/roveyayinevi.com.tr\/index.php\/urun\/yazim-kilavuzu-3\/","title":{"rendered":"Yaz\u0131m K\u0131lavuzu"},"content":{"rendered":"<p>\u0130lk\u00f6\u011fretim \u0130mla K\u0131lavuzu, T\u00fcrk Dil Kurumu\u2019nun benimsedi\u011fi yaz\u0131m kurallar\u0131na uygun olarak titizlikle haz\u0131rlanm\u0131\u015ft\u0131r. E\u011fitim kurumlar\u0131nda yayg\u0131n olarak T\u00fcrk Dil Kurumu taraf\u0131ndan haz\u0131rlanan k\u0131lavuz kullan\u0131ld\u0131\u011f\u0131 i\u00e7in \u00f6\u011frencilerimize kolayl\u0131k sa\u011flamas\u0131 d\u00fc\u015f\u00fcn\u00fclerek farkl\u0131 yaz\u0131mlar\u0131 olan s\u00f6zc\u00fcklerin T\u00fcrk Dil Kurumu iml\u00e2 k\u0131lavuzunda benimsenen yaz\u0131m\u0131 italik (e\u011fik) yaz\u0131 tipi ile g\u00f6sterilmi\u015ftir. Bu \u00e7al\u0131\u015fman\u0131n, \u00f6\u011frencilerimize T\u00fcrk\u00e7eyi do\u011fru kullanmalar\u0131 konusunda iyi bir k\u0131lavuz olaca\u011f\u0131na inan\u0131yoruz. Ayr\u0131ca yay\u0131nevimiz \u00e7ocuklar\u0131m\u0131z\u0131n e\u011fitimine destek vermek i\u00e7in ve bu de\u011ferli \u00e7al\u0131\u015fmadan t\u00fcm \u00f6\u011frencilerimiz faydalanabilsin diye \u00e7ok uygun fiyatla sat\u0131\u015fa sunuyor.<\/p>\n","protected":false},"excerpt":{"rendered":"<p>\u0130lk\u00f6\u011fretim \u0130mla K\u0131lavuzu, T\u00fcrk Dil Kurumu\u2019nun benimsedi\u011fi yaz\u0131m kurallar\u0131na uygun olarak titizlikle haz\u0131rlanm\u0131\u015ft\u0131r. E\u011fitim kurumlar\u0131nda yayg\u0131n olarak T\u00fcrk Dil Kurumu taraf\u0131ndan haz\u0131rlanan k\u0131lavuz kullan\u0131ld\u0131\u011f\u0131 i\u00e7in \u00f6\u011frencilerimize<span class=\"excerpt-hellip\"> [\u2026]<\/span><\/p>\n","protected":false},"featured_media":0,"template":"","meta":{"_monsterinsights_skip_tracking":false,"_monsterinsights_sitenote_active":false,"_monsterinsights_sitenote_note":"","_monsterinsights_sitenote_category":0},"product_brand":[],"product_cat":[12566,13611,21471],"product_tag":[],"class_list":{"0":"post-706492","1":"product","2":"type-product","3":"status-publish","5":"product_cat-egitim","6":"product_cat-sozlukler-ve-konusma-kilavuzlari","7":"product_cat-yazim-kilavuzlari","8":"pa_cilt-ciltsiz","9":"pa_tur-kitap","10":"pa_yayinevi-arkadas-yayinlari","11":"pa_yazar-selen-yagci","13":"first","14":"instock","15":"sale","16":"shipping-taxable","17":"purchasable","18":"product-type-simple"},"_links":{"self":[{"href":"https:\/\/roveyayinevi.com.tr\/index.php\/wp-json\/wp\/v2\/product\/706492","targetHints":{"allow":["GET"]}}],"collection":[{"href":"https:\/\/roveyayinevi.com.tr\/index.php\/wp-json\/wp\/v2\/product"}],"about":[{"href":"https:\/\/roveyayinevi.com.tr\/index.php\/wp-json\/wp\/v2\/types\/product"}],"wp:attachment":[{"href":"https:\/\/roveyayinevi.com.tr\/index.php\/wp-json\/wp\/v2\/media?parent=706492"}],"wp:term":[{"taxonomy":"product_brand","embeddable":true,"href":"https:\/\/roveyayinevi.com.tr\/index.php\/wp-json\/wp\/v2\/product_brand?post=706492"},{"taxonomy":"product_cat","embeddable":true,"href":"https:\/\/roveyayinevi.com.tr\/index.php\/wp-json\/wp\/v2\/product_cat?post=706492"},{"taxonomy":"product_tag","embeddable":true,"href":"https:\/\/roveyayinevi.com.tr\/index.php\/wp-json\/wp\/v2\/product_tag?post=706492"}],"curies":[{"name":"wp","href":"https:\/\/api.w.org\/{rel}","templated":true}]}}