{"id":706489,"date":"2025-08-27T15:56:41","date_gmt":"2025-08-27T12:56:41","guid":{"rendered":"https:\/\/roveyayinevi.com.tr\/index.php\/urun\/elektrogitar-metodu\/"},"modified":"2026-04-16T02:15:01","modified_gmt":"2026-04-15T23:15:01","slug":"elektrogitar-metodu","status":"publish","type":"product","link":"https:\/\/roveyayinevi.com.tr\/index.php\/urun\/elektrogitar-metodu\/","title":{"rendered":"Elektrogitar Metodu"},"content":{"rendered":"<p>Elektrogitar Metodu \u2022 Temel Elektrogitar \u00c7alma Tekniklerini \u00d6\u011freten \u2022 Sevilen T\u00fcrk\u00e7e ve Yabanc\u0131 \u015eark\u0131lar\u0131n Sololar\u0131na Yer Verilmi\u015f \u2022 Foto\u011fraf ve Videolarla Desteklenmi\u015f \u2022 T\u00fcm Egzersiz ve \u015eark\u0131lar Nota ve Tab Sistemiyle Yaz\u0131lm\u0131\u015f \u2022 Elektrogitar \u00d6\u011frenmek \u0130steyenler i\u00e7in Haz\u0131rlanm\u0131\u015f Bir Metot Kitab\u0131 Bu kitap, elektrogitar hakk\u0131nda bilinmesi gereken en temel teknik ve teorik bilgileri sunmaktad\u0131r. Elektrogitar\u0131n hangi tarz m\u00fczi\u011fiyle ilgili olursan\u0131z olun, en gereksinim duyaca\u011f\u0131n\u0131z tekniklerle \u00e7alma becerilerini kazand\u0131rmaya y\u00f6nelik haz\u0131rlanm\u0131\u015ft\u0131r. Bu kitapta \u015funlar\u0131 \u00f6\u011freneceksiniz: \u2022 Pena vuru\u015f teknikleri, \u2022 Parmaklar\u0131n tellere bas\u0131\u015f teknikleri \u2022 Bir kez vurulan telden iki ya da \u00fc\u00e7 sesi art arda duyurma\/Ba\u011fl\u0131 nota \u00e7alma (Hammer on ve Pull off teknikleri) \u2022 Teller \u00fczerinde parma\u011f\u0131 kayd\u0131rma (Slide) tekni\u011fi \u2022 Teli esnetme (Bend) tekni\u011fi \u2022 Teli titretme tekni\u011fi (Vibrato) \u2022 \u0130ki ve \u00fc\u00e7 sesli akorlar (Power akor) \u2022 Tam akorlar (Full akor) \u2022 Arpej tekni\u011fi (Pena ve parmak metodu) \u2022 Ritim tekni\u011fi<\/p>\n","protected":false},"excerpt":{"rendered":"<p>Elektrogitar Metodu \u2022 Temel Elektrogitar \u00c7alma Tekniklerini \u00d6\u011freten \u2022 Sevilen T\u00fcrk\u00e7e ve Yabanc\u0131 \u015eark\u0131lar\u0131n Sololar\u0131na Yer Verilmi\u015f \u2022 Foto\u011fraf ve Videolarla Desteklenmi\u015f \u2022 T\u00fcm Egzersiz ve<span class=\"excerpt-hellip\"> [\u2026]<\/span><\/p>\n","protected":false},"featured_media":0,"template":"","meta":{"_monsterinsights_skip_tracking":false,"_monsterinsights_sitenote_active":false,"_monsterinsights_sitenote_note":"","_monsterinsights_sitenote_category":0},"product_brand":[],"product_cat":[14556,20810],"product_tag":[],"class_list":{"0":"post-706489","1":"product","2":"type-product","3":"status-publish","5":"product_cat-muzik","6":"product_cat-ogrenim-kitaplari","7":"pa_cilt-ciltsiz","8":"pa_tur-kitap","9":"pa_yayinevi-arkadas-yayinlari-muzik-kitaplari","10":"pa_yazar-bulent-isbilen","12":"first","13":"instock","14":"sale","15":"shipping-taxable","16":"purchasable","17":"product-type-simple"},"_links":{"self":[{"href":"https:\/\/roveyayinevi.com.tr\/index.php\/wp-json\/wp\/v2\/product\/706489","targetHints":{"allow":["GET"]}}],"collection":[{"href":"https:\/\/roveyayinevi.com.tr\/index.php\/wp-json\/wp\/v2\/product"}],"about":[{"href":"https:\/\/roveyayinevi.com.tr\/index.php\/wp-json\/wp\/v2\/types\/product"}],"wp:attachment":[{"href":"https:\/\/roveyayinevi.com.tr\/index.php\/wp-json\/wp\/v2\/media?parent=706489"}],"wp:term":[{"taxonomy":"product_brand","embeddable":true,"href":"https:\/\/roveyayinevi.com.tr\/index.php\/wp-json\/wp\/v2\/product_brand?post=706489"},{"taxonomy":"product_cat","embeddable":true,"href":"https:\/\/roveyayinevi.com.tr\/index.php\/wp-json\/wp\/v2\/product_cat?post=706489"},{"taxonomy":"product_tag","embeddable":true,"href":"https:\/\/roveyayinevi.com.tr\/index.php\/wp-json\/wp\/v2\/product_tag?post=706489"}],"curies":[{"name":"wp","href":"https:\/\/api.w.org\/{rel}","templated":true}]}}