{"id":706481,"date":"2025-08-27T15:56:37","date_gmt":"2025-08-27T12:56:37","guid":{"rendered":"https:\/\/roveyayinevi.com.tr\/index.php\/urun\/gizemli-oykuler\/"},"modified":"2026-04-16T02:15:01","modified_gmt":"2026-04-15T23:15:01","slug":"gizemli-oykuler","status":"publish","type":"product","link":"https:\/\/roveyayinevi.com.tr\/index.php\/urun\/gizemli-oykuler\/","title":{"rendered":"Gizemli \u00d6yk\u00fcler"},"content":{"rendered":"<p>Kitap Kurdu diye bir \u015feyi daha \u00f6nce duydunuz mu? Kitaplarda anlat\u0131lan her \u00f6yk\u00fcy\u00fc midesine indirmekten b\u00fcy\u00fck keyif al\u0131yor. \u00d6zellikle de macera ve hayalet, heyecan ve s\u0131r koktuklar\u0131nda\u2026 Mert \u00e7ok \u015fansl\u0131. \u00c7at\u0131 kat\u0131nda bir s\u00fcr\u00fc kitab\u0131 ve midesine indirdi\u011fi kitaplar\u0131 anlatan bir kitap kurdu arkada\u015f\u0131 var.Daha \u00f6nce \u201ccesaret s\u0131nav\u0131\u201dndan ge\u00e7mek zorunda kald\u0131n\u0131z m\u0131? Bir hayaletli evden hayaletlerin e\u015fyalar\u0131ndan birini almay\u0131 dener miydiniz? Peki, \u00e7at\u0131 kat\u0131nda bir kilerde kilitli kald\u0131n\u0131z m\u0131? Yan\u0131n\u0131zda bir arkada\u015f\u0131n\u0131z varsa kesinlikle e\u011flenceli olabilir. \u00c7at\u0131 kat\u0131ndaki fareleri kurtarmak ya da hayaletleri yeni evlerine ta\u015f\u0131mak heyecan verici olmal\u0131.Gizemli \u00d6yk\u00fcler, Cornelia Funke\u2019nin be\u015f fantastik \u00f6yk\u00fcs\u00fcnden olu\u015fuyor. Heyecan verici bu harika \u00f6yk\u00fcleri keyifle okuyacaks\u0131n\u0131z.<\/p>\n","protected":false},"excerpt":{"rendered":"<p>Kitap Kurdu diye bir \u015feyi daha \u00f6nce duydunuz mu? Kitaplarda anlat\u0131lan her \u00f6yk\u00fcy\u00fc midesine indirmekten b\u00fcy\u00fck keyif al\u0131yor. \u00d6zellikle de macera ve hayalet, heyecan ve s\u0131r<span class=\"excerpt-hellip\"> [\u2026]<\/span><\/p>\n","protected":false},"featured_media":0,"template":"","meta":{"_monsterinsights_skip_tracking":false,"_monsterinsights_sitenote_active":false,"_monsterinsights_sitenote_note":"","_monsterinsights_sitenote_category":0},"product_brand":[],"product_cat":[12275,12274],"product_tag":[],"class_list":{"0":"post-706481","1":"product","2":"type-product","3":"status-publish","5":"product_cat-6-12-yas-kitaplari","6":"product_cat-cocuk-ve-genclik-kitaplari","7":"pa_cilt-ciltsiz","8":"pa_tur-kitap","9":"pa_yayinevi-arkadas-yayinlari","10":"pa_yazar-cornelia-funke","12":"first","13":"instock","14":"sale","15":"shipping-taxable","16":"purchasable","17":"product-type-simple"},"_links":{"self":[{"href":"https:\/\/roveyayinevi.com.tr\/index.php\/wp-json\/wp\/v2\/product\/706481","targetHints":{"allow":["GET"]}}],"collection":[{"href":"https:\/\/roveyayinevi.com.tr\/index.php\/wp-json\/wp\/v2\/product"}],"about":[{"href":"https:\/\/roveyayinevi.com.tr\/index.php\/wp-json\/wp\/v2\/types\/product"}],"wp:attachment":[{"href":"https:\/\/roveyayinevi.com.tr\/index.php\/wp-json\/wp\/v2\/media?parent=706481"}],"wp:term":[{"taxonomy":"product_brand","embeddable":true,"href":"https:\/\/roveyayinevi.com.tr\/index.php\/wp-json\/wp\/v2\/product_brand?post=706481"},{"taxonomy":"product_cat","embeddable":true,"href":"https:\/\/roveyayinevi.com.tr\/index.php\/wp-json\/wp\/v2\/product_cat?post=706481"},{"taxonomy":"product_tag","embeddable":true,"href":"https:\/\/roveyayinevi.com.tr\/index.php\/wp-json\/wp\/v2\/product_tag?post=706481"}],"curies":[{"name":"wp","href":"https:\/\/api.w.org\/{rel}","templated":true}]}}