{"id":706480,"date":"2025-08-27T15:56:37","date_gmt":"2025-08-27T12:56:37","guid":{"rendered":"https:\/\/roveyayinevi.com.tr\/index.php\/urun\/sinifin-cadisi\/"},"modified":"2026-04-16T02:15:01","modified_gmt":"2026-04-15T23:15:01","slug":"sinifin-cadisi","status":"publish","type":"product","link":"https:\/\/roveyayinevi.com.tr\/index.php\/urun\/sinifin-cadisi\/","title":{"rendered":"S\u0131n\u0131f\u0131n Cad\u0131s\u0131"},"content":{"rendered":"<p>Hay\u0131r olamaz! 2B s\u0131n\u0131f\u0131n\u0131n \u00f6\u011frencileri g\u00f6zlerine inanam\u0131yorlar! S\u0131n\u0131f\u0131n yeni \u00f6\u011frencisi \u0130nci okula filini getirmi\u015f. \u00dcstelik matematik sorular\u0131n\u0131 tuhaf y\u00f6ntemlerle \u00e7\u00f6z\u00fcyor. \u00d6\u011fretmenin sordu\u011fu sorular\u0131 \u00e7\u00f6zerken ya su ayg\u0131rlar\u0131 havada u\u00e7u\u015fmaya ba\u015fl\u0131yor ya da tebe\u015fir kendi kendine tahtaya cevaplar\u0131 yaz\u0131yor. Yeni \u00f6\u011frenci biraz tuhaf m\u0131 ne? \u00c7ok e\u011flenceli oldu\u011fu kesin. Cornelia Funke\u2019nin en sevilen kitab\u0131 S\u0131n\u0131f\u0131n Cad\u0131s\u0131\u2019n\u0131 \u00e7ok seveceksiniz.<\/p>\n","protected":false},"excerpt":{"rendered":"<p>Hay\u0131r olamaz! 2B s\u0131n\u0131f\u0131n\u0131n \u00f6\u011frencileri g\u00f6zlerine inanam\u0131yorlar! S\u0131n\u0131f\u0131n yeni \u00f6\u011frencisi \u0130nci okula filini getirmi\u015f. \u00dcstelik matematik sorular\u0131n\u0131 tuhaf y\u00f6ntemlerle \u00e7\u00f6z\u00fcyor. \u00d6\u011fretmenin sordu\u011fu sorular\u0131 \u00e7\u00f6zerken ya su<span class=\"excerpt-hellip\"> [\u2026]<\/span><\/p>\n","protected":false},"featured_media":0,"template":"","meta":{"_monsterinsights_skip_tracking":false,"_monsterinsights_sitenote_active":false,"_monsterinsights_sitenote_note":"","_monsterinsights_sitenote_category":0},"product_brand":[],"product_cat":[12275,12274],"product_tag":[],"class_list":{"0":"post-706480","1":"product","2":"type-product","3":"status-publish","5":"product_cat-6-12-yas-kitaplari","6":"product_cat-cocuk-ve-genclik-kitaplari","7":"pa_cilt-ciltsiz","8":"pa_tur-kitap","9":"pa_yayinevi-arkadas-yayinlari","10":"pa_yazar-cornelia-funke","12":"first","13":"instock","14":"sale","15":"shipping-taxable","16":"purchasable","17":"product-type-simple"},"_links":{"self":[{"href":"https:\/\/roveyayinevi.com.tr\/index.php\/wp-json\/wp\/v2\/product\/706480","targetHints":{"allow":["GET"]}}],"collection":[{"href":"https:\/\/roveyayinevi.com.tr\/index.php\/wp-json\/wp\/v2\/product"}],"about":[{"href":"https:\/\/roveyayinevi.com.tr\/index.php\/wp-json\/wp\/v2\/types\/product"}],"wp:attachment":[{"href":"https:\/\/roveyayinevi.com.tr\/index.php\/wp-json\/wp\/v2\/media?parent=706480"}],"wp:term":[{"taxonomy":"product_brand","embeddable":true,"href":"https:\/\/roveyayinevi.com.tr\/index.php\/wp-json\/wp\/v2\/product_brand?post=706480"},{"taxonomy":"product_cat","embeddable":true,"href":"https:\/\/roveyayinevi.com.tr\/index.php\/wp-json\/wp\/v2\/product_cat?post=706480"},{"taxonomy":"product_tag","embeddable":true,"href":"https:\/\/roveyayinevi.com.tr\/index.php\/wp-json\/wp\/v2\/product_tag?post=706480"}],"curies":[{"name":"wp","href":"https:\/\/api.w.org\/{rel}","templated":true}]}}