{"id":706479,"date":"2025-08-27T15:56:36","date_gmt":"2025-08-27T12:56:36","guid":{"rendered":"https:\/\/roveyayinevi.com.tr\/index.php\/urun\/sanssiz-cadi\/"},"modified":"2026-04-16T02:15:01","modified_gmt":"2026-04-15T23:15:01","slug":"sanssiz-cadi","status":"publish","type":"product","link":"https:\/\/roveyayinevi.com.tr\/index.php\/urun\/sanssiz-cadi\/","title":{"rendered":"\u015eanss\u0131z Cad\u0131"},"content":{"rendered":"<p>Yasemin \u00c7i\u00e7ek, kurba\u011fas\u0131, ke\u00e7isi ve tavuklar\u0131yla ya\u015fayan sevimli bir cad\u0131d\u0131r. Cad\u0131lar da patates yemek isteyebilir. Fakat \u015fanss\u0131z cad\u0131 Yasemin\u2019in bah\u00e7eden ald\u0131\u011f\u0131 patatesler \u00e7ok k\u00fc\u00e7\u00fck. Neyse ki Yasemin, cad\u0131 g\u00fcc\u00fcn\u00fc kullanarak patatesleri b\u00fcy\u00fctebilir. Fakat \u015fanss\u0131z cad\u0131 oldu\u011funu unutmu\u015f olmal\u0131. Patatesleri b\u00fcy\u00fcrken kendisi k\u00fc\u00e7\u00fcld\u00fc. Yasemin yeni bir b\u00fcy\u00fc yapmak zorunda. Elbette yine \u015fanss\u0131zl\u0131k pe\u015fini b\u0131rakm\u0131yor&#8230;Sa\u00e7lar\u0131 mavi renk olan bir cad\u0131 g\u00f6rd\u00fcn\u00fcz m\u00fc?Cad\u0131 Yasemin\u2019i \u00e7ok seveceksiniz. Cornelia Funke\u2019den macera dolu harika bir \u00f6yk\u00fc.<\/p>\n","protected":false},"excerpt":{"rendered":"<p>Yasemin \u00c7i\u00e7ek, kurba\u011fas\u0131, ke\u00e7isi ve tavuklar\u0131yla ya\u015fayan sevimli bir cad\u0131d\u0131r. Cad\u0131lar da patates yemek isteyebilir. Fakat \u015fanss\u0131z cad\u0131 Yasemin\u2019in bah\u00e7eden ald\u0131\u011f\u0131 patatesler \u00e7ok k\u00fc\u00e7\u00fck. Neyse ki<span class=\"excerpt-hellip\"> [\u2026]<\/span><\/p>\n","protected":false},"featured_media":0,"template":"","meta":{"_monsterinsights_skip_tracking":false,"_monsterinsights_sitenote_active":false,"_monsterinsights_sitenote_note":"","_monsterinsights_sitenote_category":0},"product_brand":[],"product_cat":[12275,12274],"product_tag":[],"class_list":{"0":"post-706479","1":"product","2":"type-product","3":"status-publish","5":"product_cat-6-12-yas-kitaplari","6":"product_cat-cocuk-ve-genclik-kitaplari","7":"pa_cilt-ciltsiz","8":"pa_tur-kitap","9":"pa_yayinevi-arkadas-yayinlari","10":"pa_yazar-cornelia-funke","12":"first","13":"instock","14":"sale","15":"shipping-taxable","16":"purchasable","17":"product-type-simple"},"_links":{"self":[{"href":"https:\/\/roveyayinevi.com.tr\/index.php\/wp-json\/wp\/v2\/product\/706479","targetHints":{"allow":["GET"]}}],"collection":[{"href":"https:\/\/roveyayinevi.com.tr\/index.php\/wp-json\/wp\/v2\/product"}],"about":[{"href":"https:\/\/roveyayinevi.com.tr\/index.php\/wp-json\/wp\/v2\/types\/product"}],"wp:attachment":[{"href":"https:\/\/roveyayinevi.com.tr\/index.php\/wp-json\/wp\/v2\/media?parent=706479"}],"wp:term":[{"taxonomy":"product_brand","embeddable":true,"href":"https:\/\/roveyayinevi.com.tr\/index.php\/wp-json\/wp\/v2\/product_brand?post=706479"},{"taxonomy":"product_cat","embeddable":true,"href":"https:\/\/roveyayinevi.com.tr\/index.php\/wp-json\/wp\/v2\/product_cat?post=706479"},{"taxonomy":"product_tag","embeddable":true,"href":"https:\/\/roveyayinevi.com.tr\/index.php\/wp-json\/wp\/v2\/product_tag?post=706479"}],"curies":[{"name":"wp","href":"https:\/\/api.w.org\/{rel}","templated":true}]}}