{"id":706478,"date":"2025-08-27T15:56:36","date_gmt":"2025-08-27T12:56:36","guid":{"rendered":"https:\/\/roveyayinevi.com.tr\/index.php\/urun\/cehovdan-secme-oykuler\/"},"modified":"2026-04-15T02:20:15","modified_gmt":"2026-04-14T23:20:15","slug":"cehovdan-secme-oykuler","status":"publish","type":"product","link":"https:\/\/roveyayinevi.com.tr\/index.php\/urun\/cehovdan-secme-oykuler\/","title":{"rendered":"\u00c7ehov&#8217;dan Se\u00e7me \u00d6yk\u00fcler"},"content":{"rendered":"<p>T\u00fcrkiye\u2019de daha \u00e7ok Vi\u015fne Bah\u00e7esi, Vanya Day\u0131 gibi tiyatro oyunlar\u0131yla tan\u0131nan Rus yazar Anton Pavlovi\u00e7 \u00c7ehov\u2019un (1860-1904) en \u00f6nemli \u00f6zelliklerinden biri, \u00e7a\u011fda\u015f k\u0131sa \u00f6yk\u00fc t\u00fcr\u00fcn\u00fcn \u00f6nc\u00fclerinden olmas\u0131 ve bu t\u00fcr\u00fcn geli\u015fimine b\u00fcy\u00fck katk\u0131da bulunmas\u0131d\u0131r. Eserleriyle James Joyce\u2019dan Virgina Woolf\u2019a pek \u00e7ok yazar\u0131 etkileyen \u00c7ehov, t\u00fcm d\u00fcnyada b\u00fcy\u00fck ilgi g\u00f6ren eserler kaleme alm\u0131\u015ft\u0131r. \u00c7ehov\u2019dan Se\u00e7me \u00d6yk\u00fcler, yazar\u0131n Mill\u00ee E\u011fitim Bakanl\u0131\u011f\u0131nca okullar i\u00e7in haz\u0131rlanan \u201c100 Temel Eser\u201d listesinde de yer alan komik, ilgin\u00e7 ve bir yandan da \u00f6\u011fretici olan \u00f6yk\u00fclerinden meydana gelen bir se\u00e7ki sunuyor.<\/p>\n","protected":false},"excerpt":{"rendered":"<p>T\u00fcrkiye\u2019de daha \u00e7ok Vi\u015fne Bah\u00e7esi, Vanya Day\u0131 gibi tiyatro oyunlar\u0131yla tan\u0131nan Rus yazar Anton Pavlovi\u00e7 \u00c7ehov\u2019un (1860-1904) en \u00f6nemli \u00f6zelliklerinden biri, \u00e7a\u011fda\u015f k\u0131sa \u00f6yk\u00fc t\u00fcr\u00fcn\u00fcn \u00f6nc\u00fclerinden<span class=\"excerpt-hellip\"> [\u2026]<\/span><\/p>\n","protected":false},"featured_media":0,"template":"","meta":{"_monsterinsights_skip_tracking":false,"_monsterinsights_sitenote_active":false,"_monsterinsights_sitenote_note":"","_monsterinsights_sitenote_category":0},"product_brand":[],"product_cat":[12275,12274],"product_tag":[],"class_list":{"0":"post-706478","1":"product","2":"type-product","3":"status-publish","5":"product_cat-6-12-yas-kitaplari","6":"product_cat-cocuk-ve-genclik-kitaplari","7":"pa_cilt-ciltsiz","8":"pa_tur-kitap","9":"pa_yayinevi-arkadas-yayinlari","10":"pa_yazar-anton-cehov","12":"first","13":"instock","14":"sale","15":"shipping-taxable","16":"purchasable","17":"product-type-simple"},"_links":{"self":[{"href":"https:\/\/roveyayinevi.com.tr\/index.php\/wp-json\/wp\/v2\/product\/706478","targetHints":{"allow":["GET"]}}],"collection":[{"href":"https:\/\/roveyayinevi.com.tr\/index.php\/wp-json\/wp\/v2\/product"}],"about":[{"href":"https:\/\/roveyayinevi.com.tr\/index.php\/wp-json\/wp\/v2\/types\/product"}],"wp:attachment":[{"href":"https:\/\/roveyayinevi.com.tr\/index.php\/wp-json\/wp\/v2\/media?parent=706478"}],"wp:term":[{"taxonomy":"product_brand","embeddable":true,"href":"https:\/\/roveyayinevi.com.tr\/index.php\/wp-json\/wp\/v2\/product_brand?post=706478"},{"taxonomy":"product_cat","embeddable":true,"href":"https:\/\/roveyayinevi.com.tr\/index.php\/wp-json\/wp\/v2\/product_cat?post=706478"},{"taxonomy":"product_tag","embeddable":true,"href":"https:\/\/roveyayinevi.com.tr\/index.php\/wp-json\/wp\/v2\/product_tag?post=706478"}],"curies":[{"name":"wp","href":"https:\/\/api.w.org\/{rel}","templated":true}]}}