{"id":706477,"date":"2025-08-27T15:56:36","date_gmt":"2025-08-27T12:56:36","guid":{"rendered":"https:\/\/roveyayinevi.com.tr\/index.php\/urun\/insan-neyle-yasar-2\/"},"modified":"2026-04-16T02:15:01","modified_gmt":"2026-04-15T23:15:01","slug":"insan-neyle-yasar-2","status":"publish","type":"product","link":"https:\/\/roveyayinevi.com.tr\/index.php\/urun\/insan-neyle-yasar-2\/","title":{"rendered":"\u0130nsan Neyle Ya\u015far"},"content":{"rendered":"<p>\u0130nsan Neyle Ya\u015far\u201c\u015eu ger\u00e7e\u011fi hi\u00e7 unutmay\u0131n, diye s\u00fcrd\u00fcrd\u00fc konu\u015fmas\u0131n\u0131 bilge. En \u00f6nemli zaman, i\u00e7inde bulundu\u011fumuz and\u0131r; \u00e7\u00fcnk\u00fc sadece o anda elimizden bir \u015fey gelebilir. En \u00f6nemli ki\u015fiyse o s\u0131rada kiminle birlikteysek odur. \u00c7\u00fcnk\u00fc ge\u00e7mi\u015f ge\u00e7mi\u015fte kalm\u0131\u015ft\u0131r; gelecekte kar\u015f\u0131la\u015faca\u011f\u0131m\u0131z ki\u015fileriyse kimse bilemez. \u0130\u00e7inde bulundu\u011fumuz zamanda yapaca\u011f\u0131m\u0131z en \u00f6nemli i\u015f ise iyilik yapmakt\u0131r. \u00c7\u00fcnk\u00fc iyilik, k\u00f6t\u00fcl\u00fckleri yok eder ve g\u00fczellikleri ortaya \u00e7\u0131kar\u0131r.\u201dSava\u015f ve Bar\u0131\u015f, Anna Karenina gibi klasikleri d\u00fcnya edebiyat\u0131na kazand\u0131ran Rus yazar Lev Nikolayevi\u00e7 Tolstoy (1828-1910), \u00e7ocuklar ve gen\u00e7ler i\u00e7in de yazm\u0131\u015ft\u0131r. Bir edebiyat\u00e7\u0131 olman\u0131n yan\u0131 s\u0131ra bir filozof ve bir e\u011fitimci olarak da tan\u0131nan Tolstoy\u2019un \u00f6nemli eserlerinden biri olarak kabul g\u00f6ren \u0130nsan Neyle Ya\u015far\u2019da yer alan hik\u00e2yeler, insan\u0131 insan yapan nitelikleri \u00f6zenle ele almas\u0131yla \u00f6ne \u00e7\u0131kar. (100 TEMEL ESER)<\/p>\n","protected":false},"excerpt":{"rendered":"<p>\u0130nsan Neyle Ya\u015far\u201c\u015eu ger\u00e7e\u011fi hi\u00e7 unutmay\u0131n, diye s\u00fcrd\u00fcrd\u00fc konu\u015fmas\u0131n\u0131 bilge. En \u00f6nemli zaman, i\u00e7inde bulundu\u011fumuz and\u0131r; \u00e7\u00fcnk\u00fc sadece o anda elimizden bir \u015fey gelebilir. En \u00f6nemli<span class=\"excerpt-hellip\"> [\u2026]<\/span><\/p>\n","protected":false},"featured_media":0,"template":"","meta":{"_monsterinsights_skip_tracking":false,"_monsterinsights_sitenote_active":false,"_monsterinsights_sitenote_note":"","_monsterinsights_sitenote_category":0},"product_brand":[],"product_cat":[12274,12467],"product_tag":[],"class_list":{"0":"post-706477","1":"product","2":"type-product","3":"status-publish","5":"product_cat-cocuk-ve-genclik-kitaplari","6":"product_cat-dunya-klasikleri","7":"pa_cilt-ciltsiz","8":"pa_tur-kitap","9":"pa_yayinevi-arkadas-yayinlari","10":"pa_yazar-lev-nikolayevic-tolstoy","12":"first","13":"instock","14":"sale","15":"shipping-taxable","16":"purchasable","17":"product-type-simple"},"_links":{"self":[{"href":"https:\/\/roveyayinevi.com.tr\/index.php\/wp-json\/wp\/v2\/product\/706477","targetHints":{"allow":["GET"]}}],"collection":[{"href":"https:\/\/roveyayinevi.com.tr\/index.php\/wp-json\/wp\/v2\/product"}],"about":[{"href":"https:\/\/roveyayinevi.com.tr\/index.php\/wp-json\/wp\/v2\/types\/product"}],"wp:attachment":[{"href":"https:\/\/roveyayinevi.com.tr\/index.php\/wp-json\/wp\/v2\/media?parent=706477"}],"wp:term":[{"taxonomy":"product_brand","embeddable":true,"href":"https:\/\/roveyayinevi.com.tr\/index.php\/wp-json\/wp\/v2\/product_brand?post=706477"},{"taxonomy":"product_cat","embeddable":true,"href":"https:\/\/roveyayinevi.com.tr\/index.php\/wp-json\/wp\/v2\/product_cat?post=706477"},{"taxonomy":"product_tag","embeddable":true,"href":"https:\/\/roveyayinevi.com.tr\/index.php\/wp-json\/wp\/v2\/product_tag?post=706477"}],"curies":[{"name":"wp","href":"https:\/\/api.w.org\/{rel}","templated":true}]}}