{"id":706475,"date":"2025-08-27T15:56:35","date_gmt":"2025-08-27T12:56:35","guid":{"rendered":"https:\/\/roveyayinevi.com.tr\/index.php\/urun\/baris-makinesi\/"},"modified":"2026-04-16T02:15:01","modified_gmt":"2026-04-15T23:15:01","slug":"baris-makinesi","status":"publish","type":"product","link":"https:\/\/roveyayinevi.com.tr\/index.php\/urun\/baris-makinesi\/","title":{"rendered":"Bar\u0131\u015f Makinesi"},"content":{"rendered":"<p>\u0130nsanl\u0131k tarihinin en b\u00fcy\u00fck icad\u0131 \u00e7al\u0131\u015facak m\u0131?&#8217;Bar\u0131\u015f makinesi evvela sinirlere, ruhlara, zihinlere tesir edecek, b\u00f6ylece harp makinelerine el s\u00fcrmek kimsenin akl\u0131ndan dahi ge\u00e7meyecek.Krallar, sultanlar, krali\u00e7eler, tiranlar defedildikten sonra, b\u00fct\u00fcn devletlerde ahali s\u00f6z sahibi olacak.\u0130\u015fte o g\u00fcn bir makine d\u00fcnyaya bar\u0131\u015f\u0131 getirecek.&#8217;M\u0131knat\u0131s da\u011f\u0131n\u0131n g\u00f6lgesinde h\u00fcr irade ve kaderin i\u015fbirli\u011fiyle tan\u0131\u015fan Arif Bey, M\u00f6sy\u00f6 Pierre. Bir tekerlemenin tekerinde d\u00fcnyay\u0131 kateden bitirim yetim Celal.A\u015fk m\u00fcptelas\u0131 Dragan.Duru zekas\u0131 ve keskin g\u00fczelli\u011fiyle C\u00e9line.Sahir, Jean, M\u00f6sy\u00f6 Komiser ve biz, hepimiz&#8230;Filozoflar ve katipler, kibar han\u0131mlar, mihraceler ve esirler, ate\u015fi icat edenlerle atomu par\u00e7alayacak olanlar, \u00f6l\u00fclerini g\u00f6mmeyi ilk ak\u0131l edenlerle \u0130skenderiye K\u00fct\u00fcphanesi&#8217;ni yakanlar, hi\u00e7 a\u015f\u0131 olmam\u0131\u015flar, bakirler ve seferlerde iskorb\u00fctten \u00f6lm\u00fc\u015fler, bir geyi\u011fin av\u0131na gidip de hi\u00e7 d\u00f6nmemi\u015fler&#8230;\u00d6zg\u00fcr Mumcu&#8217;dan topraklar\u0131m\u0131zda ba\u015flay\u0131p s\u0131n\u0131r \u00f6tesine uzanan, tam zaman\u0131nda bir ilk roman.Bar\u0131\u015f Makinesi.<\/p>\n","protected":false},"excerpt":{"rendered":"<p>\u0130nsanl\u0131k tarihinin en b\u00fcy\u00fck icad\u0131 \u00e7al\u0131\u015facak m\u0131?&#8217;Bar\u0131\u015f makinesi evvela sinirlere, ruhlara, zihinlere tesir edecek, b\u00f6ylece harp makinelerine el s\u00fcrmek kimsenin akl\u0131ndan dahi ge\u00e7meyecek.Krallar, sultanlar, krali\u00e7eler, tiranlar<span class=\"excerpt-hellip\"> [\u2026]<\/span><\/p>\n","protected":false},"featured_media":0,"template":"","meta":{"_monsterinsights_skip_tracking":false,"_monsterinsights_sitenote_active":false,"_monsterinsights_sitenote_note":"","_monsterinsights_sitenote_category":0},"product_brand":[],"product_cat":[12291,12292],"product_tag":[],"class_list":{"0":"post-706475","1":"product","2":"type-product","3":"status-publish","5":"product_cat-edebiyat","6":"product_cat-turk-edebiyati","7":"pa_cilt-ciltsiz","8":"pa_tur-kitap","9":"pa_yayinevi-april-yayincilik","10":"pa_yazar-ozgur-mumcu","12":"first","13":"instock","14":"sale","15":"shipping-taxable","16":"purchasable","17":"product-type-simple"},"_links":{"self":[{"href":"https:\/\/roveyayinevi.com.tr\/index.php\/wp-json\/wp\/v2\/product\/706475","targetHints":{"allow":["GET"]}}],"collection":[{"href":"https:\/\/roveyayinevi.com.tr\/index.php\/wp-json\/wp\/v2\/product"}],"about":[{"href":"https:\/\/roveyayinevi.com.tr\/index.php\/wp-json\/wp\/v2\/types\/product"}],"wp:attachment":[{"href":"https:\/\/roveyayinevi.com.tr\/index.php\/wp-json\/wp\/v2\/media?parent=706475"}],"wp:term":[{"taxonomy":"product_brand","embeddable":true,"href":"https:\/\/roveyayinevi.com.tr\/index.php\/wp-json\/wp\/v2\/product_brand?post=706475"},{"taxonomy":"product_cat","embeddable":true,"href":"https:\/\/roveyayinevi.com.tr\/index.php\/wp-json\/wp\/v2\/product_cat?post=706475"},{"taxonomy":"product_tag","embeddable":true,"href":"https:\/\/roveyayinevi.com.tr\/index.php\/wp-json\/wp\/v2\/product_tag?post=706475"}],"curies":[{"name":"wp","href":"https:\/\/api.w.org\/{rel}","templated":true}]}}