{"id":706470,"date":"2025-08-27T15:56:33","date_gmt":"2025-08-27T12:56:33","guid":{"rendered":"https:\/\/roveyayinevi.com.tr\/index.php\/urun\/toplumsal-cinsiyet-sosyolojisi\/"},"modified":"2026-04-16T02:15:00","modified_gmt":"2026-04-15T23:15:00","slug":"toplumsal-cinsiyet-sosyolojisi","status":"publish","type":"product","link":"https:\/\/roveyayinevi.com.tr\/index.php\/urun\/toplumsal-cinsiyet-sosyolojisi\/","title":{"rendered":"Toplumsal Cinsiyet Sosyolojisi"},"content":{"rendered":"<p>Cinsiyet\u00e7ilik basit\u00e7e bir cinsiyetin di\u011fer cinsiyetten \u00fcst\u00fcn oldu\u011funu iddia etmektir. Cinsiyet\u00e7ilik yapanlar, erkeklerin kad\u0131nlardan \u00fcst\u00fcn olduklar\u0131na inanmaktad\u0131rlar. Bu bireysel bir tutum olman\u0131n \u00f6tesinde toplumsal bir so-rundur. Erkeklerin kad\u0131nlardan \u00fcst\u00fcn oldu\u011funu iddia etmek, erkeklerin g\u00fc\u00e7, zenginlik ve \u00f6zg\u00fcrl\u00fcklerden daha fazla pay almas\u0131n\u0131n \u201cnormal\u201d oldu-\u011funun benimsenmesi anlam\u0131na da gelmektedir. Bu nedenle, toplumsal cin-siyet tabakala\u015fmas\u0131n\u0131n bedeli kad\u0131nlar a\u00e7\u0131s\u0131ndan \u00e7ok daha a\u011f\u0131r olmaktad\u0131r. Kad\u0131nlar s\u0131rf cinsiyetlerinden dolay\u0131; e\u011fitim ve emek piyasalar\u0131ndan d\u0131\u015flan-makta, \u015fiddet ve tacize u\u011framakta, namus ad\u0131na \u00f6ld\u00fcr\u00fclmekte, s\u00f6m\u00fcr\u00fcl-mekte, ezilmekte ve ikinci s\u0131n\u0131f olmaya zorlanmakta ve yoksullukla m\u00fccade-le gibi bir\u00e7ok sonu\u00e7la kar\u015f\u0131la\u015fmaktad\u0131rlar. Bu kitap, toplumsal cinsiyet sosyolojisine ili\u015fkin temel kavram ve kuram-lar\u0131 tart\u0131\u015fmay\u0131, cinsiyet e\u015fitsizli\u011finin neden ve sonu\u00e7lar\u0131 konusunda fark\u0131n-dal\u0131k yaratmay\u0131, sorunu tan\u0131mlamay\u0131 ve \u00e7\u00f6z\u00fcm \u00f6nerileri geli\u015ftirmeyi ama\u00e7-lamaktad\u0131r. Erkek egemen toplumun en \u00f6nemli yans\u0131mas\u0131 \u201cnamus\u201d konu-sundaki alg\u0131larda ortaya \u00e7\u0131kmaktad\u0131r. Bu nedenle, \u00dcniversite \u00f6\u011frencileri ile \u201cnamus\u201d konusunda yap\u0131lan nitel bir ara\u015ft\u0131rman\u0131n bulgular\u0131na yer verilmi\u015f-tir. Nitel ara\u015ft\u0131rman\u0131n temel amac\u0131 akt\u00f6rlerin bak\u0131\u015f a\u00e7\u0131lar\u0131n\u0131n, kendi ba\u011flam-lar\u0131 i\u00e7inde oldu\u011fu gibi yans\u0131t\u0131lmas\u0131d\u0131r. \u00d6\u011frenciler i\u00e7in \u201cnamus\u201d konusunda konu\u015fman\u0131n zor oldu\u011fu ve bek\u00e2retin \u00f6nemini korudu\u011fu g\u00f6r\u00fclmektedir. \u00d6zellikle k\u0131z karde\u015flerinin namuslar\u0131n\u0131 koruyamad\u0131klar\u0131nda toplumca ken-disine verilen sorumluluklar\u0131 yerine getiremedikleri zaman su\u00e7luluk duy-duklar\u0131 \u00e7\u00fcnk\u00fc namusun bireysel de\u011fil t\u00fcm aileyi ilgilendiren bir konu ola-rak alg\u0131land\u0131\u011f\u0131 sonucu ile kar\u015f\u0131la\u015f\u0131lm\u0131\u015ft\u0131r. Buna kar\u015f\u0131n alg\u0131larda de\u011fi-\u015fim\/d\u00f6n\u00fc\u015f\u00fcm yaratacak e\u011fitim\u2013\u00f6\u011fretim programlar\u0131 da bulunmamaktad\u0131r. Kapsaml\u0131 bir literat\u00fcr taramas\u0131na dayanan kitab\u0131n sosyoloji b\u00f6l\u00fcmlerinde e\u011fitim g\u00f6ren, \u00f6zellikle toplumsal cinsiyet sosyolojisine ilgi duyan \u00f6\u011frencile-re yard\u0131mc\u0131 olaca\u011f\u0131 d\u00fc\u015f\u00fcn\u00fclmektedir.<\/p>\n","protected":false},"excerpt":{"rendered":"<p>Cinsiyet\u00e7ilik basit\u00e7e bir cinsiyetin di\u011fer cinsiyetten \u00fcst\u00fcn oldu\u011funu iddia etmektir. Cinsiyet\u00e7ilik yapanlar, erkeklerin kad\u0131nlardan \u00fcst\u00fcn olduklar\u0131na inanmaktad\u0131rlar. Bu bireysel bir tutum olman\u0131n \u00f6tesinde toplumsal bir so-rundur.<span class=\"excerpt-hellip\"> [\u2026]<\/span><\/p>\n","protected":false},"featured_media":0,"template":"","meta":{"_monsterinsights_skip_tracking":false,"_monsterinsights_sitenote_active":false,"_monsterinsights_sitenote_note":"","_monsterinsights_sitenote_category":0},"product_brand":[],"product_cat":[12324,27533],"product_tag":[],"class_list":{"0":"post-706470","1":"product","2":"type-product","3":"status-publish","5":"product_cat-sosyoloji","6":"product_cat-sosyolojiye-giris","7":"pa_cilt-ciltsiz","8":"pa_tur-kitap","9":"pa_yayinevi-ani-yayincilik","10":"pa_yazar-aysel-gunindi-ersoz","12":"first","13":"instock","14":"sale","15":"shipping-taxable","16":"purchasable","17":"product-type-simple"},"_links":{"self":[{"href":"https:\/\/roveyayinevi.com.tr\/index.php\/wp-json\/wp\/v2\/product\/706470","targetHints":{"allow":["GET"]}}],"collection":[{"href":"https:\/\/roveyayinevi.com.tr\/index.php\/wp-json\/wp\/v2\/product"}],"about":[{"href":"https:\/\/roveyayinevi.com.tr\/index.php\/wp-json\/wp\/v2\/types\/product"}],"wp:attachment":[{"href":"https:\/\/roveyayinevi.com.tr\/index.php\/wp-json\/wp\/v2\/media?parent=706470"}],"wp:term":[{"taxonomy":"product_brand","embeddable":true,"href":"https:\/\/roveyayinevi.com.tr\/index.php\/wp-json\/wp\/v2\/product_brand?post=706470"},{"taxonomy":"product_cat","embeddable":true,"href":"https:\/\/roveyayinevi.com.tr\/index.php\/wp-json\/wp\/v2\/product_cat?post=706470"},{"taxonomy":"product_tag","embeddable":true,"href":"https:\/\/roveyayinevi.com.tr\/index.php\/wp-json\/wp\/v2\/product_tag?post=706470"}],"curies":[{"name":"wp","href":"https:\/\/api.w.org\/{rel}","templated":true}]}}