{"id":706466,"date":"2025-08-27T15:56:31","date_gmt":"2025-08-27T12:56:31","guid":{"rendered":"https:\/\/roveyayinevi.com.tr\/index.php\/urun\/oksfordun-okuzu\/"},"modified":"2026-04-16T02:15:00","modified_gmt":"2026-04-15T23:15:00","slug":"oksfordun-okuzu","status":"publish","type":"product","link":"https:\/\/roveyayinevi.com.tr\/index.php\/urun\/oksfordun-okuzu\/","title":{"rendered":"Oksford&#8217;un \u00d6k\u00fcz\u00fc"},"content":{"rendered":"<p>Bu e\u011flenceli etimoloji kitab\u0131 Bat\u0131 dillerinden, Arap\u00e7adan, Fars\u00e7adan ve ba\u015fka dillerden dilimize ge\u00e7en a\u015fa\u011f\u0131dakiler gibi y\u00fczlerce kelimenin asl\u0131nda ne anlama geldi\u011fini anlat\u0131yor. Mavi: Su Gibi Dekan: Onba\u015f\u0131 \u015eof\u00f6r: Ate\u015fleyici Wi-Fi: Telsiz Ba\u011flant\u0131 Protokol: \u00d6ne Yap\u0131\u015fan Kokpit: Horoz \u00c7ukuru Kamikaze: \u0130lahi R\u00fczg\u00e2r Fidel Castro: Sad\u0131k Kale Foto\u011fraf: I\u015f\u0131kla Yazmak Muhammed: \u00c7ok \u00d6v\u00fclm\u00fc\u015f Mustafa Kemal: Se\u00e7kin Olgunluk Felsefe: Hikmet Sevgisi Basketbol: Sepet Topu Himalaya: Kar Yurdu Pijama: Ayak Elbisesi Mevlana: Efendimiz Sehpa: \u00dc\u00e7 Ayak Cezayir: Adalar E\u015fya: \u015eeyler Hafta: Yedi <\/p>\n","protected":false},"excerpt":{"rendered":"<p>Bu e\u011flenceli etimoloji kitab\u0131 Bat\u0131 dillerinden, Arap\u00e7adan, Fars\u00e7adan ve ba\u015fka dillerden dilimize ge\u00e7en a\u015fa\u011f\u0131dakiler gibi y\u00fczlerce kelimenin asl\u0131nda ne anlama geldi\u011fini anlat\u0131yor. Mavi: Su Gibi Dekan:<span class=\"excerpt-hellip\"> [\u2026]<\/span><\/p>\n","protected":false},"featured_media":0,"template":"","meta":{"_monsterinsights_skip_tracking":false,"_monsterinsights_sitenote_active":false,"_monsterinsights_sitenote_note":"","_monsterinsights_sitenote_category":0},"product_brand":[],"product_cat":[20225,12291],"product_tag":[],"class_list":{"0":"post-706466","1":"product","2":"type-product","3":"status-publish","5":"product_cat-dil-bilim","6":"product_cat-edebiyat","7":"pa_cilt-ciltsiz","8":"pa_tur-kitap","9":"pa_yayinevi-ani-yayincilik","10":"pa_yazar-kerim-demirci","12":"first","13":"instock","14":"sale","15":"shipping-taxable","16":"purchasable","17":"product-type-simple"},"_links":{"self":[{"href":"https:\/\/roveyayinevi.com.tr\/index.php\/wp-json\/wp\/v2\/product\/706466","targetHints":{"allow":["GET"]}}],"collection":[{"href":"https:\/\/roveyayinevi.com.tr\/index.php\/wp-json\/wp\/v2\/product"}],"about":[{"href":"https:\/\/roveyayinevi.com.tr\/index.php\/wp-json\/wp\/v2\/types\/product"}],"wp:attachment":[{"href":"https:\/\/roveyayinevi.com.tr\/index.php\/wp-json\/wp\/v2\/media?parent=706466"}],"wp:term":[{"taxonomy":"product_brand","embeddable":true,"href":"https:\/\/roveyayinevi.com.tr\/index.php\/wp-json\/wp\/v2\/product_brand?post=706466"},{"taxonomy":"product_cat","embeddable":true,"href":"https:\/\/roveyayinevi.com.tr\/index.php\/wp-json\/wp\/v2\/product_cat?post=706466"},{"taxonomy":"product_tag","embeddable":true,"href":"https:\/\/roveyayinevi.com.tr\/index.php\/wp-json\/wp\/v2\/product_tag?post=706466"}],"curies":[{"name":"wp","href":"https:\/\/api.w.org\/{rel}","templated":true}]}}