{"id":706464,"date":"2025-08-27T15:56:30","date_gmt":"2025-08-27T12:56:30","guid":{"rendered":"https:\/\/roveyayinevi.com.tr\/index.php\/urun\/bati-barbarligi-2\/"},"modified":"2026-04-08T02:19:59","modified_gmt":"2026-04-07T23:19:59","slug":"bati-barbarligi-2","status":"publish","type":"product","link":"https:\/\/roveyayinevi.com.tr\/index.php\/urun\/bati-barbarligi-2\/","title":{"rendered":"Bat\u0131 Barbarl\u0131\u011f\u0131 2"},"content":{"rendered":"<p>G\u00fcn\u00fcm\u00fczde Bat\u0131 uygarl\u0131\u011f\u0131, d\u00fcnyan\u0131n en fazla tan\u0131nan ve en \u00e7ok itibar edilen uygarl\u0131\u011f\u0131d\u0131r. \u00c7\u00fcnk\u00fc \u015fimdiye kadar, gerek Bat\u0131 toplumlar\u0131nda gerekse de T\u00fcrk toplumu gibi Do\u011fu toplumlar\u0131nda bilin\u00e7li bir \u015fekilde Bat\u0131 uygarl\u0131\u011f\u0131n\u0131n, genellikle, hep olumlu y\u00f6nleri \u00f6n plana \u00e7\u0131kart\u0131lm\u0131\u015ft\u0131r. Oysa Bat\u0131 uygarl\u0131\u011f\u0131n\u0131n iki y\u00f6n\u00fc\/\u00e7ehresi vard\u0131r. Bat\u0131 uygarl\u0131\u011f\u0131n\u0131n ilk \u00e7ehresi, onun bilinen surat\u0131d\u0131r. Daha a\u00e7\u0131k bir deyi\u015fle, felsefeyi, bilimi, akl\u0131, tekni\u011fi, teknolojiyi, ilerlemeyi ve geli\u015fmeyi referans kabul etme; ele\u015ftiriye, sanata ve edebiyata de\u011fer verme, insan\u0131 \u00f6nemseme, insan haklar\u0131n\u0131, hukukun \u00fcst\u00fcnl\u00fc\u011f\u00fcn\u00fc, \u00f6zg\u00fcrl\u00fc\u011f\u00fc ve e\u015fitli\u011fi esas alma, Bat\u0131 uygarl\u0131\u011f\u0131n\u0131n bilinen\/g\u00f6r\u00fcnen \u00e7ehresidir. Bat\u0131 uygarl\u0131\u011f\u0131n\u0131n bu y\u00fcz\u00fcn\u00fcn yan\u0131 s\u0131ra bir de makineyi hayat\u0131n merkezine yerle\u015ftiren; sermayeyi ve paray\u0131 tanr\u0131la\u015ft\u0131ran; insan\u0131n h\u0131rs ve arzular\u0131n\u0131 \u00e7o\u011faltan; insan\u0131 doyurulamaz isteklere sahip vah\u015fi bir varl\u0131k yapan; komplolar\u0131, korkuyu ve h\u0131nc\u0131 yayg\u0131nla\u015ft\u0131ran; k\u00f6leli\u011fi, s\u00f6m\u00fcr\u00fcy\u00fc, yoksullu\u011fu, e\u015fitsizli\u011fi, kutupla\u015fmay\u0131, yaln\u0131zla\u015fmay\u0131, yabanc\u0131la\u015fmay\u0131, yozla\u015fmay\u0131, s\u00fcr\u00fcle\u015fmeyi, ikiy\u00fczl\u00fcl\u00fc\u011f\u00fc ve bencilli\u011fi referans alan; \u0131rk\u00e7\u0131l\u0131\u011f\u0131, etnik temizli\u011fi, yabanc\u0131 d\u00fc\u015fmanl\u0131\u011f\u0131n\u0131, s\u00f6m\u00fcrgecili\u011fi, despotizmi, totalitarizmi, s\u0131n\u0131f m\u00fccadelesini, sava\u015f\u0131, \u015fiddeti, sald\u0131rganl\u0131\u011f\u0131 ve \u00f6ld\u00fcrmeyi kendisine \u015fiar edinen; hayat\u0131 bir cehenneme ve trajediye d\u00f6n\u00fc\u015ft\u00fcren barbar taraf\u0131 vard\u0131r. \u0130\u015fte, bu kitapta, birbirleriyle z\u0131t felsefe\/sosyoloji gelene\u011fi i\u00e7inde yer alan d\u00fc\u015f\u00fcnce ustalar\u0131ndan Niccol\u00f3 Machiavelli&#8217;nin, Arthur Schopenhauer&#8217;\u0131n ve Friedrich Engels&#8217;in ana eserleri \u0131\u015f\u0131\u011f\u0131nda, onlar\u0131n Bat\u0131 uygarl\u0131\u011f\u0131n\u0131n barbarl\u0131\u011f\u0131 i\u00e7erdi\u011fine ve Bat\u0131 uygarl\u0131\u011f\u0131n\u0131n yeni t\u00fcrden bir barbarl\u0131k in\u015fa etti\u011fine ili\u015fkin temel fikirleri, kapsaml\u0131 bir inceleme sonucunda d\u00fcnyada ilk kez detayl\u0131 bir bi\u00e7imde tahlil edilmi\u015ftir. Machiavelli&#8217;nin, Schopenhauer&#8217;\u0131n ve Engels&#8217;in temel tezleri do\u011frultusunda, Bat\u0131 uygarl\u0131\u011f\u0131n\u0131n barbar y\u00f6nlerini merak edenlere\u2026 \u0130lerleme efsanesine dayanan ve kendi sonunu haz\u0131rlayan Bat\u0131 uygarl\u0131\u011f\u0131n\u0131n makyajl\u0131 \u00e7irkin y\u00fcz\u00fcn\u00fc g\u00f6rmek isteyenlere\u2026 Uygar Bat\u0131&#8217;y\u0131 de\u011fil, Barbar Bat\u0131&#8217;y\u0131 tan\u0131may\u0131 arzulayanlara\u2026 <\/p>\n","protected":false},"excerpt":{"rendered":"<p>G\u00fcn\u00fcm\u00fczde Bat\u0131 uygarl\u0131\u011f\u0131, d\u00fcnyan\u0131n en fazla tan\u0131nan ve en \u00e7ok itibar edilen uygarl\u0131\u011f\u0131d\u0131r. \u00c7\u00fcnk\u00fc \u015fimdiye kadar, gerek Bat\u0131 toplumlar\u0131nda gerekse de T\u00fcrk toplumu gibi Do\u011fu toplumlar\u0131nda<span class=\"excerpt-hellip\"> [\u2026]<\/span><\/p>\n","protected":false},"featured_media":0,"template":"","meta":{"_monsterinsights_skip_tracking":false,"_monsterinsights_sitenote_active":false,"_monsterinsights_sitenote_note":"","_monsterinsights_sitenote_category":0},"product_brand":[],"product_cat":[12777,12291],"product_tag":[],"class_list":{"0":"post-706464","1":"product","2":"type-product","3":"status-publish","5":"product_cat-deneme","6":"product_cat-edebiyat","7":"pa_cilt-ciltsiz","8":"pa_tur-kitap","9":"pa_yayinevi-ani-yayincilik","10":"pa_yazar-sezgin-kizilcelik","12":"first","13":"instock","14":"sale","15":"shipping-taxable","16":"purchasable","17":"product-type-simple"},"_links":{"self":[{"href":"https:\/\/roveyayinevi.com.tr\/index.php\/wp-json\/wp\/v2\/product\/706464","targetHints":{"allow":["GET"]}}],"collection":[{"href":"https:\/\/roveyayinevi.com.tr\/index.php\/wp-json\/wp\/v2\/product"}],"about":[{"href":"https:\/\/roveyayinevi.com.tr\/index.php\/wp-json\/wp\/v2\/types\/product"}],"wp:attachment":[{"href":"https:\/\/roveyayinevi.com.tr\/index.php\/wp-json\/wp\/v2\/media?parent=706464"}],"wp:term":[{"taxonomy":"product_brand","embeddable":true,"href":"https:\/\/roveyayinevi.com.tr\/index.php\/wp-json\/wp\/v2\/product_brand?post=706464"},{"taxonomy":"product_cat","embeddable":true,"href":"https:\/\/roveyayinevi.com.tr\/index.php\/wp-json\/wp\/v2\/product_cat?post=706464"},{"taxonomy":"product_tag","embeddable":true,"href":"https:\/\/roveyayinevi.com.tr\/index.php\/wp-json\/wp\/v2\/product_tag?post=706464"}],"curies":[{"name":"wp","href":"https:\/\/api.w.org\/{rel}","templated":true}]}}