{"id":706461,"date":"2025-08-27T15:56:29","date_gmt":"2025-08-27T12:56:29","guid":{"rendered":"https:\/\/roveyayinevi.com.tr\/index.php\/urun\/ilkokulda-yabanci-dil-ogretimi\/"},"modified":"2026-04-16T02:15:00","modified_gmt":"2026-04-15T23:15:00","slug":"ilkokulda-yabanci-dil-ogretimi","status":"publish","type":"product","link":"https:\/\/roveyayinevi.com.tr\/index.php\/urun\/ilkokulda-yabanci-dil-ogretimi\/","title":{"rendered":"\u0130lkokulda Yabanc\u0131 Dil \u00d6\u011fretimi"},"content":{"rendered":"<p>Bu kitap yay\u0131nevimiz taraf\u0131ndan 2016 y\u0131l\u0131nda bas\u0131m\u0131 yap\u0131lan \u00c7ocuklara Yabanc\u0131 Dil \u00d6\u011fretimi adl\u0131 kitab\u0131n geli\u015ftirilmi\u015f ikinci bask\u0131s\u0131d\u0131r. \u00d6\u011fretmenlik mesle\u011fini g\u00fcncel bilgilere dayanarak daha etkin bir \u015fekilde y\u00fcr\u00fctmek isteyen yabanc\u0131 dil \u00f6\u011fretmenleri i\u00e7in haz\u0131rlanm\u0131\u015f olan bu kitapta uygulamaya y\u00f6nelik bilgilere \u00f6ncelik verilmi\u015ftir. S\u0131n\u0131f i\u00e7i etkinliklerin \u00e7ocuklar\u0131n sahip oldu\u011fu \u00f6zelliklere g\u00f6re d\u00fczenlenmesi, yabanc\u0131 dilde \u015fark\u0131 \u00f6\u011fretimi, drama tekniklerinin kullan\u0131m\u0131, farkl\u0131 dil becerilerinin geli\u015ftirilmesi i\u00e7in kullan\u0131labilecek etkinlikler, s\u0131n\u0131f y\u00f6netimi, \u00f6l\u00e7me ve de\u011ferlendirme, bu kitapta ele al\u0131nan konular aras\u0131ndad\u0131r. Yabanc\u0131 diller e\u011fitimi b\u00f6l\u00fcmlerinde okutulan \u201c\u00c7ocuklara Yabanc\u0131 Dil \u00d6\u011fretimi\u201d ve s\u0131n\u0131f \u00f6\u011fretmenli\u011fi programlar\u0131nda yer alan \u201c\u0130lkokulda Yabanc\u0131 Dil \u00d6\u011fretimi\u201d dersleri i\u00e7in Y\u00d6K taraf\u0131ndan belirlenen ders tan\u0131mlar\u0131na uygun olarak haz\u0131rlanm\u0131\u015ft\u0131r. <\/p>\n","protected":false},"excerpt":{"rendered":"<p>Bu kitap yay\u0131nevimiz taraf\u0131ndan 2016 y\u0131l\u0131nda bas\u0131m\u0131 yap\u0131lan \u00c7ocuklara Yabanc\u0131 Dil \u00d6\u011fretimi adl\u0131 kitab\u0131n geli\u015ftirilmi\u015f ikinci bask\u0131s\u0131d\u0131r. \u00d6\u011fretmenlik mesle\u011fini g\u00fcncel bilgilere dayanarak daha etkin bir \u015fekilde<span class=\"excerpt-hellip\"> [\u2026]<\/span><\/p>\n","protected":false},"featured_media":0,"template":"","meta":{"_monsterinsights_skip_tracking":false,"_monsterinsights_sitenote_active":false,"_monsterinsights_sitenote_note":"","_monsterinsights_sitenote_category":0},"product_brand":[],"product_cat":[14597,12566],"product_tag":[],"class_list":{"0":"post-706461","1":"product","2":"type-product","3":"status-publish","5":"product_cat-dil-ogrenimi","6":"product_cat-egitim","7":"pa_cilt-ciltsiz","8":"pa_tur-kitap","9":"pa_yayinevi-ani-yayincilik","10":"pa_yazar-nilufer-bekleyen","12":"first","13":"instock","14":"sale","15":"shipping-taxable","16":"purchasable","17":"product-type-simple"},"_links":{"self":[{"href":"https:\/\/roveyayinevi.com.tr\/index.php\/wp-json\/wp\/v2\/product\/706461","targetHints":{"allow":["GET"]}}],"collection":[{"href":"https:\/\/roveyayinevi.com.tr\/index.php\/wp-json\/wp\/v2\/product"}],"about":[{"href":"https:\/\/roveyayinevi.com.tr\/index.php\/wp-json\/wp\/v2\/types\/product"}],"wp:attachment":[{"href":"https:\/\/roveyayinevi.com.tr\/index.php\/wp-json\/wp\/v2\/media?parent=706461"}],"wp:term":[{"taxonomy":"product_brand","embeddable":true,"href":"https:\/\/roveyayinevi.com.tr\/index.php\/wp-json\/wp\/v2\/product_brand?post=706461"},{"taxonomy":"product_cat","embeddable":true,"href":"https:\/\/roveyayinevi.com.tr\/index.php\/wp-json\/wp\/v2\/product_cat?post=706461"},{"taxonomy":"product_tag","embeddable":true,"href":"https:\/\/roveyayinevi.com.tr\/index.php\/wp-json\/wp\/v2\/product_tag?post=706461"}],"curies":[{"name":"wp","href":"https:\/\/api.w.org\/{rel}","templated":true}]}}