{"id":706460,"date":"2025-08-27T15:56:29","date_gmt":"2025-08-27T12:56:29","guid":{"rendered":"https:\/\/roveyayinevi.com.tr\/index.php\/urun\/egitimde-uretim-tabanli-calismalar-icin-nitel-arastirma-yontemleri\/"},"modified":"2026-04-16T02:15:00","modified_gmt":"2026-04-15T23:15:00","slug":"egitimde-uretim-tabanli-calismalar-icin-nitel-arastirma-yontemleri","status":"publish","type":"product","link":"https:\/\/roveyayinevi.com.tr\/index.php\/urun\/egitimde-uretim-tabanli-calismalar-icin-nitel-arastirma-yontemleri\/","title":{"rendered":"E\u011fitimde \u00dcretim Tabanl\u0131 \u00c7al\u0131\u015fmalar \u0130\u00e7in Nitel Ara\u015ft\u0131rma Y\u00f6ntemleri"},"content":{"rendered":"<p>Katk\u0131da Bulunanlar: Dr.\u0130brahim \u00c7etin Dr.Halil Ersoy Dr.Nuray Gedik Dr.Asl\u0131han Kocaman Kao\u011flu Dr.Engin Ko\u00e7 Dr.Ne\u015fet Mutlu Dr.Erman Uzun Biz bu kitab\u0131 niye yazd\u0131k? diye bir soruyu kendimize sorarak ba\u015flamakta fayda var. Cevap k\u0131saca kitab\u0131n ba\u015fl\u0131\u011f\u0131nda gizli &#8220;\u00dcretim Tabanl\u0131 \u00c7al\u0131\u015fmalar i\u00e7in Nitel Ara\u015ft\u0131rma Y\u00f6ntemleri&#8221;. \u0130\u00e7inde bulundu\u011fumuz y\u00fczy\u0131l bize baz\u0131 \u015feyleri bizim bilincimizin d\u0131\u015f\u0131nda dayat\u0131yor. Bili\u015fim \u00e7a\u011f\u0131 da olarak adland\u0131r\u0131lan bu d\u00f6nemde bilginin efendisi olmayanlar bundan \u00f6nceki d\u00f6nemlerde oldu\u011fu gibi bu efendi-lerin verdikleriyle yetinmek zorunda kalacaklar. Bu \u00e7a\u011fa ayak uydurman\u0131n ilk a\u015famas\u0131 olan Bili\u015fim Teknolojilerine sahip olmak sorunu art\u0131k \u00e7\u00f6zm\u00fcyor. Bu teknolojileri \u00fcretim ama\u00e7l\u0131 olarak kullanamayanlar istedikleri kadar bu teknolojilere sahip olsalar da sonu\u00e7 de\u011fi\u015fmeyecek gibi g\u00f6r\u00fcn\u00fcyor. Bu durumda art\u0131k bundan \u00f6nceki d\u00f6nemlerde oldu\u011fu gibi bilmek yeterli de\u011fil sahip olunan bilgi e\u011fer ger\u00e7ek hayat problemlerinin \u00e7\u00f6z\u00fcm\u00fcnde kullan\u0131lam\u0131yorsa ya da bir ba\u015fka deyi\u015fle bireyler bilgilerini kullanarak \u00e7\u00f6z\u00fcm \u00fcretemiyorlarsa gene ka\u00e7an trenlerin ard\u0131ndan a\u011f\u0131t yakarak bize s\u00f6ylenen re\u00e7eteleri uygulamak bir kader olarak kar\u015f\u0131m\u0131za \u00e7\u0131k\u0131yor. E\u011fer bu tespitler do\u011fru ise art\u0131k &#8220;bilen&#8221; de\u011fil &#8220;yapabilen&#8221; bireylerin e\u011fitimi i\u00e7in yeni yol ve y\u00f6ntemler bulmam\u0131z gerekiyor. Sahip oldu\u011fumuz e\u011fitim sistemini bu y\u00f6nde de\u011fi\u015ftirmek i\u00e7in \u00f6ncelikle bu sistemin ger\u00e7ek hayat problemlerine sorunu \u00e7\u00f6zecek \u00f6nerileri geli\u015ftirerek alanda uygulamas\u0131n\u0131 yap\u0131p, de\u011ferlendirip elde edilen sonu\u00e7lar\u0131 payla\u015fmak bizleri \u00fcretici toplumlar s\u0131n\u0131f\u0131na ta\u015f\u0131yabilecek bir ger\u00e7ek olarak kar\u015f\u0131m\u0131zda durmaktad\u0131r. Bu kitap \u00e7er\u00e7evesinde yer alan b\u00f6l\u00fcmlerde 90&#8217;lar\u0131n sonundan itibaren &#8220;Bilgisayar ve \u00d6\u011fretim Teknolojileri E\u011fitimi&#8221; anabilim dal\u0131nda ger\u00e7ekle\u015ftirilen ve her birinde ger\u00e7ek bir hayat probleminin \u00e7\u00f6z\u00fcm\u00fc i\u00e7in geli\u015ftirilen, uygulanan ve de\u011ferlendirmesi yap\u0131lan tezlerde kullan\u0131lan y\u00f6ntemler yer almaktad\u0131r. Bu tezler, ba\u015flang\u0131\u00e7 felsefesi olarak yerel bir soruna \u00e7\u00f6z\u00fcm i\u00e7in \u00fcretilen bir \u00fcr\u00fcn ya da arac\u0131n do\u011frudan ilgili oldu\u011fu ortamda kullan\u0131lmas\u0131yla ger\u00e7ekle\u015ftirilmi\u015flerdir. Bu sayede, e\u011fitim alan\u0131nda \u00e7ok yayg\u0131n olarak kullan\u0131lan durum tespiti \u00e7al\u0131\u015fmalar\u0131ndan farkl\u0131 olarak \u00fcretimi \u00f6ne \u00e7\u0131karan bir yakla\u015f\u0131m izlenmi\u015ftir. Benzeri \u015fekilde \u00fcretim tabanl\u0131 \u00e7al\u0131\u015fma yapmak isteyenler i\u00e7in Nitel yakla\u015f\u0131mlar\u0131n bask\u0131n olarak kullan\u0131ld\u0131\u011f\u0131 a\u015fa\u011f\u0131daki y\u00f6ntemler \u00f6rnek al\u0131nabilir. 2. B\u00f6l\u00fcm &#8211; Durum \u00c7al\u0131\u015fmas\u0131 (Dr. Halil ERSOY), 3. B\u00f6l\u00fcm &#8211; Eylem Ara\u015ft\u0131rmas\u0131 (Dr. Erman UZUN), 4. B\u00f6l\u00fcm &#8211; Olgubilim (Fenomenoloji) (Dr. Nuray GED\u0130K), 5. B\u00f6l\u00fcm &#8211; Tasar\u0131m ve Geli\u015ftirme Ara\u015ft\u0131rma Modeli (Tgam)(Dr. Ne\u015fet MUTLU), 6. B\u00f6l\u00fcm &#8211; Karma Y\u00f6ntem: Geli\u015fen Paradigma (Dr. Asl\u0131han KOCAMAN KARO\u011eLU). Y\u00f6ntemlerin uygulanmas\u0131 s\u0131ras\u0131nda bilgi olu\u015fturmak amac\u0131yla verilerin toplanmas\u0131 b\u00fcy\u00fck bir \u00f6nem arz etmektedir. Bu konuda da 7. B\u00f6l\u00fcm &#8211; Veri Toplama Y\u00f6ntemleri (Dr. Levent DURDU) size yard\u0131mc\u0131 olacakt\u0131r. Toplanan verilerin i\u00e7erik analizlerinin yap\u0131lmas\u0131 konusunda, 8. B\u00f6l\u00fcm &#8211; Nitel \u0130\u00e7erik Analizi (Dr. \u0130brahim \u00c7ET\u0130N) sizlere katk\u0131 yapacakt\u0131r. Yap\u0131lan herhangi bir \u00e7al\u0131\u015fmada toplanan veriler kadar o verilerin inand\u0131r\u0131c\u0131 olmas\u0131 \u00f6nem ta\u015f\u0131maktad\u0131r 9. B\u00f6l\u00fcm &#8211; Nitel Ara\u015ft\u0131rmalarda Ge\u00e7erlik ve G\u00fcvenirlik (Dr. Engin KO\u00c7) sizlere nelere bak\u0131lmas\u0131 konusunda yard\u0131mc\u0131 olacakt\u0131r. Sonu\u00e7 olarak, bu kitap bilmenin yetmedi\u011fi g\u00fcn\u00fcm\u00fczde yapabilen bireyleri yeti\u015ftirmek i\u00e7in \u00e7al\u0131\u015fma yapmak isteyenlere yard\u0131mc\u0131 olmak amac\u0131yla haz\u0131rlanm\u0131\u015ft\u0131r. Umar\u0131z amac\u0131na ula\u015f\u0131r. Sayg\u0131lar\u0131mla, \ufffcTan\u0131t\u0131m Metni<\/p>\n","protected":false},"excerpt":{"rendered":"<p>Katk\u0131da Bulunanlar: Dr.\u0130brahim \u00c7etin Dr.Halil Ersoy Dr.Nuray Gedik Dr.Asl\u0131han Kocaman Kao\u011flu Dr.Engin Ko\u00e7 Dr.Ne\u015fet Mutlu Dr.Erman Uzun Biz bu kitab\u0131 niye yazd\u0131k? diye bir soruyu kendimize<span class=\"excerpt-hellip\"> [\u2026]<\/span><\/p>\n","protected":false},"featured_media":0,"template":"","meta":{"_monsterinsights_skip_tracking":false,"_monsterinsights_sitenote_active":false,"_monsterinsights_sitenote_note":"","_monsterinsights_sitenote_category":0},"product_brand":[],"product_cat":[12573,12566],"product_tag":[],"class_list":{"0":"post-706460","1":"product","2":"type-product","3":"status-publish","5":"product_cat-akademik-kitaplar","6":"product_cat-egitim","7":"pa_cilt-ciltsiz","8":"pa_tur-kitap","9":"pa_yayinevi-ani-yayincilik","10":"pa_yazar-m-yasar-ozden","12":"first","13":"instock","14":"sale","15":"shipping-taxable","16":"purchasable","17":"product-type-simple"},"_links":{"self":[{"href":"https:\/\/roveyayinevi.com.tr\/index.php\/wp-json\/wp\/v2\/product\/706460","targetHints":{"allow":["GET"]}}],"collection":[{"href":"https:\/\/roveyayinevi.com.tr\/index.php\/wp-json\/wp\/v2\/product"}],"about":[{"href":"https:\/\/roveyayinevi.com.tr\/index.php\/wp-json\/wp\/v2\/types\/product"}],"wp:attachment":[{"href":"https:\/\/roveyayinevi.com.tr\/index.php\/wp-json\/wp\/v2\/media?parent=706460"}],"wp:term":[{"taxonomy":"product_brand","embeddable":true,"href":"https:\/\/roveyayinevi.com.tr\/index.php\/wp-json\/wp\/v2\/product_brand?post=706460"},{"taxonomy":"product_cat","embeddable":true,"href":"https:\/\/roveyayinevi.com.tr\/index.php\/wp-json\/wp\/v2\/product_cat?post=706460"},{"taxonomy":"product_tag","embeddable":true,"href":"https:\/\/roveyayinevi.com.tr\/index.php\/wp-json\/wp\/v2\/product_tag?post=706460"}],"curies":[{"name":"wp","href":"https:\/\/api.w.org\/{rel}","templated":true}]}}