{"id":706459,"date":"2025-08-27T15:56:29","date_gmt":"2025-08-27T12:56:29","guid":{"rendered":"https:\/\/roveyayinevi.com.tr\/index.php\/urun\/yabanci-dil-olarak-turkce-ogretimi-metodolojisi\/"},"modified":"2026-04-16T02:15:00","modified_gmt":"2026-04-15T23:15:00","slug":"yabanci-dil-olarak-turkce-ogretimi-metodolojisi","status":"publish","type":"product","link":"https:\/\/roveyayinevi.com.tr\/index.php\/urun\/yabanci-dil-olarak-turkce-ogretimi-metodolojisi\/","title":{"rendered":"Yabanc\u0131 Dil Olarak T\u00fcrk\u00e7e \u00d6\u011fretimi Metodolojisi"},"content":{"rendered":"<p>Cumhuriyet d\u00f6neminde \u00fclkemizde Yabanc\u0131 dil olarak T\u00fcrk\u00e7e \u00f6\u011fretimi ilk olarak Ankara \u00dcniversitesinin 1984 y\u0131l\u0131nda hayata ge\u00e7irdi\u011fi T\u00fcrk\u00e7e \u00d6\u011fretim Merkezi ile (T\u00d6MER) ba\u015flam\u0131\u015ft\u0131r.Bu tarihten itibaren de g\u00fcn\u00fcm\u00fcze dek yurti\u00e7i ve yurtd\u0131\u015f\u0131ndaki \u00fcniversiteler b\u00fcnyesinde kurulan T\u00d6MER ve benzeri kurulu\u015flar yoluyla Yabanc\u0131 dil olarak T\u00fcrk\u00e7e \u00f6\u011fretilmektedir.1999 y\u0131l\u0131nda T\u00fcrk \u0130\u015fbirli\u011fi ve Koordinasyon Ajans\u0131 Ba\u015fkanl\u0131\u011f\u0131 (T\u0130KA)&#8217;n\u0131n T\u00fcrkoloji projesi ve Milli E\u011fitim Bakanl\u0131\u011f\u0131(MEB)&#8217;n\u0131n yurtd\u0131\u015f\u0131nda a\u00e7\u0131lan T\u00fcrkiye T\u00fcrk\u00e7esi E\u011fitim Merkezleri(T\u00dcTEM),2009&#8217;da Yunus Emre Enstit\u00fcs\u00fcn\u00fcn yurt d\u0131\u015f\u0131nda a\u00e7t\u0131\u011f\u0131 Yunus Emre T\u00fcrk K\u00fclt\u00fcr Merkezleri yoluyla T\u00fcrk\u00e7enin yabanc\u0131 dil olarak \u00f6\u011fretimi ger\u00e7ekle\u015ftirilmektedir. T\u00fcrk\u00e7enin yabanc\u0131 dil olarak \u00f6\u011fretimi g\u00fcn ge\u00e7tik\u00e7e \u00f6nem kazanmas\u0131na ra\u011fmen bu alan T\u00fcrk\u00e7enin anadil olarak \u00f6\u011fretimi gibi alg\u0131lanmas\u0131 ve uygulamalar\u0131n bu y\u00f6nde olmas\u0131 bu alan\u0131n geli\u015fmesinin \u00f6n\u00fcnde en b\u00fcy\u00fck engel gibi g\u00f6r\u00fclmektedir.Anadil \u00f6\u011fretiminde kullan\u0131lan \u00f6\u011fretim y\u00f6ntem ve teknikleri d\u00fcnyan\u0131n hi\u00e7bir yerinde yabanc\u0131 dil \u00f6\u011fretiminde kullan\u0131lmamaktad\u0131r.Yabanc\u0131 dil \u00f6\u011fretimi anadil \u00f6\u011fretiminden tamamen farkl\u0131d\u0131r.Bu hem y\u00f6ntem ve yakla\u015f\u0131m hem de teknik ve etkinlikler a\u00e7\u0131s\u0131ndan anadil \u00f6\u011fretiminden apayr\u0131 d\u00fc\u015f\u00fcn\u00fclmelidir.Eserin yabanc\u0131 bir dil olarak T\u00fcrk\u00e7enin \u00f6\u011fretilmesi konusunda yararl\u0131 olmas\u0131 dile\u011fiyle. <\/p>\n","protected":false},"excerpt":{"rendered":"<p>Cumhuriyet d\u00f6neminde \u00fclkemizde Yabanc\u0131 dil olarak T\u00fcrk\u00e7e \u00f6\u011fretimi ilk olarak Ankara \u00dcniversitesinin 1984 y\u0131l\u0131nda hayata ge\u00e7irdi\u011fi T\u00fcrk\u00e7e \u00d6\u011fretim Merkezi ile (T\u00d6MER) ba\u015flam\u0131\u015ft\u0131r.Bu tarihten itibaren de g\u00fcn\u00fcm\u00fcze<span class=\"excerpt-hellip\"> [\u2026]<\/span><\/p>\n","protected":false},"featured_media":0,"template":"","meta":{"_monsterinsights_skip_tracking":false,"_monsterinsights_sitenote_active":false,"_monsterinsights_sitenote_note":"","_monsterinsights_sitenote_category":0},"product_brand":[],"product_cat":[14597,12566],"product_tag":[],"class_list":{"0":"post-706459","1":"product","2":"type-product","3":"status-publish","5":"product_cat-dil-ogrenimi","6":"product_cat-egitim","7":"pa_cilt-ciltsiz","8":"pa_tur-kitap","9":"pa_yayinevi-ani-yayincilik","10":"pa_yazar-arif-saricoban","12":"first","13":"instock","14":"sale","15":"shipping-taxable","16":"purchasable","17":"product-type-simple"},"_links":{"self":[{"href":"https:\/\/roveyayinevi.com.tr\/index.php\/wp-json\/wp\/v2\/product\/706459","targetHints":{"allow":["GET"]}}],"collection":[{"href":"https:\/\/roveyayinevi.com.tr\/index.php\/wp-json\/wp\/v2\/product"}],"about":[{"href":"https:\/\/roveyayinevi.com.tr\/index.php\/wp-json\/wp\/v2\/types\/product"}],"wp:attachment":[{"href":"https:\/\/roveyayinevi.com.tr\/index.php\/wp-json\/wp\/v2\/media?parent=706459"}],"wp:term":[{"taxonomy":"product_brand","embeddable":true,"href":"https:\/\/roveyayinevi.com.tr\/index.php\/wp-json\/wp\/v2\/product_brand?post=706459"},{"taxonomy":"product_cat","embeddable":true,"href":"https:\/\/roveyayinevi.com.tr\/index.php\/wp-json\/wp\/v2\/product_cat?post=706459"},{"taxonomy":"product_tag","embeddable":true,"href":"https:\/\/roveyayinevi.com.tr\/index.php\/wp-json\/wp\/v2\/product_tag?post=706459"}],"curies":[{"name":"wp","href":"https:\/\/api.w.org\/{rel}","templated":true}]}}