{"id":706456,"date":"2025-08-27T15:56:27","date_gmt":"2025-08-27T12:56:27","guid":{"rendered":"https:\/\/roveyayinevi.com.tr\/index.php\/urun\/cocuk-ve-genclik-edebiyati\/"},"modified":"2026-04-16T02:15:00","modified_gmt":"2026-04-15T23:15:00","slug":"cocuk-ve-genclik-edebiyati","status":"publish","type":"product","link":"https:\/\/roveyayinevi.com.tr\/index.php\/urun\/cocuk-ve-genclik-edebiyati\/","title":{"rendered":"\u00c7ocuk ve Gen\u00e7lik Edebiyat\u0131"},"content":{"rendered":"<p>\u00c7ocuklar akl\u0131m\u0131za gelir gelmez g\u00fcl\u00fcmser, ya\u015fama sevinci duyar\u0131z. Oysa \u00e7ocuklar, \u0130lk \u00c7a\u011f&#8217;dan Orta \u00e7a\u011f&#8217;a kadar minyat\u00fcr bir yeti\u015fkin gibi g\u00f6r\u00fclm\u00fc\u015ft\u00fcr. B\u00fcy\u00fcklerin sohbetlerine kat\u0131lm\u0131\u015f, onlar gibi giyinmi\u015f, k\u00fc\u00e7\u00fck ya\u015flardan itibaren kendisinden b\u00fcy\u00fcklerle ayn\u0131 oyunlarda yer alm\u0131\u015f, onlara ayak uyduramad\u0131\u011f\u0131nda cezaland\u0131r\u0131lm\u0131\u015ft\u0131r. Ancak XVII. y\u00fczy\u0131ldan itibaren gerek ahlak\u00e7\u0131lar ve gerekse de e\u011fitimciler \u00e7ocuklar\u0131n kendilerinden ayr\u0131 bir yarat\u0131l\u0131\u015fa sahip oldu\u011funu d\u00fc\u015f\u00fcnmeye ba\u015flad\u0131lar. Sonunda onun kendine \u00f6zg\u00fc do\u011fas\u0131yla, yeti\u015fkinlerin deste\u011fine ihtiya\u00e7 duyan, sosyal bir varl\u0131k oldu\u011funun fark\u0131na vard\u0131lar. \u00c7ocukluk ve gen\u00e7lik d\u00f6nemlerinde ge\u00e7irdikleri fiziksel ve ruhsal de\u011fi\u015fimler zamanla bilimsel bir temele oturtuldu. O h\u00e2lde ya\u015fanan t\u00fcm geli\u015fmeler \u0131\u015f\u0131\u011f\u0131nda, bug\u00fcn art\u0131k kendi kimli\u011fi ve ki\u015fili\u011fiyle &#8220;Bir \u00e7ocuk ve gen\u00e7 olarak ben var\u0131m!&#8221; diyenlerin, kendilerine \u00f6zg\u00fc bir edebiyata sahip olmas\u0131 \u015fa\u015f\u0131rt\u0131c\u0131 olmasa gerek. Eserde, \u00e7ocu\u011fun, tarihsel s\u00fcre\u00e7 i\u00e7erisinde \u00e7\u0131kt\u0131\u011f\u0131 uzun yolculukta kendisine e\u015flik eden ve onun d\u00fcnyay\u0131 anlamas\u0131na, ele\u015ftirme yetene\u011fine sahip olmas\u0131na, bak\u0131\u015f a\u00e7\u0131s\u0131n\u0131 ve yarat\u0131c\u0131l\u0131\u011f\u0131n\u0131 geli\u015ftirerek, b\u00fcy\u00fcmesine katk\u0131 sa\u011flayan \u00e7ocuk ve gen\u00e7lik edebiyat\u0131 t\u00fcrleri ayr\u0131nt\u0131l\u0131 olarak ele al\u0131nm\u0131\u015ft\u0131r. Bu anlamda hedef kitlesi: Ebeveynler, e\u011fitimciler ve \u00fcniversitelerin Okul \u00d6ncesi, T\u00fcrk\u00e7e ve S\u0131n\u0131f \u00d6\u011fretmenli\u011fi gibi b\u00f6l\u00fcmlerinin \u00f6\u011frenci ve \u00f6\u011fretim elemanlar\u0131d\u0131r. <\/p>\n","protected":false},"excerpt":{"rendered":"<p>\u00c7ocuklar akl\u0131m\u0131za gelir gelmez g\u00fcl\u00fcmser, ya\u015fama sevinci duyar\u0131z. Oysa \u00e7ocuklar, \u0130lk \u00c7a\u011f&#8217;dan Orta \u00e7a\u011f&#8217;a kadar minyat\u00fcr bir yeti\u015fkin gibi g\u00f6r\u00fclm\u00fc\u015ft\u00fcr. B\u00fcy\u00fcklerin sohbetlerine kat\u0131lm\u0131\u015f, onlar gibi giyinmi\u015f,<span class=\"excerpt-hellip\"> [\u2026]<\/span><\/p>\n","protected":false},"featured_media":0,"template":"","meta":{"_monsterinsights_skip_tracking":false,"_monsterinsights_sitenote_active":false,"_monsterinsights_sitenote_note":"","_monsterinsights_sitenote_category":0},"product_brand":[],"product_cat":[12291,15117],"product_tag":[],"class_list":{"0":"post-706456","1":"product","2":"type-product","3":"status-publish","5":"product_cat-edebiyat","6":"product_cat-genclik-edebiyati","7":"pa_cilt-ciltsiz","8":"pa_tur-kitap","9":"pa_yayinevi-ani-yayincilik","10":"pa_yazar-halil-aytekin","12":"first","13":"instock","14":"sale","15":"shipping-taxable","16":"purchasable","17":"product-type-simple"},"_links":{"self":[{"href":"https:\/\/roveyayinevi.com.tr\/index.php\/wp-json\/wp\/v2\/product\/706456","targetHints":{"allow":["GET"]}}],"collection":[{"href":"https:\/\/roveyayinevi.com.tr\/index.php\/wp-json\/wp\/v2\/product"}],"about":[{"href":"https:\/\/roveyayinevi.com.tr\/index.php\/wp-json\/wp\/v2\/types\/product"}],"wp:attachment":[{"href":"https:\/\/roveyayinevi.com.tr\/index.php\/wp-json\/wp\/v2\/media?parent=706456"}],"wp:term":[{"taxonomy":"product_brand","embeddable":true,"href":"https:\/\/roveyayinevi.com.tr\/index.php\/wp-json\/wp\/v2\/product_brand?post=706456"},{"taxonomy":"product_cat","embeddable":true,"href":"https:\/\/roveyayinevi.com.tr\/index.php\/wp-json\/wp\/v2\/product_cat?post=706456"},{"taxonomy":"product_tag","embeddable":true,"href":"https:\/\/roveyayinevi.com.tr\/index.php\/wp-json\/wp\/v2\/product_tag?post=706456"}],"curies":[{"name":"wp","href":"https:\/\/api.w.org\/{rel}","templated":true}]}}