{"id":706455,"date":"2025-08-27T15:56:27","date_gmt":"2025-08-27T12:56:27","guid":{"rendered":"https:\/\/roveyayinevi.com.tr\/index.php\/urun\/ozel-egitimde-butunlestirme\/"},"modified":"2026-04-16T02:15:00","modified_gmt":"2026-04-15T23:15:00","slug":"ozel-egitimde-butunlestirme","status":"publish","type":"product","link":"https:\/\/roveyayinevi.com.tr\/index.php\/urun\/ozel-egitimde-butunlestirme\/","title":{"rendered":"\u00d6zel E\u011fitimde B\u00fct\u00fcnle\u015ftirme"},"content":{"rendered":"<p>Katk\u0131da Bulunanlar: Sevin\u00e7 Pi\u015fgin \u00c7ivik Arzu Aydo\u011fan \u00c7ak\u0131r Sinan Tarkan Aslan Osman \u00d6zcan Tayfun \u015eener Bet\u00fcl Sa\u011flam Muhsin Y\u00f6r\u00fck \u00d6zel gereksinimli bireylere y\u00f6nelik e\u011fitsel d\u00fczenlemeler incelendi\u011finde y\u0131llar i\u00e7erisinde farkl\u0131 uygulamalar\u0131n oldu\u011fu g\u00f6r\u00fclmektedir. D\u00fcnyada 1970&#8217;li y\u0131llara kadar daha \u00e7ok ayr\u0131\u015ft\u0131rma fikri kabul g\u00f6r\u00fcrken, 1970&#8217;li y\u0131llardan sonra ya\u015fanan \u00e7e\u015fitli geli\u015fmeler sonucunda, kayna\u015ft\u0131rma uygulamalar\u0131 \u00f6n plana \u00e7\u0131kmaya ba\u015flam\u0131\u015ft\u0131r. Bu uygulamalara paralel olarak T\u00fcrkiye&#8217;de de 1980&#8217;li y\u0131lar\u0131n ba\u015f\u0131nda benzer \u00e7al\u0131\u015fmalar\u0131n ba\u015flat\u0131ld\u0131\u011f\u0131 g\u00f6r\u00fclmektedir. 1980&#8217;li y\u0131llardan g\u00fcn\u00fcm\u00fcze kadar ge\u00e7en s\u00fcre\u00e7 i\u00e7erisinde T\u00fcrkiye&#8217;de kayna\u015ft\u0131rma uygulamalar\u0131n\u0131n ba\u015far\u0131ya ula\u015fabilmesi i\u00e7in zaman zaman yava\u015f, zaman zamanda g\u00f6receli olarak h\u0131zl\u0131 say\u0131labilecek \u00e7e\u015fitli d\u00fczenlemelere gidilmi\u015ftir.Bu d\u00fczenlemeler kapsam\u0131nda Milli E\u011fitim Bakanl\u0131\u011f\u0131&#8217;n\u0131n son y\u0131llardaki uygulamalar\u0131 incelendi\u011finde, kayna\u015ft\u0131rma uygulamalar\u0131ndan b\u00fct\u00fcnle\u015ftirmeye do\u011fru bir ge\u00e7i\u015fin oldu\u011funu s\u00f6ylemek m\u00fcmk\u00fcnd\u00fcr. Bu ge\u00e7i\u015fin daha sa\u011fl\u0131k olabilmesi i\u00e7in yeterli bilgi birikimine gereksinim duyulmaktad\u0131r. Ancak T\u00fcrk\u00e7e alan yaz\u0131n incelendi\u011finde, b\u00fct\u00fcnle\u015ftirme ile ilgili yeterli kayna\u011f\u0131n olmad\u0131\u011f\u0131, olanlar\u0131nda daha \u00e7ok teorik oldu\u011fu ve uygulamaya d\u00f6n\u00fck olmad\u0131\u011f\u0131 g\u00f6r\u00fclmektedir. T\u00fcrk\u00e7eye kazand\u0131rd\u0131\u011f\u0131m\u0131z bu kitab\u0131n, \u00f6\u011fretmenlerin b\u00fct\u00fcnle\u015ftirme \u00e7al\u0131\u015fmalar\u0131 ile ilgili uygulamalarda kar\u015f\u0131la\u015ft\u0131klar\u0131 sorunlar\u0131na \u00e7\u00f6z\u00fcm bulmada yard\u0131mc\u0131 olaca\u011f\u0131 d\u00fc\u015f\u00fcn\u00fclmektedir. Bu ba\u011flamda \u015fu anda okumaya ba\u015flad\u0131\u011f\u0131n\u0131z bu kitapta, sizlerin b\u00fct\u00fcnle\u015ftirme uygulamalar\u0131 ile ilgili kar\u015f\u0131la\u015faca\u011f\u0131n\u0131z olas\u0131 sorunlarla ilgili \u00e7\u00f6z\u00fcm yollar\u0131 \u00f6rneklerle, yetersizlik t\u00fcrlerine g\u00f6re madde madde a\u00e7\u0131klanm\u0131\u015ft\u0131r. <\/p>\n","protected":false},"excerpt":{"rendered":"<p>Katk\u0131da Bulunanlar: Sevin\u00e7 Pi\u015fgin \u00c7ivik Arzu Aydo\u011fan \u00c7ak\u0131r Sinan Tarkan Aslan Osman \u00d6zcan Tayfun \u015eener Bet\u00fcl Sa\u011flam Muhsin Y\u00f6r\u00fck \u00d6zel gereksinimli bireylere y\u00f6nelik e\u011fitsel d\u00fczenlemeler incelendi\u011finde<span class=\"excerpt-hellip\"> [\u2026]<\/span><\/p>\n","protected":false},"featured_media":0,"template":"","meta":{"_monsterinsights_skip_tracking":false,"_monsterinsights_sitenote_active":false,"_monsterinsights_sitenote_note":"","_monsterinsights_sitenote_category":0},"product_brand":[],"product_cat":[15351,15350],"product_tag":[],"class_list":{"0":"post-706455","1":"product","2":"type-product","3":"status-publish","5":"product_cat-ders-kitaplari","6":"product_cat-hukuk","7":"pa_cilt-ciltsiz","8":"pa_tur-kitap","9":"pa_yayinevi-ani-yayincilik","10":"pa_yazar-peggy-a-hammeken","12":"first","13":"instock","14":"sale","15":"shipping-taxable","16":"purchasable","17":"product-type-simple"},"_links":{"self":[{"href":"https:\/\/roveyayinevi.com.tr\/index.php\/wp-json\/wp\/v2\/product\/706455","targetHints":{"allow":["GET"]}}],"collection":[{"href":"https:\/\/roveyayinevi.com.tr\/index.php\/wp-json\/wp\/v2\/product"}],"about":[{"href":"https:\/\/roveyayinevi.com.tr\/index.php\/wp-json\/wp\/v2\/types\/product"}],"wp:attachment":[{"href":"https:\/\/roveyayinevi.com.tr\/index.php\/wp-json\/wp\/v2\/media?parent=706455"}],"wp:term":[{"taxonomy":"product_brand","embeddable":true,"href":"https:\/\/roveyayinevi.com.tr\/index.php\/wp-json\/wp\/v2\/product_brand?post=706455"},{"taxonomy":"product_cat","embeddable":true,"href":"https:\/\/roveyayinevi.com.tr\/index.php\/wp-json\/wp\/v2\/product_cat?post=706455"},{"taxonomy":"product_tag","embeddable":true,"href":"https:\/\/roveyayinevi.com.tr\/index.php\/wp-json\/wp\/v2\/product_tag?post=706455"}],"curies":[{"name":"wp","href":"https:\/\/api.w.org\/{rel}","templated":true}]}}