{"id":706454,"date":"2025-08-27T15:56:26","date_gmt":"2025-08-27T12:56:26","guid":{"rendered":"https:\/\/roveyayinevi.com.tr\/index.php\/urun\/turkce-ogretiminde-etkinlikler\/"},"modified":"2026-04-16T02:15:00","modified_gmt":"2026-04-15T23:15:00","slug":"turkce-ogretiminde-etkinlikler","status":"publish","type":"product","link":"https:\/\/roveyayinevi.com.tr\/index.php\/urun\/turkce-ogretiminde-etkinlikler\/","title":{"rendered":"T\u00fcrk\u00e7e \u00d6\u011fretiminde Etkinlikler"},"content":{"rendered":"<p>T\u00fcrk\u00e7e \u00f6\u011fretiminin ba\u015fat amac\u0131, anlama ve anlatma becerileri geli\u015fmi\u015f d\u00fc\u015f\u00fcnen ve duyarl\u0131 bireyleri yeti\u015ftirmektir. Bu amac\u0131n ger\u00e7ekle\u015ftirilmesinde etkinlik temelli ortamlara gereksinim vard\u0131r. \u00c7\u00fcnk\u00fc okuma, konu\u015fma, yazma ve dinleme becerilerin \u00f6\u011fretilmesinde salt bilgi odakl\u0131 yakla\u015f\u0131mlar\u0131n benimsenmesi, \u00f6\u011frencilerin \u00f6\u011frenme s\u00fcrecinde ya\u015fant\u0131lardan yoksun b\u0131rak\u0131lmas\u0131, \u00f6\u011frencilerin dilsel becerilerine y\u00f6nelik \u00f6\u011frendiklerini davran\u0131\u015fa d\u00f6n\u00fc\u015ft\u00fcrememelerine yol a\u00e7abilir. \u00d6zellikle T\u00fcrk\u00e7e \u00f6\u011fretiminde sanat\u00e7\u0131 taraf\u0131ndan haz\u0131rlanm\u0131\u015f \u00e7ocuk ger\u00e7ekli\u011fine uygun ve \u00e7ocu\u011fa g\u00f6re olan yaz\u0131nsal nitelikteki \u00e7ocuk edebiyat\u0131 yap\u0131tlar\u0131ndan yararlan\u0131lmamas\u0131 ve yap\u0131tlar\u0131n etkinliklerde ba\u015fat bir uyaran olarak yer almamas\u0131, T\u00fcrk\u00e7e \u00f6\u011fretiminde istenilen verimin ortaya \u00e7\u0131kmas\u0131n\u0131 engelleyebilir. Bu bak\u0131mdan, T\u00fcrk\u00e7e \u00f6\u011fretiminin etkili bir bi\u00e7imde etkinlikler yoluyla ger\u00e7ekle\u015ftirilmesi gerekir <\/p>\n","protected":false},"excerpt":{"rendered":"<p>T\u00fcrk\u00e7e \u00f6\u011fretiminin ba\u015fat amac\u0131, anlama ve anlatma becerileri geli\u015fmi\u015f d\u00fc\u015f\u00fcnen ve duyarl\u0131 bireyleri yeti\u015ftirmektir. Bu amac\u0131n ger\u00e7ekle\u015ftirilmesinde etkinlik temelli ortamlara gereksinim vard\u0131r. \u00c7\u00fcnk\u00fc okuma, konu\u015fma, yazma<span class=\"excerpt-hellip\"> [\u2026]<\/span><\/p>\n","protected":false},"featured_media":0,"template":"","meta":{"_monsterinsights_skip_tracking":false,"_monsterinsights_sitenote_active":false,"_monsterinsights_sitenote_note":"","_monsterinsights_sitenote_category":0},"product_brand":[],"product_cat":[15351,15350],"product_tag":[],"class_list":{"0":"post-706454","1":"product","2":"type-product","3":"status-publish","5":"product_cat-ders-kitaplari","6":"product_cat-hukuk","7":"pa_cilt-ciltsiz","8":"pa_tur-kitap","9":"pa_yayinevi-ani-yayincilik","10":"pa_yazar-erkan-cer","12":"first","13":"instock","14":"sale","15":"shipping-taxable","16":"purchasable","17":"product-type-simple"},"_links":{"self":[{"href":"https:\/\/roveyayinevi.com.tr\/index.php\/wp-json\/wp\/v2\/product\/706454","targetHints":{"allow":["GET"]}}],"collection":[{"href":"https:\/\/roveyayinevi.com.tr\/index.php\/wp-json\/wp\/v2\/product"}],"about":[{"href":"https:\/\/roveyayinevi.com.tr\/index.php\/wp-json\/wp\/v2\/types\/product"}],"wp:attachment":[{"href":"https:\/\/roveyayinevi.com.tr\/index.php\/wp-json\/wp\/v2\/media?parent=706454"}],"wp:term":[{"taxonomy":"product_brand","embeddable":true,"href":"https:\/\/roveyayinevi.com.tr\/index.php\/wp-json\/wp\/v2\/product_brand?post=706454"},{"taxonomy":"product_cat","embeddable":true,"href":"https:\/\/roveyayinevi.com.tr\/index.php\/wp-json\/wp\/v2\/product_cat?post=706454"},{"taxonomy":"product_tag","embeddable":true,"href":"https:\/\/roveyayinevi.com.tr\/index.php\/wp-json\/wp\/v2\/product_tag?post=706454"}],"curies":[{"name":"wp","href":"https:\/\/api.w.org\/{rel}","templated":true}]}}