{"id":706453,"date":"2025-08-27T15:56:26","date_gmt":"2025-08-27T12:56:26","guid":{"rendered":"https:\/\/roveyayinevi.com.tr\/index.php\/urun\/nitel-veri-analizinde-adim-adim-nvivo-kullanimi\/"},"modified":"2026-04-16T02:15:00","modified_gmt":"2026-04-15T23:15:00","slug":"nitel-veri-analizinde-adim-adim-nvivo-kullanimi","status":"publish","type":"product","link":"https:\/\/roveyayinevi.com.tr\/index.php\/urun\/nitel-veri-analizinde-adim-adim-nvivo-kullanimi\/","title":{"rendered":"Nitel Veri Analizinde Ad\u0131m Ad\u0131m NVivo Kullan\u0131m\u0131"},"content":{"rendered":"<p>Nitel veri analizinde bilgisayar destekli nitel veri analizi programlar\u0131n\u0131n ara\u00e7 olarak kullan\u0131m\u0131ndan daha \u00e7ok ama\u00e7 olarak kullan\u0131lmaya ba\u015fland\u0131\u011f\u0131n\u0131n g\u00f6zlenmesi bu kitab\u0131n yaz\u0131lmas\u0131n\u0131n temel gerek\u00e7elerinden birisidir. Di\u011fer bir ifadeyle, genel olarak NVivo program\u0131n\u0131n kullan\u0131m\u0131n\u0131n nitel veri analizinin \u00f6n\u00fcne ge\u00e7mi\u015f oldu\u011fu g\u00f6zlenmektedir. Bu durum ise, ham ve doymam\u0131\u015f nitel veri analizlerinin ortaya \u00e7\u0131kmas\u0131na sebep olmaktad\u0131r. Ayn\u0131 zamanda nitel ara\u015ft\u0131rma y\u00f6ntemlerinin T\u00fcrkiye\u2019deki ge\u00e7mi\u015finin yak\u0131n zamanlara dayan\u0131yor olmas\u0131ndan dolay\u0131, nitel ara\u015ft\u0131rma y\u00f6ntemleri ile ilgili s\u0131n\u0131rl\u0131 say\u0131da kaynak bulunmas\u0131 da bu kitab\u0131n olu\u015fturulmas\u0131nda etken olmu\u015ftur. Kitab\u0131n yap\u0131s\u0131n\u0131n olu\u015fturulmas\u0131nda nitel veri analizi s\u00fcreci ve analiz basamaklar\u0131 odak olarak al\u0131nm\u0131\u015ft\u0131r. Bu veri analizi s\u00fcrecinde NVivo\u2019nun nas\u0131l kullan\u0131labilece\u011fi detayl\u0131 olarak a\u00e7\u0131klanmaya \u00e7al\u0131\u015f\u0131lm\u0131\u015ft\u0131r. Bu anlamda bu kitap, nitel veri analizi nedir ve nas\u0131l yap\u0131l\u0131r bilgisine sahip bir ara\u015ft\u0131rmac\u0131n\u0131n b\u00fct\u00fcn bilgisayar destekli nitel veri analizi programlar\u0131n\u0131 rahatl\u0131kla kullanabilece\u011fi g\u00f6r\u00fc\u015f\u00fcne dayal\u0131 olarak olu\u015fturulmu\u015ftur. Di\u011fer bir ifade ile bu kitap, NVivo program\u0131n\u0131n kullan\u0131m\u0131na de\u011fil, nitel veri analizi s\u00fcrecinde NVivo program\u0131n\u0131n kullan\u0131m\u0131na odaklanmaktad\u0131r. Bu durum ise, bu kitab\u0131n temel \u00f6zg\u00fcnl\u00fck noktas\u0131n\u0131 olu\u015fturmaktad\u0131r. Lisans\u00fcst\u00fc d\u00fczeyde y\u00fcr\u00fctt\u00fc\u011f\u00fcm Nitel Ara\u015ft\u0131rma Y\u00f6ntemleri ve Nitel Veri Analizi derslerinde, \u201cNVivo ile Nitel Veri Analizi\u201d konusunda \u00e7e\u015fitli konferanslardaki \u00e7al\u0131\u015ftaylarda ve An\u0131 Yay\u0131nc\u0131l\u0131k taraf\u0131ndan ger\u00e7ekle\u015ftirilen e\u011fitimlerde edinilen deneyimler, kitab\u0131n yap\u0131s\u0131n\u0131n olu\u015fturulmas\u0131n\u0131 sa\u011flam\u0131\u015ft\u0131r. \u00d6rne\u011fin, kitab\u0131n 4. b\u00f6l\u00fcm\u00fcnde ge\u00e7en \u201cak\u0131ll\u0131 d\u00f6k\u00fcm\u201d ifadesi, NVivo e\u011fitimine kat\u0131lan bir kat\u0131l\u0131mc\u0131n\u0131n kitaba katt\u0131\u011f\u0131 bir ifade olmu\u015ftur. \ufffcTan\u0131t\u0131m Metni<\/p>\n","protected":false},"excerpt":{"rendered":"<p>Nitel veri analizinde bilgisayar destekli nitel veri analizi programlar\u0131n\u0131n ara\u00e7 olarak kullan\u0131m\u0131ndan daha \u00e7ok ama\u00e7 olarak kullan\u0131lmaya ba\u015fland\u0131\u011f\u0131n\u0131n g\u00f6zlenmesi bu kitab\u0131n yaz\u0131lmas\u0131n\u0131n temel gerek\u00e7elerinden birisidir. Di\u011fer<span class=\"excerpt-hellip\"> [\u2026]<\/span><\/p>\n","protected":false},"featured_media":0,"template":"","meta":{"_monsterinsights_skip_tracking":false,"_monsterinsights_sitenote_active":false,"_monsterinsights_sitenote_note":"","_monsterinsights_sitenote_category":0},"product_brand":[],"product_cat":[12573,12566],"product_tag":[],"class_list":{"0":"post-706453","1":"product","2":"type-product","3":"status-publish","5":"product_cat-akademik-kitaplar","6":"product_cat-egitim","7":"pa_cilt-ciltsiz","8":"pa_tur-kitap","9":"pa_yayinevi-ani-yayincilik","10":"pa_yazar-isil-kabakci-yurdakul","12":"first","13":"instock","14":"sale","15":"shipping-taxable","16":"purchasable","17":"product-type-simple"},"_links":{"self":[{"href":"https:\/\/roveyayinevi.com.tr\/index.php\/wp-json\/wp\/v2\/product\/706453","targetHints":{"allow":["GET"]}}],"collection":[{"href":"https:\/\/roveyayinevi.com.tr\/index.php\/wp-json\/wp\/v2\/product"}],"about":[{"href":"https:\/\/roveyayinevi.com.tr\/index.php\/wp-json\/wp\/v2\/types\/product"}],"wp:attachment":[{"href":"https:\/\/roveyayinevi.com.tr\/index.php\/wp-json\/wp\/v2\/media?parent=706453"}],"wp:term":[{"taxonomy":"product_brand","embeddable":true,"href":"https:\/\/roveyayinevi.com.tr\/index.php\/wp-json\/wp\/v2\/product_brand?post=706453"},{"taxonomy":"product_cat","embeddable":true,"href":"https:\/\/roveyayinevi.com.tr\/index.php\/wp-json\/wp\/v2\/product_cat?post=706453"},{"taxonomy":"product_tag","embeddable":true,"href":"https:\/\/roveyayinevi.com.tr\/index.php\/wp-json\/wp\/v2\/product_tag?post=706453"}],"curies":[{"name":"wp","href":"https:\/\/api.w.org\/{rel}","templated":true}]}}