{"id":706451,"date":"2025-08-27T15:56:25","date_gmt":"2025-08-27T12:56:25","guid":{"rendered":"https:\/\/roveyayinevi.com.tr\/index.php\/urun\/ogrenmenin-norofizyolojisi-ogretimde-yeni-yaklasimlar\/"},"modified":"2026-04-16T02:15:00","modified_gmt":"2026-04-15T23:15:00","slug":"ogrenmenin-norofizyolojisi-ogretimde-yeni-yaklasimlar","status":"publish","type":"product","link":"https:\/\/roveyayinevi.com.tr\/index.php\/urun\/ogrenmenin-norofizyolojisi-ogretimde-yeni-yaklasimlar\/","title":{"rendered":"\u00d6\u011frenmenin N\u00f6rofizyolojisi \u00d6\u011fretimde Yeni Yakla\u015f\u0131mlar"},"content":{"rendered":"<p>D\u00fcnyadaki h\u0131zl\u0131 geli\u015fme ve de\u011fi\u015fimler, hemen her alanda d\u00f6n\u00fc\u015f\u00fcme yol a\u00e7m\u0131\u015ft\u0131r. Siyasal, sosyal, k\u00fclt\u00fcrel, ekonomik ve teknolojik bak\u0131mdan, bug\u00fcn, b\u0131rak\u0131n\u0131z uzak ge\u00e7mi\u015fi, yak\u0131n ge\u00e7mi\u015fimize g\u00f6re dahi farkl\u0131 bir d\u00fcnyada ya\u015f\u0131yoruz.\u00e7ok klasik bir deyi\u015f olsa da, bu h\u0131zl\u0131 de\u011fi\u015fime uyum sa\u011flamada anahtar rol &#8220;e\u011fitim&#8221;dedir. Geni\u015f anlamda e\u011fitim, dar anlamda \u00f6\u011frenme-\u00f6\u011fretme alan\u0131nda ortaya \u00e7\u0131kan kuram ve yakla\u015f\u0131mlar\u0131n uygulamaya ta\u015f\u0131nmas\u0131 \u00fclkemizin gelece\u011fi bak\u0131m\u0131ndan \u00f6nem ta\u015f\u0131maktad\u0131r. Bizler dedelerimizin, bizim \u00e7ocuklar\u0131m\u0131z ve torunlar\u0131m\u0131z da bizim yeti\u015fti\u011fimiz sistemle e\u011fitiliyorlarsa burada bir yanl\u0131\u015fl\u0131k var demektir.Bu \u00e7al\u0131\u015fmada, \u00f6ncelikle \u00f6\u011frenmenin n\u00f6rofizyolojisi \u00fczerinde durulmu\u015f, sonra s\u0131ras\u0131yla bilgiyi i\u015fleme kuram\u0131, y\u00fcr\u00fct\u00fcc\u00fc bili\u015f, yap\u0131land\u0131rmac\u0131l\u0131k, yans\u0131tmac\u0131l\u0131k, yarat\u0131c\u0131l\u0131k, ele\u015ftirel d\u00fc\u015f\u00fcnme, \u00e7oklu zek\u00e2 kuram\u0131, \u00f6zerk \u00f6\u011frenme, probleme dayal\u0131 \u00f6\u011frenme, proje tabanl\u0131 \u00f6\u011frenme, tam \u00f6\u011frenme, bilgisayar destekli \u00f6\u011fretim, uzaktan e\u011fitim, i\u015fbirli\u011fine dayal\u0131 \u00f6\u011frenme, hayat boyu \u00f6\u011frenme gibi yakla\u015f\u0131mlar ele al\u0131nm\u0131\u015ft\u0131r.\u00e7al\u0131\u015fman\u0131n \u00f6\u011fretmen adaylar\u0131na, \u00f6\u011fretmenlere ve ba\u015fta e\u011fitim olmak \u00fczere, ba\u015fka alanlarda da lisans\u00fcst\u00fc e\u011fitim yapan meslekta\u015flar\u0131m\u0131za yararl\u0131 olmas\u0131 d\u00fc\u015f\u00fcn\u00fclmektedir. <\/p>\n","protected":false},"excerpt":{"rendered":"<p>D\u00fcnyadaki h\u0131zl\u0131 geli\u015fme ve de\u011fi\u015fimler, hemen her alanda d\u00f6n\u00fc\u015f\u00fcme yol a\u00e7m\u0131\u015ft\u0131r. Siyasal, sosyal, k\u00fclt\u00fcrel, ekonomik ve teknolojik bak\u0131mdan, bug\u00fcn, b\u0131rak\u0131n\u0131z uzak ge\u00e7mi\u015fi, yak\u0131n ge\u00e7mi\u015fimize g\u00f6re dahi<span class=\"excerpt-hellip\"> [\u2026]<\/span><\/p>\n","protected":false},"featured_media":0,"template":"","meta":{"_monsterinsights_skip_tracking":false,"_monsterinsights_sitenote_active":false,"_monsterinsights_sitenote_note":"","_monsterinsights_sitenote_category":0},"product_brand":[],"product_cat":[12573,12566],"product_tag":[],"class_list":{"0":"post-706451","1":"product","2":"type-product","3":"status-publish","5":"product_cat-akademik-kitaplar","6":"product_cat-egitim","7":"pa_cilt-ciltsiz","8":"pa_tur-kitap","9":"pa_yayinevi-ani-yayincilik","10":"pa_yazar-mehmet-arslan","12":"first","13":"instock","14":"sale","15":"shipping-taxable","16":"purchasable","17":"product-type-simple"},"_links":{"self":[{"href":"https:\/\/roveyayinevi.com.tr\/index.php\/wp-json\/wp\/v2\/product\/706451","targetHints":{"allow":["GET"]}}],"collection":[{"href":"https:\/\/roveyayinevi.com.tr\/index.php\/wp-json\/wp\/v2\/product"}],"about":[{"href":"https:\/\/roveyayinevi.com.tr\/index.php\/wp-json\/wp\/v2\/types\/product"}],"wp:attachment":[{"href":"https:\/\/roveyayinevi.com.tr\/index.php\/wp-json\/wp\/v2\/media?parent=706451"}],"wp:term":[{"taxonomy":"product_brand","embeddable":true,"href":"https:\/\/roveyayinevi.com.tr\/index.php\/wp-json\/wp\/v2\/product_brand?post=706451"},{"taxonomy":"product_cat","embeddable":true,"href":"https:\/\/roveyayinevi.com.tr\/index.php\/wp-json\/wp\/v2\/product_cat?post=706451"},{"taxonomy":"product_tag","embeddable":true,"href":"https:\/\/roveyayinevi.com.tr\/index.php\/wp-json\/wp\/v2\/product_tag?post=706451"}],"curies":[{"name":"wp","href":"https:\/\/api.w.org\/{rel}","templated":true}]}}