{"id":706450,"date":"2025-08-27T15:56:25","date_gmt":"2025-08-27T12:56:25","guid":{"rendered":"https:\/\/roveyayinevi.com.tr\/index.php\/urun\/liderlik-ve-okul-yonetimi\/"},"modified":"2026-04-16T02:15:00","modified_gmt":"2026-04-15T23:15:00","slug":"liderlik-ve-okul-yonetimi","status":"publish","type":"product","link":"https:\/\/roveyayinevi.com.tr\/index.php\/urun\/liderlik-ve-okul-yonetimi\/","title":{"rendered":"Liderlik ve Okul Y\u00f6netimi"},"content":{"rendered":"<p>E\u011fitimin her d\u00fczeyinde okullar\u0131n ba\u015far\u0131s\u0131nda,ba\u015fta okulun lideri olarak okul m\u00fcd\u00fcrlerinin ve onlar\u0131n en b\u00fcy\u00fck destek\u00e7ileri olan m\u00fcd\u00fcr yard\u0131mc\u0131lar\u0131n\u0131n \u00e7ok \u00f6nemli rollerinin oldu\u011fu bir ger\u00e7ekliktir.Ayr\u0131ca,\u00e7a\u011fda\u015f okul y\u00f6netiminde \u00f6\u011fretmenlerin liderlik rolleri de hi\u00e7bir zaman yads\u0131namaz.Ancak,okul y\u00f6netiminde liderli\u011fin bile\u015fenleri nelerdir,liderlik okul y\u00f6netiminde nas\u0131l alg\u0131lanmal\u0131d\u0131r, liderlik bilgi ve bece\u0131 nas\u0131rileri hangi y\u00f6ntemlerle kazand\u0131r\u0131labilir ve okul liderleri olarak okul m\u00fcd\u00fcrlerinin sorumluluklar\u0131 nelerdir ve bunlar\u0131 nas\u0131l yerine getirebilirler? Bu temel sorulara cevap vermek \u00fczere elimizdeki bu kitap olu\u015fturulmu\u015ftur.Kitapta on b\u00f6l\u00fcm yer almaktad\u0131r.Her b\u00f6l\u00fcm okul y\u00f6netimi ve liderlik konular\u0131 ile ili\u015fkilendirilmeye \u00e7al\u0131\u015f\u0131lm\u0131\u015f,uygulay\u0131c\u0131lar\u0131n yararlanabilce\u011fi bilgilere ve \u00f6nerilere yer verilmi\u015ftir.T\u00fcm okul y\u00f6neticilerine,\u00f6\u011fretmenlere ve \u00f6\u011fretme adaylar\u0131na,lisans\u00fcst\u00fc \u00e7al\u0131\u015fmalar yapan gelece\u011fin y\u00f6neticilerine ve okul y\u00f6netimine ilgi duyan herkese katk\u0131 sa\u011flanmas\u0131 dile\u011fi ile. <\/p>\n","protected":false},"excerpt":{"rendered":"<p>E\u011fitimin her d\u00fczeyinde okullar\u0131n ba\u015far\u0131s\u0131nda,ba\u015fta okulun lideri olarak okul m\u00fcd\u00fcrlerinin ve onlar\u0131n en b\u00fcy\u00fck destek\u00e7ileri olan m\u00fcd\u00fcr yard\u0131mc\u0131lar\u0131n\u0131n \u00e7ok \u00f6nemli rollerinin oldu\u011fu bir ger\u00e7ekliktir.Ayr\u0131ca,\u00e7a\u011fda\u015f okul y\u00f6netiminde<span class=\"excerpt-hellip\"> [\u2026]<\/span><\/p>\n","protected":false},"featured_media":0,"template":"","meta":{"_monsterinsights_skip_tracking":false,"_monsterinsights_sitenote_active":false,"_monsterinsights_sitenote_note":"","_monsterinsights_sitenote_category":0},"product_brand":[],"product_cat":[12312,12304],"product_tag":[],"class_list":{"0":"post-706450","1":"product","2":"type-product","3":"status-publish","5":"product_cat-diger","6":"product_cat-tarih","7":"pa_cilt-ciltsiz","8":"pa_tur-kitap","9":"pa_yayinevi-ani-yayincilik","10":"pa_yazar-okay-gedikoglu","12":"first","13":"instock","14":"sale","15":"shipping-taxable","16":"purchasable","17":"product-type-simple"},"_links":{"self":[{"href":"https:\/\/roveyayinevi.com.tr\/index.php\/wp-json\/wp\/v2\/product\/706450","targetHints":{"allow":["GET"]}}],"collection":[{"href":"https:\/\/roveyayinevi.com.tr\/index.php\/wp-json\/wp\/v2\/product"}],"about":[{"href":"https:\/\/roveyayinevi.com.tr\/index.php\/wp-json\/wp\/v2\/types\/product"}],"wp:attachment":[{"href":"https:\/\/roveyayinevi.com.tr\/index.php\/wp-json\/wp\/v2\/media?parent=706450"}],"wp:term":[{"taxonomy":"product_brand","embeddable":true,"href":"https:\/\/roveyayinevi.com.tr\/index.php\/wp-json\/wp\/v2\/product_brand?post=706450"},{"taxonomy":"product_cat","embeddable":true,"href":"https:\/\/roveyayinevi.com.tr\/index.php\/wp-json\/wp\/v2\/product_cat?post=706450"},{"taxonomy":"product_tag","embeddable":true,"href":"https:\/\/roveyayinevi.com.tr\/index.php\/wp-json\/wp\/v2\/product_tag?post=706450"}],"curies":[{"name":"wp","href":"https:\/\/api.w.org\/{rel}","templated":true}]}}