{"id":706449,"date":"2025-08-27T15:56:24","date_gmt":"2025-08-27T12:56:24","guid":{"rendered":"https:\/\/roveyayinevi.com.tr\/index.php\/urun\/intihar-sosyo-psikolojik-kulturel-ve-ekonomik-bir-cozumleme\/"},"modified":"2026-04-16T02:15:00","modified_gmt":"2026-04-15T23:15:00","slug":"intihar-sosyo-psikolojik-kulturel-ve-ekonomik-bir-cozumleme","status":"publish","type":"product","link":"https:\/\/roveyayinevi.com.tr\/index.php\/urun\/intihar-sosyo-psikolojik-kulturel-ve-ekonomik-bir-cozumleme\/","title":{"rendered":"\u0130ntihar Sosyo &#8211; Psikolojik, K\u00fclt\u00fcrel ve Ekonomik Bir \u00c7\u00f6z\u00fcmleme"},"content":{"rendered":"<p>\u0130NT\u0130HAR SOSYO-FS\u0130KOLOJ\u0130K, K\u00fcLT\u00fcREL VE EKONOM\u0130K B\u0130R \u00e7\u00f6Z\u00fcMLEMEKi\u015finin kendi iradesiyle kendisinin fiziksel varl\u0131\u011f\u0131na son vermesi, yani intihar etmesi, ya\u015fam\u0131ndaki uzun s\u00fcreli olumsuz ili\u015fkilerin ve deneyimlerin ki\u015finin benli\u011finde yaratt\u0131klar\u0131 k\u0131zg\u0131nl\u0131klar\u0131n ve k\u0131r\u0131lmalar\u0131n birikiminin bir sonucu olabildi\u011fi kadar, k\u0131sa s\u00fcreli ve ani olumsuz ili\u015fki, deneyim ve olaylar\u0131n benlikte yarat\u0131klar\u0131 bir k\u0131zg\u0131nl\u0131k ve k\u0131r\u0131lman\u0131n sonucunda da olabilmektedir. Ba\u015fka bir deyi\u015fle, uzun bir s\u00fcrece yay\u0131lm\u0131\u015f birikimli sosyal, ekonomik ve k\u00fclt\u00fcrel fakt\u00f6rlerin yol a\u00e7t\u0131klar\u0131 olumsuz ili\u015fki ve deneyimler kadar, i\u00e7inde ya\u015fan\u0131lan toplumsal \u00e7evrede ortaya \u00e7\u0131km\u0131\u015f olan ani ve beklenmedik sosyal, ekonomik ve k\u00fclt\u00fcrel de\u011fi\u015fim ve d\u00f6n\u00fc\u015f\u00fcmler de intihar eylemine yol a\u00e7m\u0131\u015f olabilirler. Tezah\u00fcr\u00fc veya d\u0131\u015favurumu itibar\u0131yla bireysel psikolojik bir olgu \u00f6zelli\u011fi g\u00f6steren intihar eyleminin arkas\u0131nda yatan nedenler, genel itibar\u0131yla sosyal, ekonomik ve k\u00fclt\u00fcrel \u00f6zelliklere sahiptirler. Ba\u015fka bir deyi\u015fle neden-sonu\u00e7 \u00e7er\u00e7evesi i\u00e7inde intihar, sosyal psikolojik bir olayd\u0131r.Ki\u015fi veya bireye has ve bu ki\u015fi veya birey taraf\u0131ndan ger\u00e7ekle\u015ftirilen bir eylem olarak psikolojik, fakat bu eylemin arkas\u0131nda yatan, eyleme yol a\u00e7an ve tetikleyen ko\u015fullar anlam\u0131nda sosyolojik bir olayd\u0131r. Dolay\u0131s\u0131yla bu \u00e7al\u0131\u015fmada benimsenmi\u015f olan perspektif, intihar eylemini ve bu eylemi ger\u00e7ekle\u015ftiren ki\u015fiyi i\u00e7inde ya\u015fam\u0131\u015f oldu\u011fu toplumsal \u00e7evreden yal\u0131t\u0131lm\u0131\u015f ve kendi i\u00e7ine kapat\u0131lm\u0131\u015f bir ger\u00e7eklik olarak de\u011fil, tam tersine, hem intihar eylemini ger\u00e7ekle\u015ftirmi\u015f ki\u015fiyi ve hem de eylemin kendisini sosyal, ekonomik ve k\u00fclt\u00fcrel bir \u00f6r\u00fcnt\u00fcler ve ili\u015fkiler \u00e7er\u00e7evesini i\u00e7ermektedir. S\u0131radan ve g\u00fcndelik zihinlerde &#8220;gizemli&#8221;, &#8220;\u00fcrk\u00fct\u00fcc\u00fc&#8221; ve &#8220;korkun\u00e7&#8221; bir etki yaratan intihar eylemi, toplumsal ger\u00e7ekli\u011fin tarihsel ve uzamsal boyutlardaki ekonomik, sosyal ve k\u00fclt\u00fcrel \u00f6zelliklerin kesi\u015fti\u011fi farkl\u0131 zaman ve k\u00fclt\u00fcrel u\u011fraklar\u0131n kendilerine has ay\u0131rt edici \u00f6zellikleri itibar\u0131yla da toplumsal olarak tezah\u00fcr eden bir olgudur.\u0130\u00e7indekilerI. KAVRAMSAL \u00e7ER\u00e7EVEII. D\u00fcNYADAK\u0130 \u0130NT\u0130HARLARIII. T\u00fcRK\u0130YE&#8217;N\u0130N DO\u011eU VE BATI B\u00f6LGELER\u0130NDEK\u0130 \u0130NT\u0130HARLARIN KAR\u015eILA\u015eTIRILMASIIV. VAN&#8217;DAK\u0130 \u0130NT\u0130HAR G\u0130R\u0130\u015e\u0130MLER\u0130IV. 1. Niceliksel Analizler ve BulgularIV. 1.1. Demografik, Sosyal ve Ekonomik \u00f6zelliklerIV. 1.2. Giri\u015fim \u00f6ncesindeki Olumsuz DeneyimlerIV. 1.3. Aile \u0130\u00e7i Tutumlar, Davran\u0131\u015flar ve \u0130li\u015fkilerIV. 1.4. Cinsiyete Ba\u011fl\u0131 Olarak Aile \u0130\u00e7i Tutum ve \u0130li\u015fkilerdekiFarkl\u0131l\u0131klarIV. 2. Niteliksel Analizler ve BulgularV. VAN&#8217;DAK\u0130 \u0130NT\u0130HAR VAKALARIV. 1. Niceliksel Analizler ve BulgularV. 1. 1 Demografik, Sosyal ve Ekonomik \u00f6zelliklerV.1. 2. Aile \u0130\u00e7i Tutumlar, Davran\u0131\u015flar ve \u0130li\u015fkilerV. 2. Niteliksel Analizler ve BulgularVI. SONU\u00e7, YORUM VE TARTI\u015eMA <\/p>\n","protected":false},"excerpt":{"rendered":"<p>\u0130NT\u0130HAR SOSYO-FS\u0130KOLOJ\u0130K, K\u00fcLT\u00fcREL VE EKONOM\u0130K B\u0130R \u00e7\u00f6Z\u00fcMLEMEKi\u015finin kendi iradesiyle kendisinin fiziksel varl\u0131\u011f\u0131na son vermesi, yani intihar etmesi, ya\u015fam\u0131ndaki uzun s\u00fcreli olumsuz ili\u015fkilerin ve deneyimlerin ki\u015finin benli\u011finde<span class=\"excerpt-hellip\"> [\u2026]<\/span><\/p>\n","protected":false},"featured_media":0,"template":"","meta":{"_monsterinsights_skip_tracking":false,"_monsterinsights_sitenote_active":false,"_monsterinsights_sitenote_note":"","_monsterinsights_sitenote_category":0},"product_brand":[],"product_cat":[12358,12357],"product_tag":[],"class_list":{"0":"post-706449","1":"product","2":"type-product","3":"status-publish","5":"product_cat-genel-psikoloji","6":"product_cat-psikoloji","7":"pa_cilt-ciltsiz","8":"pa_tur-kitap","9":"pa_yayinevi-ani-yayincilik","10":"pa_yazar-mehmet-ruhi-kose","12":"first","13":"instock","14":"sale","15":"shipping-taxable","16":"purchasable","17":"product-type-simple"},"_links":{"self":[{"href":"https:\/\/roveyayinevi.com.tr\/index.php\/wp-json\/wp\/v2\/product\/706449","targetHints":{"allow":["GET"]}}],"collection":[{"href":"https:\/\/roveyayinevi.com.tr\/index.php\/wp-json\/wp\/v2\/product"}],"about":[{"href":"https:\/\/roveyayinevi.com.tr\/index.php\/wp-json\/wp\/v2\/types\/product"}],"wp:attachment":[{"href":"https:\/\/roveyayinevi.com.tr\/index.php\/wp-json\/wp\/v2\/media?parent=706449"}],"wp:term":[{"taxonomy":"product_brand","embeddable":true,"href":"https:\/\/roveyayinevi.com.tr\/index.php\/wp-json\/wp\/v2\/product_brand?post=706449"},{"taxonomy":"product_cat","embeddable":true,"href":"https:\/\/roveyayinevi.com.tr\/index.php\/wp-json\/wp\/v2\/product_cat?post=706449"},{"taxonomy":"product_tag","embeddable":true,"href":"https:\/\/roveyayinevi.com.tr\/index.php\/wp-json\/wp\/v2\/product_tag?post=706449"}],"curies":[{"name":"wp","href":"https:\/\/api.w.org\/{rel}","templated":true}]}}