{"id":706447,"date":"2025-08-27T15:56:24","date_gmt":"2025-08-27T12:56:24","guid":{"rendered":"https:\/\/roveyayinevi.com.tr\/index.php\/urun\/uygulamali-ilkokuma-yazma-ogretimi\/"},"modified":"2026-04-16T02:15:00","modified_gmt":"2026-04-15T23:15:00","slug":"uygulamali-ilkokuma-yazma-ogretimi","status":"publish","type":"product","link":"https:\/\/roveyayinevi.com.tr\/index.php\/urun\/uygulamali-ilkokuma-yazma-ogretimi\/","title":{"rendered":"Uygulamal\u0131 \u0130lkokuma Yazma \u00d6\u011fretimi"},"content":{"rendered":"<p>\u0130lkokuma- yazma \u00f6\u011fretimi, \u00e7ok zevk duyulan bir alan\u0131d\u0131r. \u00e7ocuklarla birlikte d\u00fc\u015f\u00fcn\u00fclen, onlarla birlikte oynanan bir oyun gibidir o-kuma- yazma \u00f6\u011fretimi. Aradan y\u0131llar ge\u00e7ti\u011fi halde, ilkokul birinci s\u0131n\u0131flar\u0131 okuttu\u011fum zamanlardaki okuma-yazma \u00e7al\u0131\u015fmalar\u0131n\u0131 ve bu dersteki okuma-yazma oyunlar\u0131m\u0131z\u0131 zevkle, \u00f6zlemle hat\u0131rlar\u0131m. Okuma-yazma \u00f6\u011fretimi, ayr\u0131ca \u00e7ok mutluluk verici ve k\u0131van\u00e7 duyulan bir \u00e7al\u0131\u015fmad\u0131r. \u00e7\u00fcnk\u00fc, bu derste \u00e7ocuklara, \u00e7a\u011fda\u015fl\u0131\u011f\u0131n ilk \u0131\u015f\u0131klan, \u0130lk ayd\u0131nl\u0131\u011f\u0131 verilmektedir. Kar\u015f\u0131m\u0131zda oturmu\u015f olan g\u00fczel y\u00fczl\u00fc, sevimli \u00e7ocuklar, bizden uygulad\u0131\u011f\u0131 anlaman\u0131n ilk sihirli \u0131\u015f\u0131klar\u0131n\u0131 beklemektedir. Bu g\u00fczel \u00e7ocuklara, ilk \u00f6nce \u00e7izgileri \u00e7izmeyi \u00f6\u011fretece\u011fiz; sonra bu \u00e7izgiler \u00e7e\u015fitli \u015fekillerde birle\u015ferek anlam kazanacaklar, harfler, heceler, kelimeler, c\u00fcmleler, metinler olacaklard\u0131r. Anlams\u0131z \u00e7izgileri birle\u015ftirerek okuma-yazma haline getirmek, \u00e7izgilere anlam y\u00fcklemek ne kadar b\u00fcy\u00fck bir i\u015ftir! T\u0131pk\u0131 di\u011fer canl\u0131larda, genellikle beslenmek amac\u0131yla kullan\u0131lan &#8220;dil organ\u0131na&#8221; insan zek\u00e2s\u0131n\u0131n, konu\u015fmak, \u015fark\u0131 s\u00f6ylemek vb. \u00fcst\u00fcn de\u011ferde beceriler y\u00fckledi\u011fi gibi, okuma-yazma becerisini, \u00e7izgilere y\u00fckleyerek kazand\u0131ran sanat\u00e7\u0131 ise \u00f6\u011fretmendir. Ne mutlu b\u00f6yle g\u00fczel bir hizmet yapan \u00f6\u011fretmenlere! Okuma-yazma \u00f6\u011fretimini, zevkli bir \u00e7al\u0131\u015fma haline getirmek i\u00e7in bu alan\u0131n y\u00f6ntemlerini, tekniklerini bilmek gerekmektedir. &#8220;Uygulamal\u0131 \u0130lkokuma Yazma \u00f6\u011fretimi&#8221; kitab\u0131, bu amac\u0131 ger\u00e7ekle\u015ftirmeyi hedeflemi\u015ftir. Kitapta, \u0130lk\u00f6\u011fretim Program\u0131na paralel bir ifade tara kullan\u0131lm\u0131\u015ft\u0131r. Bu kitap, e\u011fitim fak\u00fcltelerimizin s\u0131n\u0131f \u00f6\u011fretmenli\u011fi b\u00f6l\u00fcm\u00fcnde okuyan \u00f6\u011frencilerimizle, s\u0131n\u0131f \u00f6\u011fretmeni olmak isteyen di\u011fer \u00f6\u011frencilerimiz i\u00e7in ders kitab\u0131, ilk\u00f6\u011fretim alan\u0131nda ve \u0130lk\u00f6\u011fretim okullar\u0131nda \u00e7al\u0131\u015fan \u00f6\u011fretmenlerimiz, y\u00f6neticilerimiz i\u00e7in kaynak kitap olarak haz\u0131rlanm\u0131\u015ft\u0131r. Bilindi\u011fi gibi, ilkokuma-yazma \u00f6\u011fretimi, belirli y\u00f6ntem, teknik ve a-ra\u00e7larm sistemli bir \u015fekilde kullan\u0131lmas\u0131n\u0131 gerektiren bir \u00e7al\u0131\u015fma alan\u0131d\u0131r. Ancak b\u00f6yle sistemli bir \u00e7al\u0131\u015fma ile, ilkokuma-yazma faliyetleri \u00f6\u011fretmen ve \u00f6\u011frenciler i\u00e7in zevkli bir hale gelebilir ve istenen amaca ula\u015f\u0131-labilir.B\u00f6ylece, okula yeni ba\u015flam\u0131\u015f bulunana \u00f6\u011frenciler, okul hayatlar\u0131n\u0131 ilk y\u0131l\u0131ndan itibaren basan zevkini ve hevesini tadabilirler. <\/p>\n","protected":false},"excerpt":{"rendered":"<p>\u0130lkokuma- yazma \u00f6\u011fretimi, \u00e7ok zevk duyulan bir alan\u0131d\u0131r. \u00e7ocuklarla birlikte d\u00fc\u015f\u00fcn\u00fclen, onlarla birlikte oynanan bir oyun gibidir o-kuma- yazma \u00f6\u011fretimi. Aradan y\u0131llar ge\u00e7ti\u011fi halde, ilkokul birinci<span class=\"excerpt-hellip\"> [\u2026]<\/span><\/p>\n","protected":false},"featured_media":0,"template":"","meta":{"_monsterinsights_skip_tracking":false,"_monsterinsights_sitenote_active":false,"_monsterinsights_sitenote_note":"","_monsterinsights_sitenote_category":0},"product_brand":[],"product_cat":[12312,12304],"product_tag":[],"class_list":{"0":"post-706447","1":"product","2":"type-product","3":"status-publish","5":"product_cat-diger","6":"product_cat-tarih","7":"pa_cilt-ciltsiz","8":"pa_tur-kitap","9":"pa_yayinevi-ani-yayincilik","10":"pa_yazar-m-feyzi-oz","12":"first","13":"instock","14":"sale","15":"shipping-taxable","16":"purchasable","17":"product-type-simple"},"_links":{"self":[{"href":"https:\/\/roveyayinevi.com.tr\/index.php\/wp-json\/wp\/v2\/product\/706447","targetHints":{"allow":["GET"]}}],"collection":[{"href":"https:\/\/roveyayinevi.com.tr\/index.php\/wp-json\/wp\/v2\/product"}],"about":[{"href":"https:\/\/roveyayinevi.com.tr\/index.php\/wp-json\/wp\/v2\/types\/product"}],"wp:attachment":[{"href":"https:\/\/roveyayinevi.com.tr\/index.php\/wp-json\/wp\/v2\/media?parent=706447"}],"wp:term":[{"taxonomy":"product_brand","embeddable":true,"href":"https:\/\/roveyayinevi.com.tr\/index.php\/wp-json\/wp\/v2\/product_brand?post=706447"},{"taxonomy":"product_cat","embeddable":true,"href":"https:\/\/roveyayinevi.com.tr\/index.php\/wp-json\/wp\/v2\/product_cat?post=706447"},{"taxonomy":"product_tag","embeddable":true,"href":"https:\/\/roveyayinevi.com.tr\/index.php\/wp-json\/wp\/v2\/product_tag?post=706447"}],"curies":[{"name":"wp","href":"https:\/\/api.w.org\/{rel}","templated":true}]}}