{"id":706445,"date":"2025-08-27T15:56:23","date_gmt":"2025-08-27T12:56:23","guid":{"rendered":"https:\/\/roveyayinevi.com.tr\/index.php\/urun\/sosyoloji-tarihi-2\/"},"modified":"2026-04-16T02:15:00","modified_gmt":"2026-04-15T23:15:00","slug":"sosyoloji-tarihi-2","status":"publish","type":"product","link":"https:\/\/roveyayinevi.com.tr\/index.php\/urun\/sosyoloji-tarihi-2\/","title":{"rendered":"Sosyoloji Tarihi 2"},"content":{"rendered":"<p>Bu eserde, sosyolojik d\u00fc\u015f\u00fcncenin ustalar\u0131 olan ve modern sosyolojinin kanallar\u0131n\u0131 a\u00e7an Bacon, Descartes ve Hobbes, sosyoloji tarihi \u00e7er\u00e7evesinde kapsaml\u0131 bir inceleme sonucunda d\u00fcnyada ilk kez bir araya geliyor. Bu kitapta, r\u00fc\u015ft\u00fcn\u00fc ispatlamaya \u00e7al\u0131\u015fan gen\u00e7 bir bilim olarak sosyolojinin tarihinde felsefenin oldu\u011fu, sosyoloji tarihine y\u00f6nelmenin felsefeyle bulu\u015fmaktan ba\u015fka bir anlam i\u00e7ermedi\u011fi, felsefesiz bir sosyoloji d\u00fcnyas\u0131 ve tarihi tasavvur etmenin g\u00fc\u00e7l\u00fc\u011f\u00fc ele al\u0131nm\u0131\u015f, bu \u00e7er\u00e7evede Bacon, Descartes ve Hobbes&#8217;un fikirlerine odaklan\u0131lm\u0131\u015ft\u0131r. Bu yap\u0131tta, sosyoloji tarihinin Bacon, Descartes ve Hobbes&#8217;un g\u00f6r\u00fc\u015fleriyle \u00f6r\u00fcld\u00fc\u011f\u00fc, onlar\u0131n felsefe sistemleriyle sosyolojiye kap\u0131 araland\u0131\u011f\u0131, dolay\u0131s\u0131yla onlar\u0131n sosyolojik d\u00fc\u015f\u00fcncenin \u00f6nemli evrelerinden biri oldu\u011fu iddia edilmi\u015ftir. Ayr\u0131ca, bu metinde, sosyoloji tarihinin abide \u015fahsiyetleri konumundaki Bacon, Descartes ve Hobbes&#8217;un temel sosyolojik fikirleri, d\u00fcnyay\u0131 de\u011fi\u015ftiren ve d\u00fcnyaya y\u00f6n veren k\u00fclt yap\u0131tlar\u0131 referans al\u0131nd\u0131\u011f\u0131nda klasik ve \u00e7a\u011fda\u015f sosyolojinin metodolojik ve teorik g\u00f6vdesinin, modern \u00e7a\u011f\u0131m\u0131z\u0131n ruhunun ve ana sorunlar\u0131n\u0131n daha do\u011fru idrak edilebilece\u011fi \u00f6ne s\u00fcr\u00fclm\u00fc\u015ft\u00fcr.Sosyoloji tarihinin anahtar d\u00fc\u015f\u00fcn\u00fcrleri olan Bacon, Descartes ve Hobbes&#8217;un fikirlerini merak edenlere&#8230; Sosyolojinin ontolojik, epistemolojik, metodolojik ve teorik g\u00f6vdelerinin bi\u00e7imlenmesinde Bacon, Descartes ve Hobbes&#8217;un rol\u00fc \u00fczerine d\u00fc\u015f\u00fcnmek isteyenlere&#8230; Sosyolojinin felsefe ile i\u00e7 i\u00e7eli\u011fini merak edenlere&#8230; Sosyolojinin felsefeyle kesi\u015fen yollar\u0131nda y\u00fcr\u00fcmeyi g\u00f6ze alanlara&#8230;<\/p>\n","protected":false},"excerpt":{"rendered":"<p>Bu eserde, sosyolojik d\u00fc\u015f\u00fcncenin ustalar\u0131 olan ve modern sosyolojinin kanallar\u0131n\u0131 a\u00e7an Bacon, Descartes ve Hobbes, sosyoloji tarihi \u00e7er\u00e7evesinde kapsaml\u0131 bir inceleme sonucunda d\u00fcnyada ilk kez bir<span class=\"excerpt-hellip\"> [\u2026]<\/span><\/p>\n","protected":false},"featured_media":0,"template":"","meta":{"_monsterinsights_skip_tracking":false,"_monsterinsights_sitenote_active":false,"_monsterinsights_sitenote_note":"","_monsterinsights_sitenote_category":0},"product_brand":[],"product_cat":[12324,27533],"product_tag":[],"class_list":{"0":"post-706445","1":"product","2":"type-product","3":"status-publish","5":"product_cat-sosyoloji","6":"product_cat-sosyolojiye-giris","7":"pa_cilt-ciltsiz","8":"pa_tur-kitap","9":"pa_yayinevi-ani-yayincilik","10":"pa_yazar-sezgin-kizilcelik","12":"first","13":"instock","14":"sale","15":"shipping-taxable","16":"purchasable","17":"product-type-simple"},"_links":{"self":[{"href":"https:\/\/roveyayinevi.com.tr\/index.php\/wp-json\/wp\/v2\/product\/706445","targetHints":{"allow":["GET"]}}],"collection":[{"href":"https:\/\/roveyayinevi.com.tr\/index.php\/wp-json\/wp\/v2\/product"}],"about":[{"href":"https:\/\/roveyayinevi.com.tr\/index.php\/wp-json\/wp\/v2\/types\/product"}],"wp:attachment":[{"href":"https:\/\/roveyayinevi.com.tr\/index.php\/wp-json\/wp\/v2\/media?parent=706445"}],"wp:term":[{"taxonomy":"product_brand","embeddable":true,"href":"https:\/\/roveyayinevi.com.tr\/index.php\/wp-json\/wp\/v2\/product_brand?post=706445"},{"taxonomy":"product_cat","embeddable":true,"href":"https:\/\/roveyayinevi.com.tr\/index.php\/wp-json\/wp\/v2\/product_cat?post=706445"},{"taxonomy":"product_tag","embeddable":true,"href":"https:\/\/roveyayinevi.com.tr\/index.php\/wp-json\/wp\/v2\/product_tag?post=706445"}],"curies":[{"name":"wp","href":"https:\/\/api.w.org\/{rel}","templated":true}]}}