{"id":706443,"date":"2025-08-27T15:56:22","date_gmt":"2025-08-27T12:56:22","guid":{"rendered":"https:\/\/roveyayinevi.com.tr\/index.php\/urun\/kapsamli-gelisimsel-rehberlik-programi\/"},"modified":"2026-04-16T02:15:00","modified_gmt":"2026-04-15T23:15:00","slug":"kapsamli-gelisimsel-rehberlik-programi","status":"publish","type":"product","link":"https:\/\/roveyayinevi.com.tr\/index.php\/urun\/kapsamli-gelisimsel-rehberlik-programi\/","title":{"rendered":"Kapsaml\u0131 Geli\u015fimsel Rehberlik  Program\u0131"},"content":{"rendered":"<p>Kitab\u0131n 5. bask\u0131s\u0131 geli\u015ftirilirken \u015funlara dikkat edilmi\u015ftir: PDR lisans programlar\u0131na &#8216; Rehberlikte Program Geli\u015ftirme&#8217; dersinin konulmas\u0131, &#8216;program&#8217; odakl\u0131 uygulama yapan geli\u015fimsel rehberlik anlay\u0131\u015f\u0131n\u0131n psikolojik dan\u0131\u015fman adaylar\u0131n\u0131n e\u011fitiminde bu anlay\u0131\u015f\u0131 benimsemeleri olduk\u00e7a \u00f6nemlidir. \u00d6zellikle bu derse kaynakl\u0131k etmesi i\u00e7in kitap kapsaml\u0131 olarak g\u00f6zden ge\u00e7irilmi\u015ftir. Ulusal ve uluslararas\u0131 program geli\u015ftirme literat\u00fcr\u00fcnde, baz\u0131 kavramlar de\u011fi\u015fmi\u015ftir. \u00d6rne\u011fin standart kavram\u0131 yerine &#8216;yeterlik&#8217;; hedef ve hedef davran\u0131\u015f kavramlar\u0131 yerine &#8216;kazan\u0131m&#8217; gelmi\u015ftir. Kitab\u0131n 5. bask\u0131s\u0131nda program alan\u0131n\u0131n yeni kavramlar\u0131 kullan\u0131lm\u0131\u015ft\u0131r. <\/p>\n","protected":false},"excerpt":{"rendered":"<p>Kitab\u0131n 5. bask\u0131s\u0131 geli\u015ftirilirken \u015funlara dikkat edilmi\u015ftir: PDR lisans programlar\u0131na &#8216; Rehberlikte Program Geli\u015ftirme&#8217; dersinin konulmas\u0131, &#8216;program&#8217; odakl\u0131 uygulama yapan geli\u015fimsel rehberlik anlay\u0131\u015f\u0131n\u0131n psikolojik dan\u0131\u015fman adaylar\u0131n\u0131n<span class=\"excerpt-hellip\"> [\u2026]<\/span><\/p>\n","protected":false},"featured_media":0,"template":"","meta":{"_monsterinsights_skip_tracking":false,"_monsterinsights_sitenote_active":false,"_monsterinsights_sitenote_note":"","_monsterinsights_sitenote_category":0},"product_brand":[],"product_cat":[12358,12357],"product_tag":[],"class_list":{"0":"post-706443","1":"product","2":"type-product","3":"status-publish","5":"product_cat-genel-psikoloji","6":"product_cat-psikoloji","7":"pa_cilt-ciltsiz","8":"pa_tur-kitap","9":"pa_yayinevi-ani-yayincilik","10":"pa_yazar-serap-nazli","12":"first","13":"instock","14":"sale","15":"shipping-taxable","16":"purchasable","17":"product-type-simple"},"_links":{"self":[{"href":"https:\/\/roveyayinevi.com.tr\/index.php\/wp-json\/wp\/v2\/product\/706443","targetHints":{"allow":["GET"]}}],"collection":[{"href":"https:\/\/roveyayinevi.com.tr\/index.php\/wp-json\/wp\/v2\/product"}],"about":[{"href":"https:\/\/roveyayinevi.com.tr\/index.php\/wp-json\/wp\/v2\/types\/product"}],"wp:attachment":[{"href":"https:\/\/roveyayinevi.com.tr\/index.php\/wp-json\/wp\/v2\/media?parent=706443"}],"wp:term":[{"taxonomy":"product_brand","embeddable":true,"href":"https:\/\/roveyayinevi.com.tr\/index.php\/wp-json\/wp\/v2\/product_brand?post=706443"},{"taxonomy":"product_cat","embeddable":true,"href":"https:\/\/roveyayinevi.com.tr\/index.php\/wp-json\/wp\/v2\/product_cat?post=706443"},{"taxonomy":"product_tag","embeddable":true,"href":"https:\/\/roveyayinevi.com.tr\/index.php\/wp-json\/wp\/v2\/product_tag?post=706443"}],"curies":[{"name":"wp","href":"https:\/\/api.w.org\/{rel}","templated":true}]}}