{"id":706442,"date":"2025-08-27T15:56:22","date_gmt":"2025-08-27T12:56:22","guid":{"rendered":"https:\/\/roveyayinevi.com.tr\/index.php\/urun\/egitim-sosyolojisi\/"},"modified":"2026-04-16T02:15:00","modified_gmt":"2026-04-15T23:15:00","slug":"egitim-sosyolojisi","status":"publish","type":"product","link":"https:\/\/roveyayinevi.com.tr\/index.php\/urun\/egitim-sosyolojisi\/","title":{"rendered":"E\u011fitim Sosyolojisi"},"content":{"rendered":"<p>Kitab\u0131m\u0131z\u0131n i\u00e7eri\u011fi, \u00fclkemizde \u201ce\u011fitim sosyolojisi\u201d alan\u0131nda yerle\u015fmi\u015f bir m\u00fcfredat program\u0131n\u0131 olu\u015fturmu\u015ftur. Ku\u015fkusuz toplumsal de\u011fi\u015fmeler \u00fclkemizde yo\u011fun bi\u00e7imde s\u00fcrmektedir. Bu de\u011fi\u015fmeler akademik alanlarda da g\u00f6r\u00fclmektedir. Her yeni bask\u0131da, kitab\u0131 yeni ara\u015ft\u0131rma bulgular\u0131yla, yeni d\u00fczenlemelerle, uygulamalarla geni\u015fletmeyi ve geli\u015ftirmeyi ilke edinmi\u015f bir ara\u015ft\u0131r\u0131c\u0131 olarak, bu bask\u0131da da ayn\u0131 ilkenin s\u00fcrd\u00fcr\u00fclmesine \u00e7al\u0131\u015f\u0131lm\u0131\u015ft\u0131r. Bir\u00e7ok b\u00f6l\u00fcmlerde ve istatistiklerde gerekli g\u00fcncellemeler yap\u0131lm\u0131\u015ft\u0131r. Yeni geli\u015fmeler do\u011frultusunda kitaba yeni konular eklenmi\u015ftir. Bu b\u00f6l\u00fcmler \u015funlard\u0131r: \u00c7evre e\u011fitimi, bilgisayarlar ve internet, toplumsal cinsiyet, \u00f6\u011f-retmenlerde t\u00fckenmi\u015flik, sivil toplum \u00f6rg\u00fctleri ve e\u011fitimbilimsel i\u015flevleri, siyaset ve e\u011fitim, okul ve \u015fiddet, gelecekte e\u011fitim, y\u00fcksek\u00f6\u011fretim ve top-lum, ahlak e\u011fitimi, \u00e7ok k\u00fclt\u00fcrl\u00fcl\u00fck ve e\u011fitim, ele\u015ftirel pedagoji, k\u00fcreselle\u015f-me ve e\u011fitim, beyin g\u00f6\u00e7\u00fc vs. E\u011fitim sosyolojisi alan\u0131n\u0131n t\u00fcm e\u011fitici ve \u00f6\u011fretmenlere ne kadar yararl\u0131 oldu\u011fu g\u00fcn ge\u00e7tik\u00e7e daha iyi anla\u015f\u0131lmaktad\u0131r. Bu alandaki kuramsal ve uygulamal\u0131 konular\u0131n \u00f6nem kazanmas\u0131 ve bunlar\u0131n m\u00fcfredata yans\u0131mas\u0131 ile nitelikli e\u011fitimcilerin artmas\u0131 ku\u015fkusuzdur. Sosyologlar\u0131n \u00e7al\u0131\u015fmalar\u0131, ara\u015ft\u0131rmalar\u0131 art\u0131k hem yurt d\u0131\u015f\u0131nda, hem de \u00fclkemizde, aranan ve istenen bir boyuta gelmi\u015fken bu dersin gerek\u00e7esi a\u00e7\u0131k-lanmadan se\u00e7imlik duruma getirilmesi anlams\u0131z olmaktad\u0131r. E\u011fitim sosyo-lojisinde ara\u015ft\u0131r\u0131lacak daha pek \u00e7ok konu var. \u0130ktidarlar\u0131n s\u0131k s\u0131k programlar \u00fczerinde oynayarak i\u015flerine gelmeyen alanlar\u0131 k\u0131rpmalar\u0131 ve kald\u0131rmalar\u0131 bilim adamlar\u0131n\u0131n umurunda bile de\u011fildir. Onlar \u00e7al\u0131\u015fmalar\u0131na devam et-mektedir. Toplum de\u011fi\u015fiyor, d\u00fcnya de\u011fi\u015fiyor. Toplumlar daha karma\u015f\u0131k duruma geliyor. Bu durumda toplum ara\u015ft\u0131rmalar\u0131 daha \u00e7ok \u00f6nem kazan\u0131-yor. Bu ger\u00e7ek art\u0131k iyi bilinip, ilgililerin kafalar\u0131na yerle\u015fmeli. \u00d6\u011frencileri-mizi \u00f6nce insan ve iyi bir yurtta\u015f olarak yeti\u015ftirmek ve etik de\u011ferlerle do-natmak, bu dersin ama\u00e7lar\u0131d\u0131r. T\u00fcm \u00f6\u011frencilerimiz ve e\u011fitimcilerimize bu ger\u00e7e\u011fi an\u0131msatarak sevgi ve ba\u015far\u0131 dileklerimi sunuyorum.<\/p>\n","protected":false},"excerpt":{"rendered":"<p>Kitab\u0131m\u0131z\u0131n i\u00e7eri\u011fi, \u00fclkemizde \u201ce\u011fitim sosyolojisi\u201d alan\u0131nda yerle\u015fmi\u015f bir m\u00fcfredat program\u0131n\u0131 olu\u015fturmu\u015ftur. Ku\u015fkusuz toplumsal de\u011fi\u015fmeler \u00fclkemizde yo\u011fun bi\u00e7imde s\u00fcrmektedir. Bu de\u011fi\u015fmeler akademik alanlarda da g\u00f6r\u00fclmektedir. Her yeni<span class=\"excerpt-hellip\"> [\u2026]<\/span><\/p>\n","protected":false},"featured_media":0,"template":"","meta":{"_monsterinsights_skip_tracking":false,"_monsterinsights_sitenote_active":false,"_monsterinsights_sitenote_note":"","_monsterinsights_sitenote_category":0},"product_brand":[],"product_cat":[12325,12324],"product_tag":[],"class_list":{"0":"post-706442","1":"product","2":"type-product","3":"status-publish","5":"product_cat-diger-sosyoloji","6":"product_cat-sosyoloji","7":"pa_cilt-ciltsiz","8":"pa_tur-kitap","9":"pa_yayinevi-ani-yayincilik","10":"pa_yazar-mahmut-tezcan","12":"first","13":"instock","14":"sale","15":"shipping-taxable","16":"purchasable","17":"product-type-simple"},"_links":{"self":[{"href":"https:\/\/roveyayinevi.com.tr\/index.php\/wp-json\/wp\/v2\/product\/706442","targetHints":{"allow":["GET"]}}],"collection":[{"href":"https:\/\/roveyayinevi.com.tr\/index.php\/wp-json\/wp\/v2\/product"}],"about":[{"href":"https:\/\/roveyayinevi.com.tr\/index.php\/wp-json\/wp\/v2\/types\/product"}],"wp:attachment":[{"href":"https:\/\/roveyayinevi.com.tr\/index.php\/wp-json\/wp\/v2\/media?parent=706442"}],"wp:term":[{"taxonomy":"product_brand","embeddable":true,"href":"https:\/\/roveyayinevi.com.tr\/index.php\/wp-json\/wp\/v2\/product_brand?post=706442"},{"taxonomy":"product_cat","embeddable":true,"href":"https:\/\/roveyayinevi.com.tr\/index.php\/wp-json\/wp\/v2\/product_cat?post=706442"},{"taxonomy":"product_tag","embeddable":true,"href":"https:\/\/roveyayinevi.com.tr\/index.php\/wp-json\/wp\/v2\/product_tag?post=706442"}],"curies":[{"name":"wp","href":"https:\/\/api.w.org\/{rel}","templated":true}]}}