{"id":706441,"date":"2025-08-27T15:56:21","date_gmt":"2025-08-27T12:56:21","guid":{"rendered":"https:\/\/roveyayinevi.com.tr\/index.php\/urun\/cocuk-ve-ergende-ruh-sagligi\/"},"modified":"2026-04-16T02:15:00","modified_gmt":"2026-04-15T23:15:00","slug":"cocuk-ve-ergende-ruh-sagligi","status":"publish","type":"product","link":"https:\/\/roveyayinevi.com.tr\/index.php\/urun\/cocuk-ve-ergende-ruh-sagligi\/","title":{"rendered":"\u00c7ocuk ve Ergende Ruh Sa\u011fl\u0131\u011f\u0131"},"content":{"rendered":"<p>&#8216;\u00c7ocuk&#8217; s\u00f6zc\u00fc\u011f\u00fc \u00e7o\u011fu kez, yakla\u015f\u0131k &#8216;0-12 ya\u015flar aras\u0131ndaki bireyle ili\u015fkili bir d\u00f6nem&#8217; olarak alg\u0131lan\u0131yor. Bu ba\u011flamda &#8216;\u00c7ocuk Ruh Sa\u011fl\u0131\u011f\u0131 ve Uyum Bozukluklar\u0131&#8217; n\u0131n da zaman zaman ilk bak\u0131\u015fta o ya\u015flar\u0131 kapsad\u0131\u011f\u0131 d\u00fc\u015f\u00fcn\u00fclmektedir. Oysa bu kitapta, \u00e7ocu\u011fun do\u011fum \u00f6ncesinden 20-22 ya\u015f\u0131na dek s\u00fcren ki\u015filik geli\u015fimi ve bozukluklar\u0131 ele al\u0131nmaktad\u0131r. O nedenle kitab\u0131n ad\u0131 &#8216;\u00c7ocuk ve Ergende Ruh Sa\u011fl\u0131\u011f\u0131&#8217; olarak de\u011fi\u015ftirilmi\u015ftir. Bu \u00e7al\u0131\u015fmada, \u00f6zellikle uygulamaya d\u00f6n\u00fck b\u00f6l\u00fcm ve konular\u0131, her okurun, \u00e7ocuk ve ergenin geli\u015fimi ve e\u011fitiminde kolayl\u0131kla kullanabilece\u011fi somutluk ve yal\u0131nl\u0131\u011fa kavu\u015fturmaya \u00f6zen g\u00f6sterilmi\u015ftir.<\/p>\n","protected":false},"excerpt":{"rendered":"<p>&#8216;\u00c7ocuk&#8217; s\u00f6zc\u00fc\u011f\u00fc \u00e7o\u011fu kez, yakla\u015f\u0131k &#8216;0-12 ya\u015flar aras\u0131ndaki bireyle ili\u015fkili bir d\u00f6nem&#8217; olarak alg\u0131lan\u0131yor. Bu ba\u011flamda &#8216;\u00c7ocuk Ruh Sa\u011fl\u0131\u011f\u0131 ve Uyum Bozukluklar\u0131&#8217; n\u0131n da zaman zaman<span class=\"excerpt-hellip\"> [\u2026]<\/span><\/p>\n","protected":false},"featured_media":0,"template":"","meta":{"_monsterinsights_skip_tracking":false,"_monsterinsights_sitenote_active":false,"_monsterinsights_sitenote_note":"","_monsterinsights_sitenote_category":0},"product_brand":[],"product_cat":[12567,12566],"product_tag":[],"class_list":{"0":"post-706441","1":"product","2":"type-product","3":"status-publish","5":"product_cat-diger-egitim","6":"product_cat-egitim","7":"pa_cilt-ciltsiz","8":"pa_tur-kitap","9":"pa_yayinevi-ani-yayincilik","10":"pa_yazar-rasim-bakircioglu","12":"first","13":"instock","14":"sale","15":"shipping-taxable","16":"purchasable","17":"product-type-simple"},"_links":{"self":[{"href":"https:\/\/roveyayinevi.com.tr\/index.php\/wp-json\/wp\/v2\/product\/706441","targetHints":{"allow":["GET"]}}],"collection":[{"href":"https:\/\/roveyayinevi.com.tr\/index.php\/wp-json\/wp\/v2\/product"}],"about":[{"href":"https:\/\/roveyayinevi.com.tr\/index.php\/wp-json\/wp\/v2\/types\/product"}],"wp:attachment":[{"href":"https:\/\/roveyayinevi.com.tr\/index.php\/wp-json\/wp\/v2\/media?parent=706441"}],"wp:term":[{"taxonomy":"product_brand","embeddable":true,"href":"https:\/\/roveyayinevi.com.tr\/index.php\/wp-json\/wp\/v2\/product_brand?post=706441"},{"taxonomy":"product_cat","embeddable":true,"href":"https:\/\/roveyayinevi.com.tr\/index.php\/wp-json\/wp\/v2\/product_cat?post=706441"},{"taxonomy":"product_tag","embeddable":true,"href":"https:\/\/roveyayinevi.com.tr\/index.php\/wp-json\/wp\/v2\/product_tag?post=706441"}],"curies":[{"name":"wp","href":"https:\/\/api.w.org\/{rel}","templated":true}]}}