{"id":706436,"date":"2025-08-27T15:55:44","date_gmt":"2025-08-27T12:55:44","guid":{"rendered":"https:\/\/roveyayinevi.com.tr\/index.php\/urun\/farsca-okumaya-giris\/"},"modified":"2026-04-16T02:15:00","modified_gmt":"2026-04-15T23:15:00","slug":"farsca-okumaya-giris","status":"publish","type":"product","link":"https:\/\/roveyayinevi.com.tr\/index.php\/urun\/farsca-okumaya-giris\/","title":{"rendered":"Fars\u00e7a Okumaya Giri\u015f"},"content":{"rendered":"<p>Foneti\u011fi bak\u0131m\u0131ndan d\u00fcnyan\u0131n en g\u00fczel dillerinden biri olan Fars\u00e7a gramer yap\u0131s\u0131 bak\u0131m\u0131ndan T\u00fcrk\u00e7eye \u00e7ok benzeyen bir dildir. Fars\u00e7a anla\u015f\u0131lmas\u0131 zor olmas\u0131n\u0131n yan\u0131nda okumas\u0131 kolay, dinlemesi, \u015fiiri, \u015fark\u0131s\u0131, m\u00fczi\u011fi \u00e7ok ho\u015ftur. Elinizdeki kitap dil yeterlili\u011finizin geli\u015fmesinin yan\u0131nda iyi bir s\u00f6zl\u00fck ve gramere sahip olman\u0131z\u0131 sa\u011flayacakt\u0131r. Kitapta bir \u00e7ok \u00f6\u011frencinin ihtiya\u00e7lar\u0131n\u0131 kar\u015f\u0131lamak \u00fczere haz\u0131rlanm\u0131\u015f Far\u00e7a\/T\u00fcrk\u00e7e metinler ve s\u00f6zl\u00fck vard\u0131r. Ayr\u0131ca Yabanc\u0131 Dil Bilgisi Seviye Tespit S\u0131nav\u0131na haz\u0131rlanan \u00f6\u011frencilerin ihtiyac\u0131n\u0131 kar\u015f\u0131lamak \u00fczere haz\u0131rlanm\u0131\u015ft\u0131r. \ufffc<\/p>\n","protected":false},"excerpt":{"rendered":"<p>Foneti\u011fi bak\u0131m\u0131ndan d\u00fcnyan\u0131n en g\u00fczel dillerinden biri olan Fars\u00e7a gramer yap\u0131s\u0131 bak\u0131m\u0131ndan T\u00fcrk\u00e7eye \u00e7ok benzeyen bir dildir. Fars\u00e7a anla\u015f\u0131lmas\u0131 zor olmas\u0131n\u0131n yan\u0131nda okumas\u0131 kolay, dinlemesi, \u015fiiri,<span class=\"excerpt-hellip\"> [\u2026]<\/span><\/p>\n","protected":false},"featured_media":0,"template":"","meta":{"_monsterinsights_skip_tracking":false,"_monsterinsights_sitenote_active":false,"_monsterinsights_sitenote_note":"","_monsterinsights_sitenote_category":0},"product_brand":[],"product_cat":[25522,14597,12566],"product_tag":[],"class_list":{"0":"post-706436","1":"product","2":"type-product","3":"status-publish","5":"product_cat-diger-diller","6":"product_cat-dil-ogrenimi","7":"product_cat-egitim","8":"pa_cilt-ciltsiz","9":"pa_tur-kitap","10":"pa_yayinevi-altinordu-yayinlari","11":"pa_yazar-parisa-golshaei-shahed-parvizikhosroshahi","13":"first","14":"instock","15":"sale","16":"shipping-taxable","17":"purchasable","18":"product-type-simple"},"_links":{"self":[{"href":"https:\/\/roveyayinevi.com.tr\/index.php\/wp-json\/wp\/v2\/product\/706436","targetHints":{"allow":["GET"]}}],"collection":[{"href":"https:\/\/roveyayinevi.com.tr\/index.php\/wp-json\/wp\/v2\/product"}],"about":[{"href":"https:\/\/roveyayinevi.com.tr\/index.php\/wp-json\/wp\/v2\/types\/product"}],"wp:attachment":[{"href":"https:\/\/roveyayinevi.com.tr\/index.php\/wp-json\/wp\/v2\/media?parent=706436"}],"wp:term":[{"taxonomy":"product_brand","embeddable":true,"href":"https:\/\/roveyayinevi.com.tr\/index.php\/wp-json\/wp\/v2\/product_brand?post=706436"},{"taxonomy":"product_cat","embeddable":true,"href":"https:\/\/roveyayinevi.com.tr\/index.php\/wp-json\/wp\/v2\/product_cat?post=706436"},{"taxonomy":"product_tag","embeddable":true,"href":"https:\/\/roveyayinevi.com.tr\/index.php\/wp-json\/wp\/v2\/product_tag?post=706436"}],"curies":[{"name":"wp","href":"https:\/\/api.w.org\/{rel}","templated":true}]}}