{"id":706434,"date":"2025-08-27T15:55:44","date_gmt":"2025-08-27T12:55:44","guid":{"rendered":"https:\/\/roveyayinevi.com.tr\/index.php\/urun\/etkinliklerle-kisilik-ve-ozguven-olusturma\/"},"modified":"2026-04-03T02:20:28","modified_gmt":"2026-04-02T23:20:28","slug":"etkinliklerle-kisilik-ve-ozguven-olusturma","status":"publish","type":"product","link":"https:\/\/roveyayinevi.com.tr\/index.php\/urun\/etkinliklerle-kisilik-ve-ozguven-olusturma\/","title":{"rendered":"Etkinliklerle Ki\u015filik ve \u00d6zg\u00fcven Olu\u015fturma"},"content":{"rendered":"<p>Bu kitap, 4-5 ya\u015f grubu \u00e7ocuklardan lise d\u00fczeyi \u00f6\u011frencilere var\u0131ncaya kadar uygulanabilecek \u00e7e\u015fitli etkinlikleri i\u00e7ermektedir. Kitab\u0131n haz\u0131rlanmas\u0131nda \u00e7e\u015fitli \u00fclkelerde yap\u0131lan &#8220;Yarat\u0131c\u0131l\u0131k Etkinlikleri&#8221; \u00f6rnek al\u0131nm\u0131\u015f, etkinliklerin plan\u0131 ve s\u00fcresiyse uygulamalarla belirlenmi\u015ftir.    Eserde Etkinliklerdeki temel hedef, \u00e7ocuk ya da gen\u00e7lerdeki ki\u015fisel geli\u015fim ve \u00f6zg\u00fcveni art\u0131r\u0131p g\u00fc\u00e7lendirmektir. Bunun yan\u0131 s\u0131ra d\u00fcnyada hayalin bilimin y\u00f6nlendiricili\u011fini \u00fcstleniyor olmas\u0131, \u00e7ocuklar\u0131n bu ya\u015flarda \u00f6zg\u00fcr birer birey olarak yeti\u015fmelerinin \u00f6nemi, bu sayede yeni bilimsel geli\u015fmelerin yarat\u0131c\u0131lar\u0131n\u0131n cesaretlendirilmesi de temel hedefler aras\u0131nda say\u0131labilir.  Kitaptaki etkinlikler okullardan evlere var\u0131ncaya kadar hemen her yerde uygulanabilir olma \u00f6zelli\u011fi ta\u015f\u0131maktad\u0131r.     Ancak \u00f6neri en az iki \u00e7ocuk ya da gencin bu etkinlikleri fikir \u00e7at\u0131\u015fmalar\u0131, \u00f6zg\u00fcr d\u00fc\u015f\u00fcnme becerileri, yard\u0131mla\u015fma y\u00f6nlerini de kullanabilecekleri bir ortam haz\u0131rlanarak uygulanmalar\u0131n\u0131 sa\u011flamakt\u0131r. <\/p>\n","protected":false},"excerpt":{"rendered":"<p>Bu kitap, 4-5 ya\u015f grubu \u00e7ocuklardan lise d\u00fczeyi \u00f6\u011frencilere var\u0131ncaya kadar uygulanabilecek \u00e7e\u015fitli etkinlikleri i\u00e7ermektedir. Kitab\u0131n haz\u0131rlanmas\u0131nda \u00e7e\u015fitli \u00fclkelerde yap\u0131lan &#8220;Yarat\u0131c\u0131l\u0131k Etkinlikleri&#8221; \u00f6rnek al\u0131nm\u0131\u015f, etkinliklerin plan\u0131<span class=\"excerpt-hellip\"> [\u2026]<\/span><\/p>\n","protected":false},"featured_media":0,"template":"","meta":{"_monsterinsights_skip_tracking":false,"_monsterinsights_sitenote_active":false,"_monsterinsights_sitenote_note":"","_monsterinsights_sitenote_category":0},"product_brand":[],"product_cat":[12364,12376],"product_tag":[],"class_list":{"0":"post-706434","1":"product","2":"type-product","3":"status-publish","5":"product_cat-genel-konular","6":"product_cat-kisisel-gelisim","7":"pa_cilt-ciltsiz","8":"pa_tur-kitap","9":"pa_yayinevi-altinordu-yayinlari","10":"pa_yazar-zeynep-sebnem-aldag","12":"first","13":"instock","14":"sale","15":"shipping-taxable","16":"purchasable","17":"product-type-simple"},"_links":{"self":[{"href":"https:\/\/roveyayinevi.com.tr\/index.php\/wp-json\/wp\/v2\/product\/706434","targetHints":{"allow":["GET"]}}],"collection":[{"href":"https:\/\/roveyayinevi.com.tr\/index.php\/wp-json\/wp\/v2\/product"}],"about":[{"href":"https:\/\/roveyayinevi.com.tr\/index.php\/wp-json\/wp\/v2\/types\/product"}],"wp:attachment":[{"href":"https:\/\/roveyayinevi.com.tr\/index.php\/wp-json\/wp\/v2\/media?parent=706434"}],"wp:term":[{"taxonomy":"product_brand","embeddable":true,"href":"https:\/\/roveyayinevi.com.tr\/index.php\/wp-json\/wp\/v2\/product_brand?post=706434"},{"taxonomy":"product_cat","embeddable":true,"href":"https:\/\/roveyayinevi.com.tr\/index.php\/wp-json\/wp\/v2\/product_cat?post=706434"},{"taxonomy":"product_tag","embeddable":true,"href":"https:\/\/roveyayinevi.com.tr\/index.php\/wp-json\/wp\/v2\/product_tag?post=706434"}],"curies":[{"name":"wp","href":"https:\/\/api.w.org\/{rel}","templated":true}]}}