{"id":706433,"date":"2025-08-27T15:55:43","date_gmt":"2025-08-27T12:55:43","guid":{"rendered":"https:\/\/roveyayinevi.com.tr\/index.php\/urun\/yuzde-yuz-yerli-bir-korsan-hikayesi\/"},"modified":"2026-04-16T02:15:00","modified_gmt":"2026-04-15T23:15:00","slug":"yuzde-yuz-yerli-bir-korsan-hikayesi","status":"publish","type":"product","link":"https:\/\/roveyayinevi.com.tr\/index.php\/urun\/yuzde-yuz-yerli-bir-korsan-hikayesi\/","title":{"rendered":"Y\u00fczde Y\u00fcz Yerli Bir Korsan Hikayesi"},"content":{"rendered":"<p>Korsanlar her zaman bilmedi\u011fimiz ve hayalini kurdu\u011fumuz diyarlar\u0131n kahraman\u0131 olacak de\u011fil ya!Bu ac\u0131mas\u0131z adamlar tam da burnumuzun dibinde, hatta neredeyse \u0130stanbul\u2019un bir semtinde \u00e7\u00f6reklenmi\u015f bile olabilirler. \u00dcst\u00fcne \u00fcstl\u00fck \u00fc\u00e7 kafadar\u0131 da esir alarak&#8230;Sak\u0131n niye bizim de bir korsan maceram\u0131z yok demeyin! \u0130\u015fte size Y\u00fczde Y\u00fcz Yerli Bir Korsan Hikayesi. \u00dcstelik ger\u00e7ekten de y\u00fczde y\u00fcz yerli!..Dursun Ege G\u00f6\u00e7men, bir yaz tatilinde \u00fc\u00e7 arkada\u015f\u0131n ba\u015f\u0131ndan ge\u00e7en gizemli bir ser\u00fcveni her zamanki e\u011flenceli \u00fcslubu ve ak\u0131c\u0131 anlat\u0131m\u0131yla merakl\u0131 okurlarla payla\u015f\u0131yor.<\/p>\n","protected":false},"excerpt":{"rendered":"<p>Korsanlar her zaman bilmedi\u011fimiz ve hayalini kurdu\u011fumuz diyarlar\u0131n kahraman\u0131 olacak de\u011fil ya!Bu ac\u0131mas\u0131z adamlar tam da burnumuzun dibinde, hatta neredeyse \u0130stanbul\u2019un bir semtinde \u00e7\u00f6reklenmi\u015f bile olabilirler.<span class=\"excerpt-hellip\"> [\u2026]<\/span><\/p>\n","protected":false},"featured_media":0,"template":"","meta":{"_monsterinsights_skip_tracking":false,"_monsterinsights_sitenote_active":false,"_monsterinsights_sitenote_note":"","_monsterinsights_sitenote_category":0},"product_brand":[],"product_cat":[12275,12274],"product_tag":[],"class_list":{"0":"post-706433","1":"product","2":"type-product","3":"status-publish","5":"product_cat-6-12-yas-kitaplari","6":"product_cat-cocuk-ve-genclik-kitaplari","7":"pa_cilt-ciltsiz","8":"pa_tur-kitap","9":"pa_yayinevi-altin-kitaplar-ozel-urun","10":"pa_yazar-dursun-ege-gocmen","12":"first","13":"instock","14":"sale","15":"shipping-taxable","16":"purchasable","17":"product-type-simple"},"_links":{"self":[{"href":"https:\/\/roveyayinevi.com.tr\/index.php\/wp-json\/wp\/v2\/product\/706433","targetHints":{"allow":["GET"]}}],"collection":[{"href":"https:\/\/roveyayinevi.com.tr\/index.php\/wp-json\/wp\/v2\/product"}],"about":[{"href":"https:\/\/roveyayinevi.com.tr\/index.php\/wp-json\/wp\/v2\/types\/product"}],"wp:attachment":[{"href":"https:\/\/roveyayinevi.com.tr\/index.php\/wp-json\/wp\/v2\/media?parent=706433"}],"wp:term":[{"taxonomy":"product_brand","embeddable":true,"href":"https:\/\/roveyayinevi.com.tr\/index.php\/wp-json\/wp\/v2\/product_brand?post=706433"},{"taxonomy":"product_cat","embeddable":true,"href":"https:\/\/roveyayinevi.com.tr\/index.php\/wp-json\/wp\/v2\/product_cat?post=706433"},{"taxonomy":"product_tag","embeddable":true,"href":"https:\/\/roveyayinevi.com.tr\/index.php\/wp-json\/wp\/v2\/product_tag?post=706433"}],"curies":[{"name":"wp","href":"https:\/\/api.w.org\/{rel}","templated":true}]}}