{"id":706432,"date":"2025-08-27T15:55:43","date_gmt":"2025-08-27T12:55:43","guid":{"rendered":"https:\/\/roveyayinevi.com.tr\/index.php\/urun\/hayaller-gemisi\/"},"modified":"2026-04-16T02:15:00","modified_gmt":"2026-04-15T23:15:00","slug":"hayaller-gemisi","status":"publish","type":"product","link":"https:\/\/roveyayinevi.com.tr\/index.php\/urun\/hayaller-gemisi\/","title":{"rendered":"Hayaller Gemisi"},"content":{"rendered":"<p>\u00c7ok g\u00fczel bir adada \u00f6zg\u00fcrce kanat \u00e7\u0131rpan papa\u011fan Kakariki\u2019nin hayat\u0131 bir g\u00fcn adaya gelen kel kafal\u0131 bir turist y\u00fcz\u00fcnden tamamen de\u011fi\u015fir. Yaln\u0131z o de\u011fil, arkada\u015flar\u0131 ar\u0131 ku\u015fu ve bukalemun da o g\u00fczel adaya veda etmek zorunda kal\u0131rlar. \u00dc\u00e7 kafadar\u0131n yollar\u0131 hi\u00e7 beklemedikleri bir anda \u015eivava ile kesi\u015fir. \u015eivava, ya\u015fam\u0131 boyunca bir sirkte hokkabazca g\u00f6steriler yapm\u0131\u015f ve \u00f6zg\u00fcrl\u00fc\u011f\u00fc hi\u00e7 tatmam\u0131\u015f olan minicik bir k\u00f6pektir. Acaba hangisi daha zordur? \u00d6zg\u00fcrken tutsak olmak m\u0131, \u00f6zg\u00fcrl\u00fc\u011f\u00fc daha yeni tatm\u0131\u015fken bir kafese kapa- t\u0131lmak m\u0131? Papa\u011fan Kakariki, ar\u0131 ku\u015fu Ayri, bukalemun \u0130gi adadaki eski hayatlar\u0131n\u0131 \u00e7ok \u00f6zlemektedir. \u015eivava ise arkada\u015flar\u0131n\u0131n anlatt\u0131\u011f\u0131 adadaki ya\u015fant\u0131y\u0131 \u00e7ok merak etmektedir. Hayaller Gemisi acaba bir g\u00fcn bu d\u00f6rt arkada\u015f\u0131 adaya g\u00f6t\u00fcrebilecek midir?<\/p>\n","protected":false},"excerpt":{"rendered":"<p>\u00c7ok g\u00fczel bir adada \u00f6zg\u00fcrce kanat \u00e7\u0131rpan papa\u011fan Kakariki\u2019nin hayat\u0131 bir g\u00fcn adaya gelen kel kafal\u0131 bir turist y\u00fcz\u00fcnden tamamen de\u011fi\u015fir. Yaln\u0131z o de\u011fil, arkada\u015flar\u0131 ar\u0131<span class=\"excerpt-hellip\"> [\u2026]<\/span><\/p>\n","protected":false},"featured_media":0,"template":"","meta":{"_monsterinsights_skip_tracking":false,"_monsterinsights_sitenote_active":false,"_monsterinsights_sitenote_note":"","_monsterinsights_sitenote_category":0},"product_brand":[],"product_cat":[12275,12274],"product_tag":[],"class_list":{"0":"post-706432","1":"product","2":"type-product","3":"status-publish","5":"product_cat-6-12-yas-kitaplari","6":"product_cat-cocuk-ve-genclik-kitaplari","7":"pa_cilt-ciltsiz","8":"pa_tur-kitap","9":"pa_yayinevi-altin-kitaplar-ozel-urun","10":"pa_yazar-koray-avci-cakman","12":"first","13":"instock","14":"sale","15":"shipping-taxable","16":"purchasable","17":"product-type-simple"},"_links":{"self":[{"href":"https:\/\/roveyayinevi.com.tr\/index.php\/wp-json\/wp\/v2\/product\/706432","targetHints":{"allow":["GET"]}}],"collection":[{"href":"https:\/\/roveyayinevi.com.tr\/index.php\/wp-json\/wp\/v2\/product"}],"about":[{"href":"https:\/\/roveyayinevi.com.tr\/index.php\/wp-json\/wp\/v2\/types\/product"}],"wp:attachment":[{"href":"https:\/\/roveyayinevi.com.tr\/index.php\/wp-json\/wp\/v2\/media?parent=706432"}],"wp:term":[{"taxonomy":"product_brand","embeddable":true,"href":"https:\/\/roveyayinevi.com.tr\/index.php\/wp-json\/wp\/v2\/product_brand?post=706432"},{"taxonomy":"product_cat","embeddable":true,"href":"https:\/\/roveyayinevi.com.tr\/index.php\/wp-json\/wp\/v2\/product_cat?post=706432"},{"taxonomy":"product_tag","embeddable":true,"href":"https:\/\/roveyayinevi.com.tr\/index.php\/wp-json\/wp\/v2\/product_tag?post=706432"}],"curies":[{"name":"wp","href":"https:\/\/api.w.org\/{rel}","templated":true}]}}