{"id":706429,"date":"2025-08-27T15:55:41","date_gmt":"2025-08-27T12:55:41","guid":{"rendered":"https:\/\/roveyayinevi.com.tr\/index.php\/urun\/555-eglenceli-cikartma-dinozorlar\/"},"modified":"2026-04-16T02:15:00","modified_gmt":"2026-04-15T23:15:00","slug":"555-eglenceli-cikartma-dinozorlar","status":"publish","type":"product","link":"https:\/\/roveyayinevi.com.tr\/index.php\/urun\/555-eglenceli-cikartma-dinozorlar\/","title":{"rendered":"555 E\u011flenceli \u00c7\u0131kartma &#8211; Dinozorlar"},"content":{"rendered":"<p>G\u00fc\u00e7l\u00fc etobur T. Rex\u2019ten Spinosaurus\u2019a, uysal otobur Diplodokus\u2019tan \u00e7e\u015fitli tarih \u00f6ncesi canavarlara dek pek \u00e7ok dinozor t\u00fcr\u00fc \u00e7\u0131kartmalar\u0131 555 E\u011flenceli \u00c7\u0131kartma\/ Dinozorlar kitab\u0131nda bir arada!Her sayfay\u0131 birbirinden renkli ve farkl\u0131 \u00e7\u0131kartmalarla s\u00fcsleyerek daha e\u011flenceli saatler ge\u00e7irebilirsiniz!<\/p>\n","protected":false},"excerpt":{"rendered":"<p>G\u00fc\u00e7l\u00fc etobur T. Rex\u2019ten Spinosaurus\u2019a, uysal otobur Diplodokus\u2019tan \u00e7e\u015fitli tarih \u00f6ncesi canavarlara dek pek \u00e7ok dinozor t\u00fcr\u00fc \u00e7\u0131kartmalar\u0131 555 E\u011flenceli \u00c7\u0131kartma\/ Dinozorlar kitab\u0131nda bir arada!Her sayfay\u0131<span class=\"excerpt-hellip\"> [\u2026]<\/span><\/p>\n","protected":false},"featured_media":0,"template":"","meta":{"_monsterinsights_skip_tracking":false,"_monsterinsights_sitenote_active":false,"_monsterinsights_sitenote_note":"","_monsterinsights_sitenote_category":0},"product_brand":[],"product_cat":[12554,12274],"product_tag":[],"class_list":{"0":"post-706429","1":"product","2":"type-product","3":"status-publish","5":"product_cat-cikartmali-kitaplar","6":"product_cat-cocuk-ve-genclik-kitaplari","7":"pa_cilt-ciltsiz","8":"pa_tur-kitap","9":"pa_yayinevi-altin-kitaplar-cocuk-kitaplari","10":"pa_yazar-kolektif","12":"first","13":"instock","14":"sale","15":"shipping-taxable","16":"purchasable","17":"product-type-simple"},"_links":{"self":[{"href":"https:\/\/roveyayinevi.com.tr\/index.php\/wp-json\/wp\/v2\/product\/706429","targetHints":{"allow":["GET"]}}],"collection":[{"href":"https:\/\/roveyayinevi.com.tr\/index.php\/wp-json\/wp\/v2\/product"}],"about":[{"href":"https:\/\/roveyayinevi.com.tr\/index.php\/wp-json\/wp\/v2\/types\/product"}],"wp:attachment":[{"href":"https:\/\/roveyayinevi.com.tr\/index.php\/wp-json\/wp\/v2\/media?parent=706429"}],"wp:term":[{"taxonomy":"product_brand","embeddable":true,"href":"https:\/\/roveyayinevi.com.tr\/index.php\/wp-json\/wp\/v2\/product_brand?post=706429"},{"taxonomy":"product_cat","embeddable":true,"href":"https:\/\/roveyayinevi.com.tr\/index.php\/wp-json\/wp\/v2\/product_cat?post=706429"},{"taxonomy":"product_tag","embeddable":true,"href":"https:\/\/roveyayinevi.com.tr\/index.php\/wp-json\/wp\/v2\/product_tag?post=706429"}],"curies":[{"name":"wp","href":"https:\/\/api.w.org\/{rel}","templated":true}]}}