{"id":706428,"date":"2025-08-27T15:55:41","date_gmt":"2025-08-27T12:55:41","guid":{"rendered":"https:\/\/roveyayinevi.com.tr\/index.php\/urun\/555-eglenceli-cikartma-periler\/"},"modified":"2026-04-16T02:14:59","modified_gmt":"2026-04-15T23:14:59","slug":"555-eglenceli-cikartma-periler","status":"publish","type":"product","link":"https:\/\/roveyayinevi.com.tr\/index.php\/urun\/555-eglenceli-cikartma-periler\/","title":{"rendered":"555 E\u011flenceli \u00c7\u0131kartma &#8211; Periler"},"content":{"rendered":"<p>Perilerin pi\u015firdi\u011fi pastalardan s\u00fcsl\u00fc balo salonlar\u0131na, g\u00f6rkemli yatak odalar\u0131ndan \u015f\u0131k peri k\u0131yafetlerine dek pek \u00e7ok peri \u00e7\u0131kartmas\u0131 555 E\u011flenceli \u00c7\u0131kartma \/ Periler kitab\u0131nda bir arada!Her sayfay\u0131 birbirinden renkli ve farkl\u0131 \u00e7\u0131kartmalarla s\u00fcsleyerek daha e\u011flenceli saatler ge\u00e7irebilirsiniz!<\/p>\n","protected":false},"excerpt":{"rendered":"<p>Perilerin pi\u015firdi\u011fi pastalardan s\u00fcsl\u00fc balo salonlar\u0131na, g\u00f6rkemli yatak odalar\u0131ndan \u015f\u0131k peri k\u0131yafetlerine dek pek \u00e7ok peri \u00e7\u0131kartmas\u0131 555 E\u011flenceli \u00c7\u0131kartma \/ Periler kitab\u0131nda bir arada!Her sayfay\u0131<span class=\"excerpt-hellip\"> [\u2026]<\/span><\/p>\n","protected":false},"featured_media":0,"template":"","meta":{"_monsterinsights_skip_tracking":false,"_monsterinsights_sitenote_active":false,"_monsterinsights_sitenote_note":"","_monsterinsights_sitenote_category":0},"product_brand":[],"product_cat":[12554,12274],"product_tag":[],"class_list":{"0":"post-706428","1":"product","2":"type-product","3":"status-publish","5":"product_cat-cikartmali-kitaplar","6":"product_cat-cocuk-ve-genclik-kitaplari","7":"pa_cilt-ciltsiz","8":"pa_tur-kitap","9":"pa_yayinevi-altin-kitaplar-cocuk-kitaplari","10":"pa_yazar-kolektif","12":"first","13":"instock","14":"sale","15":"shipping-taxable","16":"purchasable","17":"product-type-simple"},"_links":{"self":[{"href":"https:\/\/roveyayinevi.com.tr\/index.php\/wp-json\/wp\/v2\/product\/706428","targetHints":{"allow":["GET"]}}],"collection":[{"href":"https:\/\/roveyayinevi.com.tr\/index.php\/wp-json\/wp\/v2\/product"}],"about":[{"href":"https:\/\/roveyayinevi.com.tr\/index.php\/wp-json\/wp\/v2\/types\/product"}],"wp:attachment":[{"href":"https:\/\/roveyayinevi.com.tr\/index.php\/wp-json\/wp\/v2\/media?parent=706428"}],"wp:term":[{"taxonomy":"product_brand","embeddable":true,"href":"https:\/\/roveyayinevi.com.tr\/index.php\/wp-json\/wp\/v2\/product_brand?post=706428"},{"taxonomy":"product_cat","embeddable":true,"href":"https:\/\/roveyayinevi.com.tr\/index.php\/wp-json\/wp\/v2\/product_cat?post=706428"},{"taxonomy":"product_tag","embeddable":true,"href":"https:\/\/roveyayinevi.com.tr\/index.php\/wp-json\/wp\/v2\/product_tag?post=706428"}],"curies":[{"name":"wp","href":"https:\/\/api.w.org\/{rel}","templated":true}]}}