{"id":706423,"date":"2025-08-27T15:55:38","date_gmt":"2025-08-27T12:55:38","guid":{"rendered":"https:\/\/roveyayinevi.com.tr\/index.php\/urun\/akillikafa-ve-dolukafa-gemi-kurdunun-tuneli\/"},"modified":"2026-04-16T02:14:59","modified_gmt":"2026-04-15T23:14:59","slug":"akillikafa-ve-dolukafa-gemi-kurdunun-tuneli","status":"publish","type":"product","link":"https:\/\/roveyayinevi.com.tr\/index.php\/urun\/akillikafa-ve-dolukafa-gemi-kurdunun-tuneli\/","title":{"rendered":"Ak\u0131ll\u0131kafa ve Dolukafa &#8211; Gemi Kurdunun T\u00fcneli"},"content":{"rendered":"<p>Sahip oldu\u011fumuz teknoloji ve ara\u00e7 gere\u00e7 insano\u011flunun \u00fcretim g\u00fcc\u00fcnden mi kaynaklan\u0131yor? Birileri \u00f6ylece oturup kafa yorarak m\u0131 bir \u015feyleri icat etti? Yoksa asl\u0131nda insano\u011flu do\u011fada tan\u0131k oldu\u011fu, g\u00f6rd\u00fc\u011f\u00fc \u00fcretim ve ya\u015fam s\u00fcre\u00e7lerinden etkilenerek mi bir \u015feyleri buldu? Ak\u0131ll\u0131kafa ve Dolukafa Ak\u0131ll\u0131 Bulu\u015flar \u00d6yk\u00fc Dizisi, t\u00fcm bu icatlar\u0131n hikayesinden yola \u00e7\u0131karak bize do\u011fan\u0131n asl\u0131nda tek dostumuz ve ya\u015fam kayna\u011f\u0131m\u0131z oldu\u011funu anlat\u0131yor.<\/p>\n","protected":false},"excerpt":{"rendered":"<p>Sahip oldu\u011fumuz teknoloji ve ara\u00e7 gere\u00e7 insano\u011flunun \u00fcretim g\u00fcc\u00fcnden mi kaynaklan\u0131yor? Birileri \u00f6ylece oturup kafa yorarak m\u0131 bir \u015feyleri icat etti? Yoksa asl\u0131nda insano\u011flu do\u011fada tan\u0131k<span class=\"excerpt-hellip\"> [\u2026]<\/span><\/p>\n","protected":false},"featured_media":0,"template":"","meta":{"_monsterinsights_skip_tracking":false,"_monsterinsights_sitenote_active":false,"_monsterinsights_sitenote_note":"","_monsterinsights_sitenote_category":0},"product_brand":[],"product_cat":[12274,12284],"product_tag":[],"class_list":{"0":"post-706423","1":"product","2":"type-product","3":"status-publish","5":"product_cat-cocuk-ve-genclik-kitaplari","6":"product_cat-hikayeler","7":"pa_cilt-ciltsiz","8":"pa_tur-kitap","9":"pa_yayinevi-altin-kitaplar-ozel-urun","10":"pa_yazar-filiz-tosyali","12":"first","13":"instock","14":"sale","15":"shipping-taxable","16":"purchasable","17":"product-type-simple"},"_links":{"self":[{"href":"https:\/\/roveyayinevi.com.tr\/index.php\/wp-json\/wp\/v2\/product\/706423","targetHints":{"allow":["GET"]}}],"collection":[{"href":"https:\/\/roveyayinevi.com.tr\/index.php\/wp-json\/wp\/v2\/product"}],"about":[{"href":"https:\/\/roveyayinevi.com.tr\/index.php\/wp-json\/wp\/v2\/types\/product"}],"wp:attachment":[{"href":"https:\/\/roveyayinevi.com.tr\/index.php\/wp-json\/wp\/v2\/media?parent=706423"}],"wp:term":[{"taxonomy":"product_brand","embeddable":true,"href":"https:\/\/roveyayinevi.com.tr\/index.php\/wp-json\/wp\/v2\/product_brand?post=706423"},{"taxonomy":"product_cat","embeddable":true,"href":"https:\/\/roveyayinevi.com.tr\/index.php\/wp-json\/wp\/v2\/product_cat?post=706423"},{"taxonomy":"product_tag","embeddable":true,"href":"https:\/\/roveyayinevi.com.tr\/index.php\/wp-json\/wp\/v2\/product_tag?post=706423"}],"curies":[{"name":"wp","href":"https:\/\/api.w.org\/{rel}","templated":true}]}}