{"id":706417,"date":"2025-08-27T15:55:35","date_gmt":"2025-08-27T12:55:35","guid":{"rendered":"https:\/\/roveyayinevi.com.tr\/index.php\/urun\/elma-cicegi-yarisi\/"},"modified":"2026-04-16T02:14:59","modified_gmt":"2026-04-15T23:14:59","slug":"elma-cicegi-yarisi","status":"publish","type":"product","link":"https:\/\/roveyayinevi.com.tr\/index.php\/urun\/elma-cicegi-yarisi\/","title":{"rendered":"Elma \u00c7i\u00e7e\u011fi Yar\u0131\u015f\u0131"},"content":{"rendered":"<p>Aysun Berktay \u00d6zmen, do\u011fan\u0131n ve hayvan dostlar\u0131m\u0131z\u0131n \u00f6yk\u00fclerini anlatmaya devam ediyor&#8230;\u015eehir ya\u015fam\u0131 i\u00e7ine t\u0131k\u0131l\u0131p kalmak istemeyen; de\u011fi\u015fen mevsimsel ko\u015fullar\u0131 beton y\u0131\u011f\u0131nlar\u0131 aras\u0131nda bile olsa g\u00f6zlemlemek isteyen; do\u011fan\u0131n o \u00fcretken d\u00f6ng\u00fcs\u00fcn\u00fc ve yery\u00fcz\u00fcn\u00fc birlikte payla\u015ft\u0131\u011f\u0131m\u0131z hayvan dostlar\u0131m\u0131z\u0131n ya\u015fam\u0131n\u0131 kavramak isteyen t\u00fcm do\u011fa sever\u00e7ocuklar, Aysun Berktay \u00d6zmen&#8217;in reng\u00e2renk \u00f6yk\u00fclerinde yepyeni d\u00fcnyalarla tan\u0131\u015facaklar&#8230;\u0130lkbahar\u0131n en g\u00fczel g\u00fcnleri ya\u015fan\u0131rken &#8220;Elma \u00c7i\u00e7e\u011fi Yar\u0131\u015f\u0131&#8221; yapan H\u0131zl\u0131 Kaplumba\u011fa ile Zikzak Kirpi yar\u0131\u015ftan daha \u00f6nemli bir \u015fey  \u00f6\u011frenirler. Acaba onlar\u0131 bu yar\u0131\u015ftan al\u0131koyacak kadar \u00f6nemli olan \u015fey  nedir? Bunu \u00f6\u011frenmek istiyorsan\u0131z Elma \u00c7i\u00e7e\u011fi Yar\u0131\u015f\u0131&#8217;na davetlisiniz!<\/p>\n","protected":false},"excerpt":{"rendered":"<p>Aysun Berktay \u00d6zmen, do\u011fan\u0131n ve hayvan dostlar\u0131m\u0131z\u0131n \u00f6yk\u00fclerini anlatmaya devam ediyor&#8230;\u015eehir ya\u015fam\u0131 i\u00e7ine t\u0131k\u0131l\u0131p kalmak istemeyen; de\u011fi\u015fen mevsimsel ko\u015fullar\u0131 beton y\u0131\u011f\u0131nlar\u0131 aras\u0131nda bile olsa g\u00f6zlemlemek isteyen;<span class=\"excerpt-hellip\"> [\u2026]<\/span><\/p>\n","protected":false},"featured_media":0,"template":"","meta":{"_monsterinsights_skip_tracking":false,"_monsterinsights_sitenote_active":false,"_monsterinsights_sitenote_note":"","_monsterinsights_sitenote_category":0},"product_brand":[],"product_cat":[12274,12284],"product_tag":[],"class_list":{"0":"post-706417","1":"product","2":"type-product","3":"status-publish","5":"product_cat-cocuk-ve-genclik-kitaplari","6":"product_cat-hikayeler","7":"pa_cilt-ciltsiz","8":"pa_tur-kitap","9":"pa_yayinevi-altin-kitaplar-cocuk-kitaplari","10":"pa_yazar-aysun-berktay-ozmen","12":"first","13":"instock","14":"sale","15":"shipping-taxable","16":"purchasable","17":"product-type-simple"},"_links":{"self":[{"href":"https:\/\/roveyayinevi.com.tr\/index.php\/wp-json\/wp\/v2\/product\/706417","targetHints":{"allow":["GET"]}}],"collection":[{"href":"https:\/\/roveyayinevi.com.tr\/index.php\/wp-json\/wp\/v2\/product"}],"about":[{"href":"https:\/\/roveyayinevi.com.tr\/index.php\/wp-json\/wp\/v2\/types\/product"}],"wp:attachment":[{"href":"https:\/\/roveyayinevi.com.tr\/index.php\/wp-json\/wp\/v2\/media?parent=706417"}],"wp:term":[{"taxonomy":"product_brand","embeddable":true,"href":"https:\/\/roveyayinevi.com.tr\/index.php\/wp-json\/wp\/v2\/product_brand?post=706417"},{"taxonomy":"product_cat","embeddable":true,"href":"https:\/\/roveyayinevi.com.tr\/index.php\/wp-json\/wp\/v2\/product_cat?post=706417"},{"taxonomy":"product_tag","embeddable":true,"href":"https:\/\/roveyayinevi.com.tr\/index.php\/wp-json\/wp\/v2\/product_tag?post=706417"}],"curies":[{"name":"wp","href":"https:\/\/api.w.org\/{rel}","templated":true}]}}