{"id":706416,"date":"2025-08-27T15:55:35","date_gmt":"2025-08-27T12:55:35","guid":{"rendered":"https:\/\/roveyayinevi.com.tr\/index.php\/urun\/dedemin-sihirli-dukkani\/"},"modified":"2026-04-16T02:14:59","modified_gmt":"2026-04-15T23:14:59","slug":"dedemin-sihirli-dukkani","status":"publish","type":"product","link":"https:\/\/roveyayinevi.com.tr\/index.php\/urun\/dedemin-sihirli-dukkani\/","title":{"rendered":"Dedemin Sihirli D\u00fckkan\u0131"},"content":{"rendered":"<p>K\u00fc\u00e7\u00fck bir \u00e7ocuk ve dedesinin y\u0131llara s\u0131\u011fmayan dostlu\u011funun sevgi dolu \u00f6yk\u00fcs\u00fc&#8230;\u0130\u015fini severek yapanlar hi\u00e7 yorulmazlar. Onur\u2019un dedesi i\u015fte b\u00f6yle bir insan. At\u00f6lyesini sihirli bir d\u00fckkan gibi g\u00f6r\u00fcyor. El eme\u011fi cam e\u015fyalar \u00fcretiyor. Ama d\u00fcnya de\u011fi\u015fiyor, baz\u0131 meslekler yok oluyor, baz\u0131lar\u0131 ayakta zor duruyor. Onur, dedesi \u00e7ok sevdi\u011fi mesle\u011fine devam edebilsin diye \u00e7\u00f6z\u00fcm yollar\u0131 aramaya ba\u015fl\u0131yor.Dedemin Sihirli D\u00fckkan\u0131 bir yandan modern kent ya\u015fam\u0131n\u0131n kimi olumsuz yanlar\u0131n\u0131 sorgularken bir yandan da eski mesleklerden bug\u00fcnk\u00fc mesleklere k\u00f6pr\u00fcler kurulabilece\u011fini anlat\u0131yor.<\/p>\n","protected":false},"excerpt":{"rendered":"<p>K\u00fc\u00e7\u00fck bir \u00e7ocuk ve dedesinin y\u0131llara s\u0131\u011fmayan dostlu\u011funun sevgi dolu \u00f6yk\u00fcs\u00fc&#8230;\u0130\u015fini severek yapanlar hi\u00e7 yorulmazlar. Onur\u2019un dedesi i\u015fte b\u00f6yle bir insan. At\u00f6lyesini sihirli bir d\u00fckkan gibi<span class=\"excerpt-hellip\"> [\u2026]<\/span><\/p>\n","protected":false},"featured_media":0,"template":"","meta":{"_monsterinsights_skip_tracking":false,"_monsterinsights_sitenote_active":false,"_monsterinsights_sitenote_note":"","_monsterinsights_sitenote_category":0},"product_brand":[],"product_cat":[12274,12284],"product_tag":[],"class_list":{"0":"post-706416","1":"product","2":"type-product","3":"status-publish","5":"product_cat-cocuk-ve-genclik-kitaplari","6":"product_cat-hikayeler","7":"pa_cilt-ciltsiz","8":"pa_tur-kitap","9":"pa_yayinevi-altin-kitaplar-ozel-urun","10":"pa_yazar-miyase-sertbarut","12":"first","13":"instock","14":"sale","15":"shipping-taxable","16":"purchasable","17":"product-type-simple"},"_links":{"self":[{"href":"https:\/\/roveyayinevi.com.tr\/index.php\/wp-json\/wp\/v2\/product\/706416","targetHints":{"allow":["GET"]}}],"collection":[{"href":"https:\/\/roveyayinevi.com.tr\/index.php\/wp-json\/wp\/v2\/product"}],"about":[{"href":"https:\/\/roveyayinevi.com.tr\/index.php\/wp-json\/wp\/v2\/types\/product"}],"wp:attachment":[{"href":"https:\/\/roveyayinevi.com.tr\/index.php\/wp-json\/wp\/v2\/media?parent=706416"}],"wp:term":[{"taxonomy":"product_brand","embeddable":true,"href":"https:\/\/roveyayinevi.com.tr\/index.php\/wp-json\/wp\/v2\/product_brand?post=706416"},{"taxonomy":"product_cat","embeddable":true,"href":"https:\/\/roveyayinevi.com.tr\/index.php\/wp-json\/wp\/v2\/product_cat?post=706416"},{"taxonomy":"product_tag","embeddable":true,"href":"https:\/\/roveyayinevi.com.tr\/index.php\/wp-json\/wp\/v2\/product_tag?post=706416"}],"curies":[{"name":"wp","href":"https:\/\/api.w.org\/{rel}","templated":true}]}}