{"id":706415,"date":"2025-08-27T15:55:34","date_gmt":"2025-08-27T12:55:34","guid":{"rendered":"https:\/\/roveyayinevi.com.tr\/index.php\/urun\/citlembik-agacindaki-masalci\/"},"modified":"2026-04-16T02:14:59","modified_gmt":"2026-04-15T23:14:59","slug":"citlembik-agacindaki-masalci","status":"publish","type":"product","link":"https:\/\/roveyayinevi.com.tr\/index.php\/urun\/citlembik-agacindaki-masalci\/","title":{"rendered":"\u00c7itlembik A\u011fac\u0131&#8217;ndaki Masalc\u0131"},"content":{"rendered":"<p>\u00c7itlembik A\u011fac\u0131\u2019ndaki Masalc\u0131, kaybettiklerimizi arayanlar\u0131n masallar\u0131n\u0131 anlat\u0131yor. Denizlerden adalara, \u015fehirlerden ormanlara, yanarda\u011flardan g\u00f6llere uzan\u0131p hala elimizde kalanlar\u0131 bize an\u0131msat\u0131yor. Okuduk\u00e7a \u015fa\u015f\u0131r\u0131yoruz. Yoksa aln\u0131na mavi bir per\u00e7em d\u00fc\u015fm\u00fc\u015f bu mart\u0131 buralardan b\u00fcsb\u00fct\u00fcn gitmeye mi haz\u0131rlan\u0131yor? Gen\u00e7 ve g\u00fczel k\u00f6pek bal\u0131\u011f\u0131 Alopias iyile\u015febilecek mi? Geyikler ve karacalar art\u0131k yaln\u0131zca aynalar\u0131n \u00e7er\u00e7evelerinden mi bakacak bize? Yoksa masallardan m\u0131? Ferda \u0130zbudak Ak\u0131nc\u0131, \u00e7ocuklara ya\u015fad\u0131\u011f\u0131m\u0131z d\u00fcnyay\u0131 masallarla anlatmay\u0131 s\u00fcrd\u00fcr\u00fcyor<\/p>\n","protected":false},"excerpt":{"rendered":"<p>\u00c7itlembik A\u011fac\u0131\u2019ndaki Masalc\u0131, kaybettiklerimizi arayanlar\u0131n masallar\u0131n\u0131 anlat\u0131yor. Denizlerden adalara, \u015fehirlerden ormanlara, yanarda\u011flardan g\u00f6llere uzan\u0131p hala elimizde kalanlar\u0131 bize an\u0131msat\u0131yor. Okuduk\u00e7a \u015fa\u015f\u0131r\u0131yoruz. Yoksa aln\u0131na mavi bir per\u00e7em<span class=\"excerpt-hellip\"> [\u2026]<\/span><\/p>\n","protected":false},"featured_media":0,"template":"","meta":{"_monsterinsights_skip_tracking":false,"_monsterinsights_sitenote_active":false,"_monsterinsights_sitenote_note":"","_monsterinsights_sitenote_category":0},"product_brand":[],"product_cat":[12274,12523],"product_tag":[],"class_list":{"0":"post-706415","1":"product","2":"type-product","3":"status-publish","5":"product_cat-cocuk-ve-genclik-kitaplari","6":"product_cat-masallar","7":"pa_cilt-ciltsiz","8":"pa_tur-kitap","9":"pa_yayinevi-altin-kitaplar-cocuk-kitaplari","10":"pa_yazar-ferda-izbudak-akinci","12":"first","13":"instock","14":"sale","15":"shipping-taxable","16":"purchasable","17":"product-type-simple"},"_links":{"self":[{"href":"https:\/\/roveyayinevi.com.tr\/index.php\/wp-json\/wp\/v2\/product\/706415","targetHints":{"allow":["GET"]}}],"collection":[{"href":"https:\/\/roveyayinevi.com.tr\/index.php\/wp-json\/wp\/v2\/product"}],"about":[{"href":"https:\/\/roveyayinevi.com.tr\/index.php\/wp-json\/wp\/v2\/types\/product"}],"wp:attachment":[{"href":"https:\/\/roveyayinevi.com.tr\/index.php\/wp-json\/wp\/v2\/media?parent=706415"}],"wp:term":[{"taxonomy":"product_brand","embeddable":true,"href":"https:\/\/roveyayinevi.com.tr\/index.php\/wp-json\/wp\/v2\/product_brand?post=706415"},{"taxonomy":"product_cat","embeddable":true,"href":"https:\/\/roveyayinevi.com.tr\/index.php\/wp-json\/wp\/v2\/product_cat?post=706415"},{"taxonomy":"product_tag","embeddable":true,"href":"https:\/\/roveyayinevi.com.tr\/index.php\/wp-json\/wp\/v2\/product_tag?post=706415"}],"curies":[{"name":"wp","href":"https:\/\/api.w.org\/{rel}","templated":true}]}}