{"id":706414,"date":"2025-08-27T15:55:34","date_gmt":"2025-08-27T12:55:34","guid":{"rendered":"https:\/\/roveyayinevi.com.tr\/index.php\/urun\/listerdalein-gizemi\/"},"modified":"2026-04-16T02:14:59","modified_gmt":"2026-04-15T23:14:59","slug":"listerdalein-gizemi","status":"publish","type":"product","link":"https:\/\/roveyayinevi.com.tr\/index.php\/urun\/listerdalein-gizemi\/","title":{"rendered":"Listerdale\u2019in Gizemi"},"content":{"rendered":"<p>Heyecan verici, gizemli, ayn\u0131 zamanda gerilim dolu on iki \u00f6yk\u00fc\u2026 Lordun gizemli kaybolu\u015fu, trendeki tuhaf kar\u015f\u0131la\u015fma, garip bir cinayet soru\u015fturmas\u0131, emekli dedektifin katil av\u0131, bir sepet vi\u015fne aras\u0131na gizlenmi\u015f gerdanl\u0131\u011f\u0131n s\u0131rr\u0131, gerilim romanlar\u0131 yazar\u0131n\u0131n cinayetten tutuklanmas\u0131, tuhaf bir evlilik teklifi, Raca\u2019n\u0131n kaybolan z\u00fcmr\u00fcd\u00fc.T\u00fcm bu \u00f6yk\u00fclerin tek bir ortak noktas\u0131 var: O da Agatha Christie&#8217;nin usta kalemi.\u201cT\u00fcm bu \u00f6yk\u00fcler hi\u00e7 istisnas\u0131z deneyimli ve usta bir yazar\u0131n elinden \u00e7\u0131km\u0131\u015f&#8230;\u201dThe Times Literary Supplement<\/p>\n","protected":false},"excerpt":{"rendered":"<p>Heyecan verici, gizemli, ayn\u0131 zamanda gerilim dolu on iki \u00f6yk\u00fc\u2026 Lordun gizemli kaybolu\u015fu, trendeki tuhaf kar\u015f\u0131la\u015fma, garip bir cinayet soru\u015fturmas\u0131, emekli dedektifin katil av\u0131, bir sepet<span class=\"excerpt-hellip\"> [\u2026]<\/span><\/p>\n","protected":false},"featured_media":0,"template":"","meta":{"_monsterinsights_skip_tracking":false,"_monsterinsights_sitenote_active":false,"_monsterinsights_sitenote_note":"","_monsterinsights_sitenote_category":0},"product_brand":[],"product_cat":[12291,12711],"product_tag":[],"class_list":{"0":"post-706414","1":"product","2":"type-product","3":"status-publish","5":"product_cat-edebiyat","6":"product_cat-roman-oyku","7":"pa_cilt-ciltsiz","8":"pa_tur-kitap","9":"pa_yayinevi-altin-kitaplar","10":"pa_yazar-agatha-christie","12":"first","13":"instock","14":"sale","15":"shipping-taxable","16":"purchasable","17":"product-type-simple"},"_links":{"self":[{"href":"https:\/\/roveyayinevi.com.tr\/index.php\/wp-json\/wp\/v2\/product\/706414","targetHints":{"allow":["GET"]}}],"collection":[{"href":"https:\/\/roveyayinevi.com.tr\/index.php\/wp-json\/wp\/v2\/product"}],"about":[{"href":"https:\/\/roveyayinevi.com.tr\/index.php\/wp-json\/wp\/v2\/types\/product"}],"wp:attachment":[{"href":"https:\/\/roveyayinevi.com.tr\/index.php\/wp-json\/wp\/v2\/media?parent=706414"}],"wp:term":[{"taxonomy":"product_brand","embeddable":true,"href":"https:\/\/roveyayinevi.com.tr\/index.php\/wp-json\/wp\/v2\/product_brand?post=706414"},{"taxonomy":"product_cat","embeddable":true,"href":"https:\/\/roveyayinevi.com.tr\/index.php\/wp-json\/wp\/v2\/product_cat?post=706414"},{"taxonomy":"product_tag","embeddable":true,"href":"https:\/\/roveyayinevi.com.tr\/index.php\/wp-json\/wp\/v2\/product_tag?post=706414"}],"curies":[{"name":"wp","href":"https:\/\/api.w.org\/{rel}","templated":true}]}}