{"id":706413,"date":"2025-08-27T15:55:33","date_gmt":"2025-08-27T12:55:33","guid":{"rendered":"https:\/\/roveyayinevi.com.tr\/index.php\/urun\/oykucu-mia-2-koku-dedektifi\/"},"modified":"2026-04-16T02:14:59","modified_gmt":"2026-04-15T23:14:59","slug":"oykucu-mia-2-koku-dedektifi","status":"publish","type":"product","link":"https:\/\/roveyayinevi.com.tr\/index.php\/urun\/oykucu-mia-2-koku-dedektifi\/","title":{"rendered":"\u00d6yk\u00fcc\u00fc Mia 2 &#8211; Koku Dedektifi"},"content":{"rendered":"<p>Mia\u2019n\u0131n sokakta ve bar\u0131nakta ge\u00e7irdi\u011fi zor gu\u0308nler geride kalm\u0131\u015f, \u00e7ok sevdi\u011fi ailesine kavu\u015fmu\u015ftur. Apartmandaki kom\u015fular, Mia\u2019y\u0131 g\u00f6rmeye gelir, hem de kucak dolusu hediyelerle\u2026Bu kadar sevgi ve ilgi kar\u015f\u0131s\u0131nda kim \u015f\u0131marmaz? Mutluluktan m\u0131r\u0131l m\u0131r\u0131l m\u0131rlarken veterinerde tan\u0131\u015ft\u0131\u011f\u0131 fel\u00e7li kedi Boncuk, her \u015feyi de\u011fi\u015ftirir. Mia, kafas\u0131ndaki sorularla eve d\u00f6ner: Sokak kedisi olmak bir su\u00e7 mu? Yu\u0308ru\u0308yemiyor diye ya\u015fam hakk\u0131 yok mu? \u0130nsanca sevilmek, bak\u0131lmak, korunmak Boncuk\u2019un da hakk\u0131 de\u011fil mi? 14 maddeden olu\u015fan Hayvan Haklar\u0131 Evrensel Beyannamesi\u2019nin 1. ve 2. maddelerine vurgu yapan Koku Dedektifi, insanlar ve hayvanlar\u0131n kimi zaman i\u00e7 burkan, kimi zaman da yu\u0308reklere \u0131l\u0131k meltemler gibi tazelik veren s\u0131cac\u0131k \u00f6yku\u0308su\u0308nu\u0308 anlat\u0131yor&#8230;<\/p>\n","protected":false},"excerpt":{"rendered":"<p>Mia\u2019n\u0131n sokakta ve bar\u0131nakta ge\u00e7irdi\u011fi zor gu\u0308nler geride kalm\u0131\u015f, \u00e7ok sevdi\u011fi ailesine kavu\u015fmu\u015ftur. Apartmandaki kom\u015fular, Mia\u2019y\u0131 g\u00f6rmeye gelir, hem de kucak dolusu hediyelerle\u2026Bu kadar sevgi ve<span class=\"excerpt-hellip\"> [\u2026]<\/span><\/p>\n","protected":false},"featured_media":0,"template":"","meta":{"_monsterinsights_skip_tracking":false,"_monsterinsights_sitenote_active":false,"_monsterinsights_sitenote_note":"","_monsterinsights_sitenote_category":0},"product_brand":[],"product_cat":[12275,12274],"product_tag":[],"class_list":{"0":"post-706413","1":"product","2":"type-product","3":"status-publish","5":"product_cat-6-12-yas-kitaplari","6":"product_cat-cocuk-ve-genclik-kitaplari","7":"pa_cilt-ciltsiz","8":"pa_tur-kitap","9":"pa_yayinevi-altin-kitaplar-ozel-urun","10":"pa_yazar-husnan-seker","12":"first","13":"instock","14":"sale","15":"shipping-taxable","16":"purchasable","17":"product-type-simple"},"_links":{"self":[{"href":"https:\/\/roveyayinevi.com.tr\/index.php\/wp-json\/wp\/v2\/product\/706413","targetHints":{"allow":["GET"]}}],"collection":[{"href":"https:\/\/roveyayinevi.com.tr\/index.php\/wp-json\/wp\/v2\/product"}],"about":[{"href":"https:\/\/roveyayinevi.com.tr\/index.php\/wp-json\/wp\/v2\/types\/product"}],"wp:attachment":[{"href":"https:\/\/roveyayinevi.com.tr\/index.php\/wp-json\/wp\/v2\/media?parent=706413"}],"wp:term":[{"taxonomy":"product_brand","embeddable":true,"href":"https:\/\/roveyayinevi.com.tr\/index.php\/wp-json\/wp\/v2\/product_brand?post=706413"},{"taxonomy":"product_cat","embeddable":true,"href":"https:\/\/roveyayinevi.com.tr\/index.php\/wp-json\/wp\/v2\/product_cat?post=706413"},{"taxonomy":"product_tag","embeddable":true,"href":"https:\/\/roveyayinevi.com.tr\/index.php\/wp-json\/wp\/v2\/product_tag?post=706413"}],"curies":[{"name":"wp","href":"https:\/\/api.w.org\/{rel}","templated":true}]}}