{"id":706412,"date":"2025-08-27T15:55:33","date_gmt":"2025-08-27T12:55:33","guid":{"rendered":"https:\/\/roveyayinevi.com.tr\/index.php\/urun\/gilles-deleuze-ve-amerikan-edebiyati\/"},"modified":"2026-01-27T02:26:46","modified_gmt":"2026-01-26T23:26:46","slug":"gilles-deleuze-ve-amerikan-edebiyati","status":"publish","type":"product","link":"https:\/\/roveyayinevi.com.tr\/index.php\/urun\/gilles-deleuze-ve-amerikan-edebiyati\/","title":{"rendered":"Gilles Deleuze ve Amerikan Edebiyat\u0131"},"content":{"rendered":"<p>Hernan Cortes, bug\u00fcn sadece politik bir \u015faka olarak kabul etmek istedi\u011fimiz Meksika \u201cDuvar\u0131\u201dn\u0131n s\u0131n\u0131rlar\u0131nda dola\u015fmaya ba\u015flad\u0131\u011f\u0131nda kendisini neyin ya da nelerin kar\u015f\u0131layaca\u011f\u0131ndan emin de\u011fildi. Bu belirsizlik ortam\u0131 k\u0131sa s\u00fcre i\u00e7erisinde yerini, cesaret ve yeni bir otorite timsaline b\u0131rakarak 500 y\u0131ll\u0131k de\u011fi\u015fimin tetikleyicisi oldu. Amerika Birle\u015fik Devletleri, \u00f6zetle bu tip bir dizginin \u00fczerine kurulmu\u015ftur. Belirsiz olan her zaman tehlikeli ancak elde edilebilirli\u011fi de bir o kadar kolayd\u0131r. Ancak bu g\u00f6r\u00fc\u015f, 40\u2019l\u0131 y\u0131llar\u0131n sonuyla birlikte k\u0131r\u0131lmaya u\u011frar. Azteklerin ka\u00e7\u0131k ve atalar\u0131ndan habersiz bebop\/free jazz dinleyerek kafay\u0131 yemi\u015f varisleri, Amerikan demokrasinin ve bir ulus-belle\u011fin \u00e7\u00f6k\u00fc\u015f\u00fcn\u00fc, ahlaki herhangi bir kayg\u0131dan uzak ve hi\u00e7bir \u015feyden sak\u0131nmadan kaleme alarak m\u00fcjdeleyeceklerdir.Amerika\u2019dan birka\u00e7 kara par\u00e7as\u0131 uzakl\u0131\u011f\u0131nda ya\u015fayan Gilles Deleuze ise; bir yanda Lacan, Badiou ve akademinin kendisine mesafeli durmay\u0131 ye\u011fleyen isimleriyle u\u011fra\u015f\u0131rken, di\u011fer yandan sert ge\u00e7en Frans\u0131z politik ikliminin i\u00e7erisinde farkl\u0131 adalar yaratmakla me\u015fguld\u00fc. Bu y\u00fczden Kerouac, Burroughs, Bukowski gibi Amerika\u2019n\u0131n f\u0131rlama ve bigane \u00e7ocuklar\u0131yla tan\u0131\u015fmas\u0131 ya da sonradan bu konuda bir\u00e7ok okumaya zemin olu\u015fturmas\u0131 abes ka\u00e7mayacakt\u0131r. Gilles Deleuze ve Amerikan Edebiyat\u0131 i\u015fte bu sessiz edebi ittifak\u0131n en g\u00fczel anlat\u0131s\u0131d\u0131r.<\/p>\n","protected":false},"excerpt":{"rendered":"<p>Hernan Cortes, bug\u00fcn sadece politik bir \u015faka olarak kabul etmek istedi\u011fimiz Meksika \u201cDuvar\u0131\u201dn\u0131n s\u0131n\u0131rlar\u0131nda dola\u015fmaya ba\u015flad\u0131\u011f\u0131nda kendisini neyin ya da nelerin kar\u015f\u0131layaca\u011f\u0131ndan emin de\u011fildi. Bu belirsizlik<span class=\"excerpt-hellip\"> [\u2026]<\/span><\/p>\n","protected":false},"featured_media":0,"template":"","meta":{"_monsterinsights_skip_tracking":false,"_monsterinsights_sitenote_active":false,"_monsterinsights_sitenote_note":"","_monsterinsights_sitenote_category":0},"product_brand":[],"product_cat":[12389,12388],"product_tag":[],"class_list":{"0":"post-706412","1":"product","2":"type-product","3":"status-publish","5":"product_cat-diger-felsefe","6":"product_cat-felsefe","7":"pa_cilt-ciltsiz","8":"pa_tur-kitap","9":"pa_yayinevi-altikirkbes-yayinlari","10":"pa_yazar-william-burroughs","12":"first","13":"onbackorder","14":"sale","15":"shipping-taxable","16":"purchasable","17":"product-type-simple"},"_links":{"self":[{"href":"https:\/\/roveyayinevi.com.tr\/index.php\/wp-json\/wp\/v2\/product\/706412","targetHints":{"allow":["GET"]}}],"collection":[{"href":"https:\/\/roveyayinevi.com.tr\/index.php\/wp-json\/wp\/v2\/product"}],"about":[{"href":"https:\/\/roveyayinevi.com.tr\/index.php\/wp-json\/wp\/v2\/types\/product"}],"wp:attachment":[{"href":"https:\/\/roveyayinevi.com.tr\/index.php\/wp-json\/wp\/v2\/media?parent=706412"}],"wp:term":[{"taxonomy":"product_brand","embeddable":true,"href":"https:\/\/roveyayinevi.com.tr\/index.php\/wp-json\/wp\/v2\/product_brand?post=706412"},{"taxonomy":"product_cat","embeddable":true,"href":"https:\/\/roveyayinevi.com.tr\/index.php\/wp-json\/wp\/v2\/product_cat?post=706412"},{"taxonomy":"product_tag","embeddable":true,"href":"https:\/\/roveyayinevi.com.tr\/index.php\/wp-json\/wp\/v2\/product_tag?post=706412"}],"curies":[{"name":"wp","href":"https:\/\/api.w.org\/{rel}","templated":true}]}}