{"id":706410,"date":"2025-08-27T15:55:32","date_gmt":"2025-08-27T12:55:32","guid":{"rendered":"https:\/\/roveyayinevi.com.tr\/index.php\/urun\/yasayan-oluler-sehri\/"},"modified":"2026-04-16T02:14:59","modified_gmt":"2026-04-15T23:14:59","slug":"yasayan-oluler-sehri","status":"publish","type":"product","link":"https:\/\/roveyayinevi.com.tr\/index.php\/urun\/yasayan-oluler-sehri\/","title":{"rendered":"Ya\u015fayan \u00d6l\u00fcler \u015eehri"},"content":{"rendered":"<p>Fletcher Pratt&#8217;\u0131n, Laurence Manning ile birlikte imza att\u0131\u011f\u0131; Bilim Kurgu d\u00fcnyas\u0131n\u0131n 100 y\u0131l evvelden g\u00fcn\u00fcm\u00fcz sanal ger\u00e7ekli\u011fini tam kalbinden vurarak ak\u0131llara durgunluk veren bu efsane \u00e7al\u0131\u015fmas\u0131 ilk defa T\u00fcrk\u00e7e yay\u0131mlan\u0131yor! \u00d6l\u00fcler \u015eehri elbetteki gelecekte. \u0130nsanlar\u0131n r\u00fcya makinelerine ba\u011fland\u0131\u011f\u0131 ve bu r\u00fcyalar\u0131n ger\u00e7ek hayattan daha ger\u00e7ek\u00e7i ve g\u00fczel oldu\u011fu bir d\u00fcnya \u015fimdiki zamanda avu\u00e7lar\u0131nda \u0130Phone&#8217;lar\u0131 ile sanal d\u00fcnyada varolan insanlara bir ilk sesleni\u015f!Bilim Kurgu \u00d6zg\u00fcrl\u00fckt\u00fcr!<\/p>\n","protected":false},"excerpt":{"rendered":"<p>Fletcher Pratt&#8217;\u0131n, Laurence Manning ile birlikte imza att\u0131\u011f\u0131; Bilim Kurgu d\u00fcnyas\u0131n\u0131n 100 y\u0131l evvelden g\u00fcn\u00fcm\u00fcz sanal ger\u00e7ekli\u011fini tam kalbinden vurarak ak\u0131llara durgunluk veren bu efsane \u00e7al\u0131\u015fmas\u0131<span class=\"excerpt-hellip\"> [\u2026]<\/span><\/p>\n","protected":false},"featured_media":0,"template":"","meta":{"_monsterinsights_skip_tracking":false,"_monsterinsights_sitenote_active":false,"_monsterinsights_sitenote_note":"","_monsterinsights_sitenote_category":0},"product_brand":[],"product_cat":[12540,12291],"product_tag":[],"class_list":{"0":"post-706410","1":"product","2":"type-product","3":"status-publish","5":"product_cat-bilim-kurgu","6":"product_cat-edebiyat","7":"pa_cilt-ciltsiz","8":"pa_tur-kitap","9":"pa_yayinevi-altikirkbes-yayinlari","10":"pa_yazar-fletcher-pratt","12":"first","13":"instock","14":"sale","15":"shipping-taxable","16":"purchasable","17":"product-type-simple"},"_links":{"self":[{"href":"https:\/\/roveyayinevi.com.tr\/index.php\/wp-json\/wp\/v2\/product\/706410","targetHints":{"allow":["GET"]}}],"collection":[{"href":"https:\/\/roveyayinevi.com.tr\/index.php\/wp-json\/wp\/v2\/product"}],"about":[{"href":"https:\/\/roveyayinevi.com.tr\/index.php\/wp-json\/wp\/v2\/types\/product"}],"wp:attachment":[{"href":"https:\/\/roveyayinevi.com.tr\/index.php\/wp-json\/wp\/v2\/media?parent=706410"}],"wp:term":[{"taxonomy":"product_brand","embeddable":true,"href":"https:\/\/roveyayinevi.com.tr\/index.php\/wp-json\/wp\/v2\/product_brand?post=706410"},{"taxonomy":"product_cat","embeddable":true,"href":"https:\/\/roveyayinevi.com.tr\/index.php\/wp-json\/wp\/v2\/product_cat?post=706410"},{"taxonomy":"product_tag","embeddable":true,"href":"https:\/\/roveyayinevi.com.tr\/index.php\/wp-json\/wp\/v2\/product_tag?post=706410"}],"curies":[{"name":"wp","href":"https:\/\/api.w.org\/{rel}","templated":true}]}}