{"id":706409,"date":"2025-08-27T15:55:31","date_gmt":"2025-08-27T12:55:31","guid":{"rendered":"https:\/\/roveyayinevi.com.tr\/index.php\/urun\/imdaaat-ayi-beni-yiyor\/"},"modified":"2026-04-16T02:14:59","modified_gmt":"2026-04-15T23:14:59","slug":"imdaaat-ayi-beni-yiyor","status":"publish","type":"product","link":"https:\/\/roveyayinevi.com.tr\/index.php\/urun\/imdaaat-ayi-beni-yiyor\/","title":{"rendered":"\u0130mdaaat! Ay\u0131 Beni Yiyor!"},"content":{"rendered":"<p>&#8220;Ellilerde Amerika neredeyse tabiat\u0131 yenmek \u00fczereydi fakat sonra ne olduysa \u015fu balina merakl\u0131s\u0131 hippiler toplumun altyap\u0131s\u0131na sinsice s\u0131zd\u0131lar ve b\u00fct\u00fcn azmimizi zamanla t\u00fckettiler. Tabiat ile ate\u015fkes imzalad\u0131lar, fakat Tabiat ne zaman bu ate\u015fkesi bozmas\u0131 gerekti\u011finden bihaber. Tabiat yeni bir sava\u015f i\u00e7in ka\u015f\u0131nmaya ba\u015flad\u0131 ve Rover\u2019\u0131m\u0131n g\u00f6sterge paneli \u00fczerine yemin ederim ki sava\u015f\u0131n ne oldu\u011funu ona g\u00f6sterece\u011fim. Ben bir Homo Sapiens\u2019im, \u0130nsan\u0131m ve bu gezegeni \u0130nsanlar y\u00f6netir. Tabiat bizim k\u00f6lemizdir ve Tabiat bizim sandvi\u00e7imizdir. Tabiat bize taze Jumbo Yenge\u00e7, Kral Somon bal\u0131\u011f\u0131 ile mini barlar\u0131m\u0131z i\u00e7in egzotik ah\u015fap tedarik edebilir ve Tabiat bununla tatmin olabilir ama hay\u0131r, Tabiat\u0131n haddini bilmesi gerekir. Tabiat de\u011fil mi i\u015fte, illa haddini a\u015facak. \u00d6yleyse benden g\u00fcnah gitti: Tabiat, kovuldun!&#8221;<\/p>\n","protected":false},"excerpt":{"rendered":"<p>&#8220;Ellilerde Amerika neredeyse tabiat\u0131 yenmek \u00fczereydi fakat sonra ne olduysa \u015fu balina merakl\u0131s\u0131 hippiler toplumun altyap\u0131s\u0131na sinsice s\u0131zd\u0131lar ve b\u00fct\u00fcn azmimizi zamanla t\u00fckettiler. Tabiat ile ate\u015fkes<span class=\"excerpt-hellip\"> [\u2026]<\/span><\/p>\n","protected":false},"featured_media":0,"template":"","meta":{"_monsterinsights_skip_tracking":false,"_monsterinsights_sitenote_active":false,"_monsterinsights_sitenote_note":"","_monsterinsights_sitenote_category":0},"product_brand":[],"product_cat":[12291,12711],"product_tag":[],"class_list":{"0":"post-706409","1":"product","2":"type-product","3":"status-publish","5":"product_cat-edebiyat","6":"product_cat-roman-oyku","7":"pa_cilt-ciltsiz","8":"pa_tur-kitap","9":"pa_yayinevi-altikirkbes-yayinlari","10":"pa_yazar-mykle-hansen","12":"first","13":"instock","14":"sale","15":"shipping-taxable","16":"purchasable","17":"product-type-simple"},"_links":{"self":[{"href":"https:\/\/roveyayinevi.com.tr\/index.php\/wp-json\/wp\/v2\/product\/706409","targetHints":{"allow":["GET"]}}],"collection":[{"href":"https:\/\/roveyayinevi.com.tr\/index.php\/wp-json\/wp\/v2\/product"}],"about":[{"href":"https:\/\/roveyayinevi.com.tr\/index.php\/wp-json\/wp\/v2\/types\/product"}],"wp:attachment":[{"href":"https:\/\/roveyayinevi.com.tr\/index.php\/wp-json\/wp\/v2\/media?parent=706409"}],"wp:term":[{"taxonomy":"product_brand","embeddable":true,"href":"https:\/\/roveyayinevi.com.tr\/index.php\/wp-json\/wp\/v2\/product_brand?post=706409"},{"taxonomy":"product_cat","embeddable":true,"href":"https:\/\/roveyayinevi.com.tr\/index.php\/wp-json\/wp\/v2\/product_cat?post=706409"},{"taxonomy":"product_tag","embeddable":true,"href":"https:\/\/roveyayinevi.com.tr\/index.php\/wp-json\/wp\/v2\/product_tag?post=706409"}],"curies":[{"name":"wp","href":"https:\/\/api.w.org\/{rel}","templated":true}]}}