{"id":706408,"date":"2025-08-27T15:55:31","date_gmt":"2025-08-27T12:55:31","guid":{"rendered":"https:\/\/roveyayinevi.com.tr\/index.php\/urun\/iste-o-suikast\/"},"modified":"2026-04-16T02:14:59","modified_gmt":"2026-04-15T23:14:59","slug":"iste-o-suikast","status":"publish","type":"product","link":"https:\/\/roveyayinevi.com.tr\/index.php\/urun\/iste-o-suikast\/","title":{"rendered":"\u0130\u015fte O Suikast"},"content":{"rendered":"<p>Dan\u0131\u015ftay Sald\u0131r\u0131s\u0131 bundan tam 10 y\u0131l \u00f6nce ger\u00e7ekle\u015fen, ancak AKP ve &#8220;CEMAAT&#8221; in tetik\u00e7ili\u011fini yapan bir k\u0131s\u0131m s\u00f6zde hukuk adam\u0131 ve kolluk taraf\u0131ndan ger\u00e7ek faillerin ve azmettiricilerin kurtar\u0131l\u0131p, su\u00e7un AKP ve &#8220;CEMAAT&#8221; d\u00fc\u015fman\u0131 ki\u015filere y\u0131k\u0131lmaya \u00e7al\u0131\u015f\u0131ld\u0131\u011f\u0131 al\u00e7ak\u00e7a bir suikast ve cinayetti. Ankara&#8217;da yarg\u0131lamay\u0131 yapan mahkeme san\u0131klara cezalar\u0131n\u0131 vermi\u015fken &#8220;CEMAAT&#8221; tetik\u00e7isi Zekeriya \u00d6z&#8217;\u00fcn m\u00fcdahalesi ile Ergenekon Kumpas\u0131 ile birle\u015ftirilmi\u015f ve Ergenekon&#8217;dan yarg\u0131lanan insanlar &#8220;Dan\u0131\u015ftay 2&#8217;inci Daire Ba\u015fkan\u0131 Mustafa Y\u00fccel \u00d6zbilgin&#8217;in katili&#8221; olarak yaftalanm\u0131\u015ft\u0131. \u00c7o\u011fu insan bilmez ama Ergenekon \u0130ddianamesi&#8217;nin &#8220;Makt\u00fcl&#8221; b\u00f6l\u00fcm\u00fcnde Mustafa Y\u00fccel \u00d6zbilgin, &#8220;Ma\u011fdurlar&#8221; b\u00f6l\u00fcm\u00fcnde bu al\u00e7ak sald\u0131r\u0131da yaralanan y\u00fcksek yarg\u0131 mensuplar\u0131n\u0131n isimleri yaz\u0131l\u0131d\u0131r. AKP ve &#8220;CEMAAT&#8221; in d\u00fc\u015fmanlar\u0131n\u0131 kriminalize etme ve bu yolla etkisiz hale getirmek ad\u0131na CIA deste\u011fiyle ortakla\u015fa kurduklar\u0131 bu kumpas\u0131n kapa\u011f\u0131 Ergenekon davas\u0131n\u0131 temyiz eden Yarg\u0131tay&#8217;\u0131n karar\u0131ndan sonra yeniden a\u00e7\u0131lacak. Ergenekon \/ Balyoz gibi kumpas davalar\u0131n\u0131 en iyi bilen bir ka\u00e7 avukattan biri olan, kumpas\u0131n tetik\u00e7ilerinin &#8220;o salondan \u00e7\u0131karsa yarg\u0131lamaya ba\u015flar\u0131z&#8221; diyerek pazarl\u0131k konusu haline getirdi\u011fi Avukat Vural Erg\u00fcl&#8217;\u00fcn elinizde tuttu\u011funuz kitab\u0131 bu davay\u0131 yeniden g\u00f6recek olan mahkeme a\u00e7\u0131s\u0131ndan en \u00f6nemli delil ve ba\u015fvuru kayna\u011f\u0131 olacakt\u0131r.  Kitab\u0131n yazar\u0131 Vural Erg\u00fcl kumpas davalar\u0131nda su\u00e7suzluklar\u0131na inand\u0131\u011f\u0131 san\u0131klar\u0131 savunurken F etullah\u00e7\u0131 Ter\u00f6r \u00d6rg\u00fct\u00fc taraf\u0131ndan hedef al\u0131nm\u0131\u015f, &#8220;yarg\u0131lama s\u0131ras\u0131nda i\u015flenen su\u00e7lar&#8221; iddias\u0131yla mahkeme mahkeme dola\u015ft\u0131r\u0131lm\u0131\u015ft\u0131. Bu s\u00f6zde davalar devam ederken bir g\u00fcn bu iki kirli yap\u0131n\u0131n biri taraf\u0131ndan Vural Erg\u00fcl&#8217;\u00fcn &#8220;CEMAAT destek\u00e7isi olmak&#8221; gibi garip \u00f6tesi bir su\u00e7lamayla kar\u015f\u0131 kar\u015f\u0131ya gelece\u011fini kendisi dahil kimse hayal bile edemezdi. Ama bu g\u00fcn\u00fcn iddias\u0131 bu! Yerseniz.. -Bekir \u00d6zt\u00fcrk- <\/p>\n","protected":false},"excerpt":{"rendered":"<p>Dan\u0131\u015ftay Sald\u0131r\u0131s\u0131 bundan tam 10 y\u0131l \u00f6nce ger\u00e7ekle\u015fen, ancak AKP ve &#8220;CEMAAT&#8221; in tetik\u00e7ili\u011fini yapan bir k\u0131s\u0131m s\u00f6zde hukuk adam\u0131 ve kolluk taraf\u0131ndan ger\u00e7ek faillerin ve<span class=\"excerpt-hellip\"> [\u2026]<\/span><\/p>\n","protected":false},"featured_media":0,"template":"","meta":{"_monsterinsights_skip_tracking":false,"_monsterinsights_sitenote_active":false,"_monsterinsights_sitenote_note":"","_monsterinsights_sitenote_category":0},"product_brand":[],"product_cat":[12337,14543],"product_tag":[],"class_list":{"0":"post-706408","1":"product","2":"type-product","3":"status-publish","5":"product_cat-politika-siyaset","6":"product_cat-turkiye-siyaseti-ve-politikasi","7":"pa_cilt-ciltsiz","8":"pa_tur-kitap","9":"pa_yayinevi-altayli-yayinlari","10":"pa_yazar-vural-ergul","12":"first","13":"instock","14":"sale","15":"shipping-taxable","16":"purchasable","17":"product-type-simple"},"_links":{"self":[{"href":"https:\/\/roveyayinevi.com.tr\/index.php\/wp-json\/wp\/v2\/product\/706408","targetHints":{"allow":["GET"]}}],"collection":[{"href":"https:\/\/roveyayinevi.com.tr\/index.php\/wp-json\/wp\/v2\/product"}],"about":[{"href":"https:\/\/roveyayinevi.com.tr\/index.php\/wp-json\/wp\/v2\/types\/product"}],"wp:attachment":[{"href":"https:\/\/roveyayinevi.com.tr\/index.php\/wp-json\/wp\/v2\/media?parent=706408"}],"wp:term":[{"taxonomy":"product_brand","embeddable":true,"href":"https:\/\/roveyayinevi.com.tr\/index.php\/wp-json\/wp\/v2\/product_brand?post=706408"},{"taxonomy":"product_cat","embeddable":true,"href":"https:\/\/roveyayinevi.com.tr\/index.php\/wp-json\/wp\/v2\/product_cat?post=706408"},{"taxonomy":"product_tag","embeddable":true,"href":"https:\/\/roveyayinevi.com.tr\/index.php\/wp-json\/wp\/v2\/product_tag?post=706408"}],"curies":[{"name":"wp","href":"https:\/\/api.w.org\/{rel}","templated":true}]}}