{"id":706407,"date":"2025-08-27T15:55:31","date_gmt":"2025-08-27T12:55:31","guid":{"rendered":"https:\/\/roveyayinevi.com.tr\/index.php\/urun\/diyalogdan-darbeye\/"},"modified":"2026-04-16T02:14:59","modified_gmt":"2026-04-15T23:14:59","slug":"diyalogdan-darbeye","status":"publish","type":"product","link":"https:\/\/roveyayinevi.com.tr\/index.php\/urun\/diyalogdan-darbeye\/","title":{"rendered":"Diyalog\u2019dan Darbeye"},"content":{"rendered":"<p>15 Temmuz s\u00fcrecinde ya\u015fan\u0131lanlar asl\u0131nda neydi? Darbe mi?Kalk\u0131\u015fma m\u0131? \u0130syan m\u0131? Ter\u00f6r m\u00fc? Tiyatro mu? 15 Temmuz&#8217;un Hedefi Akp H\u00fck\u00fcmeti mi? Tsk&#8217; m\u0131? T\u00fcrkiye Cumhuriyeti Devleti mi? T\u00fcrk Milleti miydi? F etullah G\u00fclen&#8217;in &#8220;Ye\u015fil Ku\u015fak Projesi&#8221;nde ki rol\u00fc neydi? Ayn\u0131 projede yer alan Siyasal \u0130slamc\u0131larla nerede ayr\u0131\u015ft\u0131? Refah Partisi&#8217;nin siyaset sahnesinden kaz\u0131nmas\u0131 konusunda her t\u00fcrl\u00fc imk\u00e2nlar\u0131n\u0131 seferber eden F etullah G\u00fclen&#8217;e ayn\u0131 gelenekten gelen Tayyip Erdo\u011fan neden her istedi\u011fini verdi? Akp\/&#8221;Cemaat&#8221; ili\u015fkisi nas\u0131l ba\u015flad\u0131, hangi a\u015famalardan ge\u00e7ti, hangi noktalara ula\u015ft\u0131? G\u00fclen&#8217;in ilk dev\u015firilme s\u00fcreci &#8220;Ye\u015fil Ku\u015fak Projesi&#8221;nden sonra ikinci dev\u015firilme s\u00fcreci nas\u0131l ba\u015flad\u0131? G\u00fclen ne zamand\u0131r CIA&#8217;n\u0131n kuca\u011f\u0131nda? D\u00fcn F etullah G\u00fclen&#8217;e &#8220;Hocaefendi&#8221;, onun \u00f6rg\u00fct\u00fcne &#8220;hizmet&#8221; demeyenleri esefle k\u0131nayanlar bu g\u00fcn hangi \u00e7izgiye geldi. F et\u00f6, Devletin t\u00fcm kurumlar\u0131na kimler taraf\u0131ndan nas\u0131l yerle\u015ftirildi? Akp H\u00fck\u00fcmeti hangi bakanl\u0131klar\u0131 tamamen, hangi bakanl\u0131klar\u0131 k\u0131smen &#8220;Cemaatlere&#8221; teslim etti? T\u00fcrkiye&#8217;yi yurtd\u0131\u015f\u0131nda D\u0131\u015fi\u015fleri Bakanl\u0131\u011f\u0131 m\u0131 temsil ediyor? Yoksa F et\u00f6 m\u00fc? Tayyip Erdo\u011fan&#8217;\u0131n ABD ile muhatapl\u0131k sorununda \u00f6n\u00fcndeki engel F et\u00f6 m\u00fc? <\/p>\n","protected":false},"excerpt":{"rendered":"<p>15 Temmuz s\u00fcrecinde ya\u015fan\u0131lanlar asl\u0131nda neydi? Darbe mi?Kalk\u0131\u015fma m\u0131? \u0130syan m\u0131? Ter\u00f6r m\u00fc? Tiyatro mu? 15 Temmuz&#8217;un Hedefi Akp H\u00fck\u00fcmeti mi? Tsk&#8217; m\u0131? T\u00fcrkiye Cumhuriyeti Devleti<span class=\"excerpt-hellip\"> [\u2026]<\/span><\/p>\n","protected":false},"featured_media":0,"template":"","meta":{"_monsterinsights_skip_tracking":false,"_monsterinsights_sitenote_active":false,"_monsterinsights_sitenote_note":"","_monsterinsights_sitenote_category":0},"product_brand":[],"product_cat":[12337,14543],"product_tag":[],"class_list":{"0":"post-706407","1":"product","2":"type-product","3":"status-publish","5":"product_cat-politika-siyaset","6":"product_cat-turkiye-siyaseti-ve-politikasi","7":"pa_cilt-ciltsiz","8":"pa_tur-kitap","9":"pa_yayinevi-altayli-yayinlari","10":"pa_yazar-bekir-ozturk","12":"first","13":"instock","14":"sale","15":"shipping-taxable","16":"purchasable","17":"product-type-simple"},"_links":{"self":[{"href":"https:\/\/roveyayinevi.com.tr\/index.php\/wp-json\/wp\/v2\/product\/706407","targetHints":{"allow":["GET"]}}],"collection":[{"href":"https:\/\/roveyayinevi.com.tr\/index.php\/wp-json\/wp\/v2\/product"}],"about":[{"href":"https:\/\/roveyayinevi.com.tr\/index.php\/wp-json\/wp\/v2\/types\/product"}],"wp:attachment":[{"href":"https:\/\/roveyayinevi.com.tr\/index.php\/wp-json\/wp\/v2\/media?parent=706407"}],"wp:term":[{"taxonomy":"product_brand","embeddable":true,"href":"https:\/\/roveyayinevi.com.tr\/index.php\/wp-json\/wp\/v2\/product_brand?post=706407"},{"taxonomy":"product_cat","embeddable":true,"href":"https:\/\/roveyayinevi.com.tr\/index.php\/wp-json\/wp\/v2\/product_cat?post=706407"},{"taxonomy":"product_tag","embeddable":true,"href":"https:\/\/roveyayinevi.com.tr\/index.php\/wp-json\/wp\/v2\/product_tag?post=706407"}],"curies":[{"name":"wp","href":"https:\/\/api.w.org\/{rel}","templated":true}]}}