{"id":706406,"date":"2025-08-27T15:55:30","date_gmt":"2025-08-27T12:55:30","guid":{"rendered":"https:\/\/roveyayinevi.com.tr\/index.php\/urun\/fetullahin-coplari\/"},"modified":"2026-04-16T02:14:59","modified_gmt":"2026-04-15T23:14:59","slug":"fetullahin-coplari","status":"publish","type":"product","link":"https:\/\/roveyayinevi.com.tr\/index.php\/urun\/fetullahin-coplari\/","title":{"rendered":"Fetullah\u2019\u0131n Coplar\u0131"},"content":{"rendered":"<p>Emin \u00c7\u00f6la\u015fan \/ 17 \u015eubat 2001 &#8211; H\u00fcrriyet Gazetesi : Star Gazetesi&#8217;nden Z\u00fcbeyir K\u0131nd\u0131ra&#8217;n\u0131n kitab\u0131n\u0131n ismi &#8220;Fethullah&#8217;\u0131n Coplar\u0131&#8221; Sol g\u00f6r\u00fc\u015fl\u00fc oldu\u011fu i\u00e7in Polis Akademisi&#8217;nden at\u0131lan Z\u00fcbeyir K\u0131nd\u0131ra \u015fimdi gazetecilik yap\u0131yor. Kitab\u0131nda F ethullah tak\u0131m\u0131n\u0131n \u00f6zellikle polis, \u00f6\u011frenciler ve Emniyet&#8217;teki \u00f6rg\u00fctlenme ve \u00e7al\u0131\u015fmalar\u0131n\u0131 anlat\u0131yor, olaylar ve isimler a\u00e7\u0131kl\u0131yor. Ellerine sa\u011fl\u0131k.  Faruk Bildirici \/ 06 Mart 2001 &#8211; H\u00fcrriyet Gazetesi : Z\u00fcbeyir K\u0131nd\u0131ra, 1986 y\u0131l\u0131na kadar Polis Koleji ve Polis Akademisi&#8217;nde ge\u00e7irdi\u011fi y\u0131llarda tan\u0131k oldu\u011fu Fetullah\u00e7\u0131 \u00f6rg\u00fctlenmeyi &#8220;F etullah&#8217;\u0131n Coplar\u0131&#8221; adl\u0131 kitapta anlatt\u0131. K\u0131nd\u0131ra, 1986 y\u0131l\u0131na kadar Kolej ve Akademi&#8217;de ge\u00e7irdi\u011fi y\u0131llar ve kitab\u0131yla ilgili olarak \u015fu bilgiyi verdi:  &#8220;Ben de o evlerden birine g\u00f6t\u00fcr\u00fclenlerdendim. Hemen uzakla\u015f\u0131p, kurtuldum. Benim gibi bir\u00e7ok arkada\u015f\u0131m da bu topluluktan uzak durdu. Ama benimle birlikte o g\u00fcn o eve gidenlerin bir\u00e7o\u011fu iyi birer Fetullah\u00e7\u0131 oldular.&#8221;  H\u0131ncal Ulu\u00e7 \/ 13 Ocak 2009 &#8211; Sabah Gazetesi : Fethullah&#8217;\u0131n Coplar\u0131 diye bir kitap var. Yazar\u0131 Z\u00fcbeyir K\u0131nd\u0131ra.. Eski polis, yeni gazeteci.. Bu kitab\u0131 buldurun.. Okuyun.. Daha sonra da Emniyet Genel M\u00fcd\u00fcrl\u00fc\u011f\u00fcne sorun.. Bug\u00fcn bu \u00fclkede g\u00f6revli Emniyet M\u00fcd\u00fcr\u00fc say\u0131s\u0131 ka\u00e7t\u0131r?. Bunlar\u0131n ka\u00e7\u0131 Polis Akademisi mezunudur, ka\u00e7\u0131 Din K\u00f6kenli okullardan gelmi\u015ftir?.  \u00d6zlem Akarsu \u00c7EL\u0130K \/ 20 Eyl\u00fcl 2010 &#8211; Ak\u015fam Gazetesi : Z\u00fcbeyir K\u0131nd\u0131ra&#8217;n\u0131n kitab\u0131nda ilgin\u00e7 b\u00f6l\u00fcmler var: \u00c7i\u00e7e\u011fe Besmele \u00c7ektiren Polis Koleji \u00d6\u011frencisi, Dua Oku S\u0131n\u0131f\u0131 Ge\u00e7, I\u015f\u0131k Evleri M\u00fcdavimi Polisler, Cemaatin S\u0131nav Oyunlar\u0131&#8230; Son g\u00fcnlerin en \u00e7ok tart\u0131\u015f\u0131lan konusu, s\u0131navlarda \u00e7ekilen kopyalar&#8230;Ve daha fazlas\u0131 &#8216;Cemaatin Coplar\u0131&#8217;nda&#8230; Mutlaka okuyun!  Soner Yal\u00e7\u0131n \/ 27 May\u0131s 2015 &#8211; S\u00f6zc\u00fc Gazetesi : &#8220;Z\u00fcbeyir K\u0131nd\u0131ra ad\u0131n\u0131 hat\u0131rlad\u0131n\u0131z m\u0131? Ankara Polis Koleji&#8217;nden mezun oldu. Polis Akademisi&#8217;nden at\u0131ld\u0131. Gazeteci oldu ve &#8220;Fethullah&#8217;\u0131n Coplar\u0131&#8221; adl\u0131 kitab\u0131n\u0131 yazarak, ilk kez Emniyet i\u00e7indeki Cemaat \u00f6rg\u00fctlenmesini g\u00fcndeme getirdi. Hayat\u0131 karart\u0131ld\u0131; otomobili kundakland\u0131; T\u00fcrkiye, Star, Ak\u015fam, Sabah gibi gazetelerden kovuldu; hi\u00e7bir yay\u0131n organ\u0131nda i\u015f bulamad\u0131; bir Ege kasabas\u0131na \u00e7ekilmek zorunda kald\u0131. Fakat\u2026 15 y\u0131l sonra T\u00fcrkiye, Emniyet i\u00e7indeki Cemaat yap\u0131lanmas\u0131n\u0131n boyutunu g\u00f6r\u00fcnce \u015foke oldu.&#8221;  Bu kitab\u0131 okurken dikkatli olun&#8230; \u00c7\u00fcnk\u00fc coplar sizi izliyor.. Dinliyor.. <\/p>\n","protected":false},"excerpt":{"rendered":"<p>Emin \u00c7\u00f6la\u015fan \/ 17 \u015eubat 2001 &#8211; H\u00fcrriyet Gazetesi : Star Gazetesi&#8217;nden Z\u00fcbeyir K\u0131nd\u0131ra&#8217;n\u0131n kitab\u0131n\u0131n ismi &#8220;Fethullah&#8217;\u0131n Coplar\u0131&#8221; Sol g\u00f6r\u00fc\u015fl\u00fc oldu\u011fu i\u00e7in Polis Akademisi&#8217;nden at\u0131lan Z\u00fcbeyir<span class=\"excerpt-hellip\"> [\u2026]<\/span><\/p>\n","protected":false},"featured_media":0,"template":"","meta":{"_monsterinsights_skip_tracking":false,"_monsterinsights_sitenote_active":false,"_monsterinsights_sitenote_note":"","_monsterinsights_sitenote_category":0},"product_brand":[],"product_cat":[12337,14543],"product_tag":[],"class_list":{"0":"post-706406","1":"product","2":"type-product","3":"status-publish","5":"product_cat-politika-siyaset","6":"product_cat-turkiye-siyaseti-ve-politikasi","7":"pa_cilt-ciltsiz","8":"pa_tur-kitap","9":"pa_yayinevi-altayli-yayinlari","10":"pa_yazar-zubeyir-kindira","12":"first","13":"instock","14":"sale","15":"shipping-taxable","16":"purchasable","17":"product-type-simple"},"_links":{"self":[{"href":"https:\/\/roveyayinevi.com.tr\/index.php\/wp-json\/wp\/v2\/product\/706406","targetHints":{"allow":["GET"]}}],"collection":[{"href":"https:\/\/roveyayinevi.com.tr\/index.php\/wp-json\/wp\/v2\/product"}],"about":[{"href":"https:\/\/roveyayinevi.com.tr\/index.php\/wp-json\/wp\/v2\/types\/product"}],"wp:attachment":[{"href":"https:\/\/roveyayinevi.com.tr\/index.php\/wp-json\/wp\/v2\/media?parent=706406"}],"wp:term":[{"taxonomy":"product_brand","embeddable":true,"href":"https:\/\/roveyayinevi.com.tr\/index.php\/wp-json\/wp\/v2\/product_brand?post=706406"},{"taxonomy":"product_cat","embeddable":true,"href":"https:\/\/roveyayinevi.com.tr\/index.php\/wp-json\/wp\/v2\/product_cat?post=706406"},{"taxonomy":"product_tag","embeddable":true,"href":"https:\/\/roveyayinevi.com.tr\/index.php\/wp-json\/wp\/v2\/product_tag?post=706406"}],"curies":[{"name":"wp","href":"https:\/\/api.w.org\/{rel}","templated":true}]}}