{"id":706405,"date":"2025-08-27T15:55:30","date_gmt":"2025-08-27T12:55:30","guid":{"rendered":"https:\/\/roveyayinevi.com.tr\/index.php\/urun\/kurt-kapani\/"},"modified":"2026-04-16T02:14:59","modified_gmt":"2026-04-15T23:14:59","slug":"kurt-kapani","status":"publish","type":"product","link":"https:\/\/roveyayinevi.com.tr\/index.php\/urun\/kurt-kapani\/","title":{"rendered":"K\u00fcrt Kapan\u0131"},"content":{"rendered":"<p>K\u00fcresel akt\u00f6rler, 21&#8217;inci Y\u00fczy\u0131lda T\u00fcrkiye ve t\u00fcm Ortado\u011fu&#8217;yu, K\u00fcrt ve I \u015e\u0130D kart\u0131 ile gayri nizami harbin t\u00fcm arg\u00fcmanlar\u0131n\u0131 kullanarak ter\u00f6rizm ile \u015fekillendirmeye \u00e7al\u0131\u015fmaktad\u0131rlar. Suriye&#8217;de PYD&#8217;nin kantonlar\u0131 birle\u015ftirme \u00e7abas\u0131,  P KK&#8217;n\u0131n T\u00fcrkiye&#8217;de giri\u015fti\u011fi \u015fehir ter\u00f6rizmi, I\u015e\u0130D&#8217;in ba\u015fta b\u00f6lgemiz ve t\u00fcm d\u00fcnyada giri\u015fti\u011fi vah\u015fet bu akt\u00f6rlerin eseridir!. Sava\u015f \u00e7\u0131kabilir mi? Evet Suriye&#8217;ye girebilir miyiz? Evet Ya Kuzey Irak? T\u00fcrkiye&#8217;nin b\u00f6lgeyi de\u011fi\u015ftirecek ad\u0131mlar\u0131 atmas\u0131 P KK\/YPG\/PYD&#8217;nin bulundu\u011fu ter\u00f6r batakl\u0131\u011f\u0131n\u0131 yerinde yok etmesi beka sorunu ile do\u011frudan orant\u0131l\u0131d\u0131r. &#8220;Co\u011frafya kaderdir.&#8221; Bulundu\u011fumuz b\u00f6lge ve ortaya \u00e7\u0131kan geli\u015fmeler T\u00fcrkiye&#8217;ye b\u00f6lgesel ve stratejik g\u00fc\u00e7 olmay\u0131 dayatmaktad\u0131r. <\/p>\n","protected":false},"excerpt":{"rendered":"<p>K\u00fcresel akt\u00f6rler, 21&#8217;inci Y\u00fczy\u0131lda T\u00fcrkiye ve t\u00fcm Ortado\u011fu&#8217;yu, K\u00fcrt ve I \u015e\u0130D kart\u0131 ile gayri nizami harbin t\u00fcm arg\u00fcmanlar\u0131n\u0131 kullanarak ter\u00f6rizm ile \u015fekillendirmeye \u00e7al\u0131\u015fmaktad\u0131rlar. Suriye&#8217;de PYD&#8217;nin<span class=\"excerpt-hellip\"> [\u2026]<\/span><\/p>\n","protected":false},"featured_media":0,"template":"","meta":{"_monsterinsights_skip_tracking":false,"_monsterinsights_sitenote_active":false,"_monsterinsights_sitenote_note":"","_monsterinsights_sitenote_category":0},"product_brand":[],"product_cat":[12337],"product_tag":[],"class_list":{"0":"post-706405","1":"product","2":"type-product","3":"status-publish","5":"product_cat-politika-siyaset","6":"pa_cilt-ciltsiz","7":"pa_tur-kitap","8":"pa_yayinevi-altayli-yayinlari","9":"pa_yazar-eylem-okumus","11":"first","12":"instock","13":"sale","14":"shipping-taxable","15":"purchasable","16":"product-type-simple"},"_links":{"self":[{"href":"https:\/\/roveyayinevi.com.tr\/index.php\/wp-json\/wp\/v2\/product\/706405","targetHints":{"allow":["GET"]}}],"collection":[{"href":"https:\/\/roveyayinevi.com.tr\/index.php\/wp-json\/wp\/v2\/product"}],"about":[{"href":"https:\/\/roveyayinevi.com.tr\/index.php\/wp-json\/wp\/v2\/types\/product"}],"wp:attachment":[{"href":"https:\/\/roveyayinevi.com.tr\/index.php\/wp-json\/wp\/v2\/media?parent=706405"}],"wp:term":[{"taxonomy":"product_brand","embeddable":true,"href":"https:\/\/roveyayinevi.com.tr\/index.php\/wp-json\/wp\/v2\/product_brand?post=706405"},{"taxonomy":"product_cat","embeddable":true,"href":"https:\/\/roveyayinevi.com.tr\/index.php\/wp-json\/wp\/v2\/product_cat?post=706405"},{"taxonomy":"product_tag","embeddable":true,"href":"https:\/\/roveyayinevi.com.tr\/index.php\/wp-json\/wp\/v2\/product_tag?post=706405"}],"curies":[{"name":"wp","href":"https:\/\/api.w.org\/{rel}","templated":true}]}}